{"id":266911,"date":"2026-01-14T00:30:41","date_gmt":"2026-01-13T21:30:41","guid":{"rendered":"https:\/\/baldumarket.lt\/product\/szafa-z-drzwiami-przesuwnymi-flex-200-cm-bialy\/"},"modified":"2026-02-11T18:18:16","modified_gmt":"2026-02-11T15:18:16","slug":"szafa-z-drzwiami-przesuwnymi-flex-200-cm-bialy","status":"publish","type":"product","link":"https:\/\/baldumarket.lt\/lt\/product\/szafa-z-drzwiami-przesuwnymi-flex-200-cm-bialy\/","title":{"rendered":"FLEX spinta su stumdomomis durimis, 200 cm, balta"},"content":{"rendered":"<p>\u201eFlex\u201c spinta \u2013 tobulas atitikimas j\u016bs\u0173 poreikiams. Suplanuoti funkcionali\u0105 daikt\u0173 laikymo erdv\u0119 dar niekada nebuvo taip paprasta! \u201eFlex\u201c spinta su stumdomomis fasadais \u2013 tai sprendimas, kuris ne tik padeda tvarkingai laikyti daiktus, bet ir skland\u017eiai dera prie \u012fvairi\u0173 interjero dizain\u0173. \u0160i 200 x 66 x 218 cm spinta pasi\u017eymi: \u2013 3 vir\u0161utin\u0117mis lentynomis su skyriais,<br \/>\n\u2013 3 pakabinimo b\u0117geliai,<br \/>\n\u2013 2 stumdomi fasadai. Stumdom\u0173 fasad\u0173 naudojimas garantuoja vietos taupym\u0105, o tai labai svarbu, ypa\u010d ribotos erdv\u0117s kambariuose. Tylus fasad\u0173 veikimas leid\u017eia patogiai ir patogiai naudotis spinta. \u201eFlex\u201c spinta sukurta optimaliam erdv\u0117s panaudojimui. Trys vir\u0161utin\u0117s lentynos leid\u017eia padalinti erdv\u0119 \u012f funkcinius skyrius, tod\u0117l lengviau r\u016b\u0161iuoti ir organizuoti laikomus daiktus. Baltas korpusas ir frezuoti matin\u0117s baltos spalvos fasadai sukuria stiling\u0105 ir modern\u0173 vaizd\u0105. Pilkas drob\u0117s vidus suteikia spintai subtilumo. Papildomai pasirenkami stumdom\u0173 dur\u0173 stabd\u017eiai dar labiau padidina funkcionalum\u0105, tod\u0117l spintos naudojimas tampa dar intuityvesnis. \u201eFlex\u201c spintos yra ne tik prakti\u0161kas sprendimas, bet ir dizaino elementas, kur\u012f galima pritaikyti pagal j\u016bs\u0173 poreikius. Pasirinkite paruo\u0161t\u0105 sprendim\u0105 arba naudokite konfig\u016bratori\u0173, kad pritaikytum\u0117te spint\u0105 savo erdvei.<\/p>\n<p>Prek\u0117s kodas F57-SZAFA_ZESTAW_25-BI\/BI Simbolis ZM EAN Plotis 200,7 cm Gylis 66 cm Auk\u0161tis 218 cm Kolekcija \u201eFlex\u201c Spalva balta\/balta Atspalvis baltas Stilius modernus Med\u017eiaga laminatas Dur\u0173 skai\u010dius 2 dur\u0173 Rankena be ranken\u0117li\u0173 Ap\u0161vietimas pasirenkamas Gamintojas Juoda Raudona Balta Baldo tipas Spintos PVM Mokestis 23% EAN 5906123848053<\/p>","protected":false},"excerpt":{"rendered":"<p>\u201eFlex\u201c spinta \u2013 tobulas atitikimas j\u016bs\u0173 poreikiams. Suplanuoti funkcionali\u0105 daikt\u0173 laikymo erdv\u0119 dar niekada nebuvo taip paprasta! \u201eFlex\u201c spinta su stumdomomis fasadais \u2013 tai sprendimas, kuris ne tik padeda tvarkingai laikyti daiktus, bet ir skland\u017eiai dera prie \u012fvairi\u0173 interjero dizain\u0173. \u0160i 200 x 66 x 218 cm spinta pasi\u017eymi: \u2013 3 [\u2026]<\/p>","protected":false},"featured_media":266912,"comment_status":"open","ping_status":"open","template":"","meta":[],"product_brand":[],"product_cat":[9200,1177],"product_tag":[],"class_list":{"0":"post-266911","1":"product","2":"type-product","3":"status-publish","4":"has-post-thumbnail","6":"product_cat-black-red-white","7":"product_cat-wardrobes","9":"first","10":"instock","11":"purchasable","12":"product-type-simple"},"_links":{"self":[{"href":"https:\/\/baldumarket.lt\/lt\/wp-json\/wp\/v2\/product\/266911","targetHints":{"allow":["GET"]}}],"collection":[{"href":"https:\/\/baldumarket.lt\/lt\/wp-json\/wp\/v2\/product"}],"about":[{"href":"https:\/\/baldumarket.lt\/lt\/wp-json\/wp\/v2\/types\/product"}],"replies":[{"embeddable":true,"href":"https:\/\/baldumarket.lt\/lt\/wp-json\/wp\/v2\/comments?post=266911"}],"wp:featuredmedia":[{"embeddable":true,"href":"https:\/\/baldumarket.lt\/lt\/wp-json\/wp\/v2\/media\/266912"}],"wp:attachment":[{"href":"https:\/\/baldumarket.lt\/lt\/wp-json\/wp\/v2\/media?parent=266911"}],"wp:term":[{"taxonomy":"product_brand","embeddable":true,"href":"https:\/\/baldumarket.lt\/lt\/wp-json\/wp\/v2\/product_brand?post=266911"},{"taxonomy":"product_cat","embeddable":true,"href":"https:\/\/baldumarket.lt\/lt\/wp-json\/wp\/v2\/product_cat?post=266911"},{"taxonomy":"product_tag","embeddable":true,"href":"https:\/\/baldumarket.lt\/lt\/wp-json\/wp\/v2\/product_tag?post=266911"}],"curies":[{"name":"wp","href":"https:\/\/api.w.org\/{rel}","templated":true}]}}