{"id":266903,"date":"2026-01-14T00:30:34","date_gmt":"2026-01-13T21:30:34","guid":{"rendered":"https:\/\/baldumarket.lt\/product\/szafa-z-drzwiami-przesuwnymi-flex-180-cm-bialy\/"},"modified":"2026-02-11T18:18:16","modified_gmt":"2026-02-11T15:18:16","slug":"szafa-z-drzwiami-przesuwnymi-flex-180-cm-bialy","status":"publish","type":"product","link":"https:\/\/baldumarket.lt\/lt\/product\/szafa-z-drzwiami-przesuwnymi-flex-180-cm-bialy\/","title":{"rendered":"FLEX spinta su stumdomomis durimis, 180 cm, balta"},"content":{"rendered":"<p>\u201eFlex\u201c spinta \u2013 modernus po\u017ei\u016bris \u012f erdv\u0117s harmonij\u0105. Jei ie\u0161kote erdvios ir stilingos spintos, kurioje tilpt\u0173 visi j\u016bs\u0173 reikalingi daiktai, \u201eFlex\u201c spinta yra puikus pasirinkimas. Minimalistinis baltas dizainas puikiai tinka moderniam ir skandinavi\u0161kam interjerui. Subtil\u016bs grioveliai ant stumdom\u0173 dur\u0173 suteikia elegancijos. \u201eFlex\u201c spinta yra ne tik prakti\u0161ka vieta drabu\u017eiams laikyti, bet ir harmoningas interjero dizaino elementas. Ji puikiai tinka miegamajam, suteikia lengvumo ir tvarkos. J\u0105 galite naudoti dviej\u0173 \u017emoni\u0173 drabu\u017eiams laikyti, nes joje yra keturi stal\u010diai, penkios lentynos ir du pakabos b\u0117geliai. Stal\u010diai su rutuliniais guoliais, kurie leid\u017eia visi\u0161kai i\u0161traukti, ir \u0161velnaus u\u017edarymo funkcija u\u017etikrina didel\u012f naudojimo komfort\u0105. Pilkas lininis spintos vidus suteikia elegancijos. Tvirta konstrukcija, \u012fskaitant 18 mm ir 22 mm storio vir\u0161utinius ir priekinius pavir\u0161ius, pagamintus i\u0161 patvarios med\u017eio dro\u017eli\u0173 plok\u0161t\u0117s, padengtos apdailos folija, garantuoja ne tik estetin\u012f patrauklum\u0105, bet ir ilgaam\u017ei\u0161kum\u0105. \u201eFlex\u201c spinta yra sprendimas tiems, kurie vertina ir funkcionalum\u0105, ir dizain\u0105. Pasirinkite jau paruo\u0161t\u0105 sprendim\u0105 arba naudokite konfig\u016bratori\u0173, kad pritaikytum\u0117te garderob\u0105 pagal savo individualius poreikius.<\/p>\n<p>Prek\u0117s kodas F57-SZAFA_ZESTAW_2-BI\/BI Simbolis ZM EAN Plotis 180,7 cm Gylis 45 cm Auk\u0161tis 218 cm Kolekcija \u201eFlex\u201c Spalva balta\/balta Atspalvis baltas Stilius modernus Med\u017eiaga laminatas Dureli\u0173 skai\u010dius 2 dur\u0173 Stal\u010di\u0173 skai\u010dius 4 stal\u010diai Rankena be ranken\u0117li\u0173 Ap\u0161vietimas pasirenkamas Gamintojas Juoda Raudona Balta Baldo tipas Spintos PVM 23% EAN 5906123848107<\/p>","protected":false},"excerpt":{"rendered":"<p>\u201eFlex\u201c spinta \u2013 modernus po\u017ei\u016bris \u012f erdv\u0117s harmonij\u0105. Jei ie\u0161kote erdvios ir stilingos spintos, kurioje tilpt\u0173 visi j\u016bs\u0173 reikalingi daiktai, \u201eFlex\u201c spinta yra puikus pasirinkimas. Minimalistinis baltas dizainas puikiai tinka moderniam ir skandinavi\u0161kam interjerui. Subtil\u016bs grioveliai ant stumdom\u0173 dur\u0173 suteikia [\u2026]<\/p>","protected":false},"featured_media":266904,"comment_status":"open","ping_status":"open","template":"","meta":[],"product_brand":[],"product_cat":[9200,1177],"product_tag":[],"class_list":{"0":"post-266903","1":"product","2":"type-product","3":"status-publish","4":"has-post-thumbnail","6":"product_cat-black-red-white","7":"product_cat-wardrobes","9":"first","10":"instock","11":"purchasable","12":"product-type-simple"},"_links":{"self":[{"href":"https:\/\/baldumarket.lt\/lt\/wp-json\/wp\/v2\/product\/266903","targetHints":{"allow":["GET"]}}],"collection":[{"href":"https:\/\/baldumarket.lt\/lt\/wp-json\/wp\/v2\/product"}],"about":[{"href":"https:\/\/baldumarket.lt\/lt\/wp-json\/wp\/v2\/types\/product"}],"replies":[{"embeddable":true,"href":"https:\/\/baldumarket.lt\/lt\/wp-json\/wp\/v2\/comments?post=266903"}],"wp:featuredmedia":[{"embeddable":true,"href":"https:\/\/baldumarket.lt\/lt\/wp-json\/wp\/v2\/media\/266904"}],"wp:attachment":[{"href":"https:\/\/baldumarket.lt\/lt\/wp-json\/wp\/v2\/media?parent=266903"}],"wp:term":[{"taxonomy":"product_brand","embeddable":true,"href":"https:\/\/baldumarket.lt\/lt\/wp-json\/wp\/v2\/product_brand?post=266903"},{"taxonomy":"product_cat","embeddable":true,"href":"https:\/\/baldumarket.lt\/lt\/wp-json\/wp\/v2\/product_cat?post=266903"},{"taxonomy":"product_tag","embeddable":true,"href":"https:\/\/baldumarket.lt\/lt\/wp-json\/wp\/v2\/product_tag?post=266903"}],"curies":[{"name":"wp","href":"https:\/\/api.w.org\/{rel}","templated":true}]}}