{"id":266885,"date":"2026-01-14T00:30:13","date_gmt":"2026-01-13T21:30:13","guid":{"rendered":"https:\/\/baldumarket.lt\/product\/szafa-z-drzwiami-przesuwnymi-flex-150-cm-bialy\/"},"modified":"2026-02-11T18:18:17","modified_gmt":"2026-02-11T15:18:17","slug":"szafa-z-drzwiami-przesuwnymi-flex-150-cm-bialy","status":"publish","type":"product","link":"https:\/\/baldumarket.lt\/lt\/product\/szafa-z-drzwiami-przesuwnymi-flex-150-cm-bialy\/","title":{"rendered":"FLEX spinta su stumdomomis durimis, 150 cm, balta"},"content":{"rendered":"<p>\u201eFlex\u201c spinta \u2013 stilinga tvarka. Ar kasdien\u0117s garderobo paie\u0161kos taps malonumu? Tai \u012fmanoma su \u201eFlex\u201c spinta \u2013 moderniu sprendimu, kuris leis jums kasdien m\u0117gautis tobula tvarka. \u0160i stumdom\u0173 dur\u0173 spinta \u2013 sprendimas tiems, kurie ie\u0161ko tvirtos apdailos ir unikalaus dizaino. Bald\u0173 spalvos ir madingi grioveliai fasaduose puikiai papildys \u0161viesaus miegamojo interjer\u0105, sukurdami atpalaiduojan\u010di\u0105 atmosfer\u0105. Pa\u017ei\u016br\u0117kime, kas yra \u0161ios 150 x 45 x 240 cm spintos viduje: \u2013 4 vir\u0161utin\u0117s lentynos, padalijan\u010dios erdv\u0119 \u012f erdvius skyrius,<br \/>\n\u2013 4 prakti\u0161ki stal\u010diai su tvirtais fasadais, puikiai tinkantys apatiniams drabu\u017eiams ir aksesuarams,<br \/>\n\u2013 2 pakabinimo b\u0117geliai,<br \/>\n\u2013 2 stumdomi fasadai. Stal\u010diai turi rutulinius guolius turin\u010dias b\u0117geles, kurios leid\u017eia juos visi\u0161kai i\u0161traukti, o \u0161velnaus u\u017edarymo funkcija padidina komfort\u0105. Stal\u010diai idealiai tinka apatiniams drabu\u017eiams ir aksesuarams, tokiems kaip kepur\u0117s, \u0161alikai, skaros ir dir\u017eai, laikyti. Vir\u0161utin\u0117s lentynos, kuri\u0173 plotis \u012fvairus, gali b\u016bti naudojamos retai naudojam\u0173 drabu\u017ei\u0173 krep\u0161eliams arba sezoniniams aksesuarams laikyti. Statmenai sumontuoti drabu\u017ei\u0173 skersiniai palengvina prieig\u0105 prie pakabinam\u0173 daikt\u0173. D\u0117l prakti\u0161k\u0173 spintos matmen\u0173 ji taip pat idealiai tinka prie\u0161kambariui, kur idealus jos 45 cm gylis. Baltas korpusas puikiai dera su matin\u0117s baltos spalvos fasadais ir sidabrin\u0117mis rankenomis. Spintos vidus apdailintas pilka drobe. Standartin\u0117s rutulinius guolius turin\u010dios stal\u010di\u0173 b\u0117gel\u0117s u\u017etikrina piln\u0105 i\u0161traukim\u0105, tod\u0117l naudojimosi patogumas yra didesnis. Papildomi stumdom\u0173 dur\u0173 stabd\u017eiai palengvina atidarym\u0105 ir u\u017edarym\u0105. \u201eFlex\u201c spinta \u2013 organizavimas stiliumi, kuriuo visada m\u0117gausit\u0117s.<\/p>\n<p>Prek\u0117s kodas F57-SZAFA_ZESTAW_19-BI\/BI Simbolis ZM EAN Plotis 150,7 cm Gylis 45 cm Auk\u0161tis 240 cm Kolekcija \u201eFlex\u201c Spalva balta\/balta Atspalvis baltas Stilius modernus Med\u017eiaga laminatas Dureli\u0173 skai\u010dius 2 dur\u0173 Stal\u010di\u0173 skai\u010dius 4 stal\u010diai Rankena be ranken\u0117li\u0173 Ap\u0161vietimas pasirenkamas Gamintojas Juoda Raudona Balta Baldo tipas Spintos PVM 23% EAN 5906123847964<\/p>","protected":false},"excerpt":{"rendered":"<p>\u201eFlex\u201c spinta \u2013 tvarka stilingai. Ar kasdien\u0117s garderobo paie\u0161kos taps malonumu? Tai \u012fmanoma d\u0117ka \u201eFlex\u201c spintos \u2013 modernaus sprendimo, kuris leis jums kasdien m\u0117gautis tobula tvarka. \u0160i stumdom\u0173 dur\u0173 spinta \u2013 sprendimas tiems, kurie ie\u0161ko tvirtos apdailos ir unikalaus dizaino. Bald\u0173 spalvos ir madingi grioveliai [\u2026]<\/p>","protected":false},"featured_media":266886,"comment_status":"open","ping_status":"open","template":"","meta":[],"product_brand":[],"product_cat":[9200,1177],"product_tag":[],"class_list":{"0":"post-266885","1":"product","2":"type-product","3":"status-publish","4":"has-post-thumbnail","6":"product_cat-black-red-white","7":"product_cat-wardrobes","9":"first","10":"instock","11":"purchasable","12":"product-type-simple"},"_links":{"self":[{"href":"https:\/\/baldumarket.lt\/lt\/wp-json\/wp\/v2\/product\/266885","targetHints":{"allow":["GET"]}}],"collection":[{"href":"https:\/\/baldumarket.lt\/lt\/wp-json\/wp\/v2\/product"}],"about":[{"href":"https:\/\/baldumarket.lt\/lt\/wp-json\/wp\/v2\/types\/product"}],"replies":[{"embeddable":true,"href":"https:\/\/baldumarket.lt\/lt\/wp-json\/wp\/v2\/comments?post=266885"}],"wp:featuredmedia":[{"embeddable":true,"href":"https:\/\/baldumarket.lt\/lt\/wp-json\/wp\/v2\/media\/266886"}],"wp:attachment":[{"href":"https:\/\/baldumarket.lt\/lt\/wp-json\/wp\/v2\/media?parent=266885"}],"wp:term":[{"taxonomy":"product_brand","embeddable":true,"href":"https:\/\/baldumarket.lt\/lt\/wp-json\/wp\/v2\/product_brand?post=266885"},{"taxonomy":"product_cat","embeddable":true,"href":"https:\/\/baldumarket.lt\/lt\/wp-json\/wp\/v2\/product_cat?post=266885"},{"taxonomy":"product_tag","embeddable":true,"href":"https:\/\/baldumarket.lt\/lt\/wp-json\/wp\/v2\/product_tag?post=266885"}],"curies":[{"name":"wp","href":"https:\/\/api.w.org\/{rel}","templated":true}]}}