{"id":266874,"date":"2026-01-14T00:30:03","date_gmt":"2026-01-13T21:30:03","guid":{"rendered":"https:\/\/baldumarket.lt\/product\/szafa-z-drzwiami-i-lustrem-frija-203-cm\/"},"modified":"2026-02-11T18:18:17","modified_gmt":"2026-02-11T15:18:17","slug":"szafa-z-drzwiami-i-lustrem-frija-203-cm","status":"publish","type":"product","link":"https:\/\/baldumarket.lt\/lt\/product\/szafa-z-drzwiami-i-lustrem-frija-203-cm\/","title":{"rendered":"Spinta su durel\u0117mis ir veidrod\u017eiu FRIJA 203 cm"},"content":{"rendered":"<p>Frija spinta su veidrod\u017eiu: Frija spinta garantuoja harmoning\u0105 ir puikiai sutvarkyt\u0105 miegam\u0105j\u012f, atspindint\u012f populiar\u0173j\u012f skandinavi\u0161k\u0105 stili\u0173, kuriam b\u016bdingos nat\u016bralios spalvos ir paprastos, subtilios formos. Jei svajojate \u012frengti savo miegam\u0105j\u012f tokiu estetiniu stiliumi, turime jums unikal\u0173 pasi\u016blym\u0105. 203 x 220 x 58 cm dyd\u017eio Frija spinta ne tik suteikia j\u016bs\u0173 miegamajam unikalaus stiliaus, bet ir suteikia daug vietos daiktams susid\u0117ti. J\u0105 galite lengvai pastatyti ne tik miegamajame, bet ir prie\u0161kambaryje ar persirengimo kambaryje. Keturi\u0173 dur\u0173 spinta, pagaminta i\u0161 gra\u017eaus \u201eArtisan Oak\u201c ir \u201eAndersen Pine\u201c apdailos, teigiamai veikia interjer\u0105 ir leid\u017eia sumaniai sutvarkyti drabu\u017eius bei kitus daiktus, kurie negadina kambario estetikos. Frija spintos durys i\u0161siskiria skandinavi\u0161ko dizaino stiklo juostel\u0117mis i\u0161orin\u0117se dalyse, o veidrod\u017eiai yra centrin\u0117se priekin\u0117se dalyse. Jie leid\u017eia kontroliuoti savo i\u0161vaizd\u0105 prie\u0161 i\u0161einant \u012f darb\u0105 ar susitikim\u0105 su draugais. Patogios juodos metalin\u0117s rankenos ir prakti\u0161ki \u0161velnaus u\u017edarymo vyriai u\u017ebaigia vaizd\u0105. Du b\u0117geliai spintos viduje padeda tvarkingai laikyti \u0161varkus, mar\u0161kinius, kostium\u0117lius ir sukneles, tod\u0117l nereikia da\u017enai lyginti ir taupomas laikas. Spintos viduryje esan\u010dios lentynos puikiai tinka kitiems daiktams, pavyzd\u017eiui, megztiniams, apatiniams drabu\u017eiams, d\u017einsams ir kojin\u0117ms, laikyti. Apatin\u0117s lentynos idealiai tinka batams, krep\u0161iams ir kuprin\u0117ms. Vir\u0161utin\u0117se lentynose galima laikyti re\u010diau naudojamus daiktus, tokius kaip sezoniniai drabu\u017eiai, antklod\u0117s, patalyn\u0117 ir net vaik\u0173 \u017eaislai bei stalo \u017eaidimai. Jei reikia dar daugiau vietos, spint\u0105 galite papildyti papildomomis lentynomis, kurias galima \u012fsigyti kaip papildom\u0105 \u012frang\u0105. \u201eFrija\u201c spinta yra optimalus sprendimas tiems, kurie vertina mading\u0105 estetik\u0105 ir funkcionalum\u0105 savo aplinkoje. Kartu su kitais \u0161ios serijos elementais ji leis jums susikurti svajoni\u0173 miegamojo interjer\u0105.<\/p>\n<p>Prek\u0117s kodas S611-SZF2D2M-APW\/DASN Simbolis ZM EAN Plotis 203 cm Gylis 58 cm Auk\u0161tis 220 cm Kolekcija Frija Spalva andersen pu\u0161is balta\/artisan \u0105\u017euolas Atspalvis \u0161viesus medis Stilius Skandinavi\u0161kas Med\u017eiaga laminatas Dur\u0173 skai\u010dius 4 dur\u0173 Stal\u010di\u0173 skai\u010dius be stal\u010di\u0173 Rankena su rankenomis Gamintojas Juoda Raudona Balta Baldo tipas Spintos PVM mokestis 23% EAN 5906123814515<\/p>","protected":false},"excerpt":{"rendered":"<p>\u201eFrija\u201c spinta su veidrod\u017eiu: \u201eFrija\u201c spinta garantuoja harmoning\u0105 ir puikiai sutvarkyt\u0105 miegam\u0105j\u012f, atspindint\u012f populiar\u0173j\u012f skandinavi\u0161k\u0105 stili\u0173, kuriam b\u016bdingos nat\u016bralios spalvos ir paprastos, subtilios formos. Jei svajojate \u012frengti savo miegam\u0105j\u012f pagal \u0161i\u0105 estetik\u0105, turime jums unikal\u0173 pasi\u016blym\u0105. \u201eFrija\u201c spinta, kurios matmenys yra 203 x 220 x 58 cm, ne [\u2026]<\/p>","protected":false},"featured_media":266875,"comment_status":"open","ping_status":"open","template":"","meta":[],"product_brand":[],"product_cat":[9200,1177],"product_tag":[],"class_list":{"0":"post-266874","1":"product","2":"type-product","3":"status-publish","4":"has-post-thumbnail","6":"product_cat-black-red-white","7":"product_cat-wardrobes","9":"first","10":"instock","11":"purchasable","12":"product-type-simple"},"_links":{"self":[{"href":"https:\/\/baldumarket.lt\/lt\/wp-json\/wp\/v2\/product\/266874","targetHints":{"allow":["GET"]}}],"collection":[{"href":"https:\/\/baldumarket.lt\/lt\/wp-json\/wp\/v2\/product"}],"about":[{"href":"https:\/\/baldumarket.lt\/lt\/wp-json\/wp\/v2\/types\/product"}],"replies":[{"embeddable":true,"href":"https:\/\/baldumarket.lt\/lt\/wp-json\/wp\/v2\/comments?post=266874"}],"wp:featuredmedia":[{"embeddable":true,"href":"https:\/\/baldumarket.lt\/lt\/wp-json\/wp\/v2\/media\/266875"}],"wp:attachment":[{"href":"https:\/\/baldumarket.lt\/lt\/wp-json\/wp\/v2\/media?parent=266874"}],"wp:term":[{"taxonomy":"product_brand","embeddable":true,"href":"https:\/\/baldumarket.lt\/lt\/wp-json\/wp\/v2\/product_brand?post=266874"},{"taxonomy":"product_cat","embeddable":true,"href":"https:\/\/baldumarket.lt\/lt\/wp-json\/wp\/v2\/product_cat?post=266874"},{"taxonomy":"product_tag","embeddable":true,"href":"https:\/\/baldumarket.lt\/lt\/wp-json\/wp\/v2\/product_tag?post=266874"}],"curies":[{"name":"wp","href":"https:\/\/api.w.org\/{rel}","templated":true}]}}