{"id":266858,"date":"2026-01-14T00:29:49","date_gmt":"2026-01-13T21:29:49","guid":{"rendered":"https:\/\/baldumarket.lt\/product\/szafa-trzydrzwiowa-z-trzema-szufladami-ruso-1785-cm-dab-april-czary-mat\/"},"modified":"2026-02-11T18:18:17","modified_gmt":"2026-02-11T15:18:17","slug":"szafa-trzydrzwiowa-z-trzema-szufladami-ruso-1785-cm-dab-april-czary-mat","status":"publish","type":"product","link":"https:\/\/baldumarket.lt\/lt\/product\/szafa-trzydrzwiowa-z-trzema-szufladami-ruso-1785-cm-dab-april-czary-mat\/","title":{"rendered":"Trij\u0173 dur\u0173 spinta su trimis stal\u010diais RUSO 178,5 cm, baland\u017eio \u0105\u017euolo spalvos\/matin\u0117s juodos spalvos"},"content":{"rendered":"<p>\u201eRuso\u201c spinta \u2013 j\u016bs\u0173 pasirinkimas! \u201eRuso\u201c kolekcija \u2013 puikus sprendimas tiems, kurie vertina tvark\u0105 ir funkcionalum\u0105 savo miegamajame. \u0160tai kod\u0117l tur\u0117tum\u0117te apsvarstyti \u201eRuso\u201c spint\u0105: trij\u0173 dur\u0173 \u201eRuso\u201c spinta si\u016blo daug vietos drabu\u017eiams ir aksesuarams laikyti. Joje yra keturios prakti\u0161kos lentynos, pasl\u0117ptos u\u017e tvirto fasado, pakaba ir trys kompakti\u0161ki stal\u010diai apatin\u0117je dalyje. \u0160ioje spintoje tilps visi j\u016bs\u0173 daiktai \u2013 nuo megztini\u0173 iki apatini\u0173 drabu\u017ei\u0173. \u201eRuso\u201c spinta pasi\u017eymi kontrastingomis spalvomis \u2013 baland\u017eio \u0105\u017euolo r\u0117mas dera su matin\u0117s juodos spalvos fasadu, sukurdamas eleganti\u0161k\u0105 ir modern\u0173 vaizd\u0105. Baldas traukia d\u0117mes\u012f savo detal\u0117mis \u2013 cokoliais ir \u012fdubomis fasaduose, kurios taip pat atlieka ranken\u0173 funkcij\u0105. \u0160ie elementai suteikia spintai charakterio ir stiliaus. Komplekte yra matin\u0117s spalvos juostel\u0117, kuri\u0105 galima \u012fmontuoti \u012f fasad\u0173 \u012fdubas, suteikiant elegancijos. \u201eRuso\u201c spinta apr\u016bpinta \u0161velnaus u\u017edarymo priedais, u\u017etikrinan\u010diais skland\u0173 ir tyl\u0173 dureli\u0173 atidarym\u0105 ir u\u017edarym\u0105. \u201eRuso\u201c spint\u0105 galima derinti su kitais \u201eRuso\u201c kolekcijos baldais, taip sukuriant darni\u0105 ir harmoning\u0105 erdv\u0119 miegamajame, svetain\u0117je ar kituose kambariuose. Trumpai tariant, \u201eRuso\u201c spinta yra ne tik vieta j\u016bs\u0173 drabu\u017eiams, bet ir eleganti\u0161kas interjero dizaino elementas. D\u0117l didel\u0117s talpos ir kruop\u0161taus apipavidalinimo \u0161i spinta pad\u0117s palaikyti tvark\u0105 ir sukurti stiling\u0105 erdv\u0119 j\u016bs\u0173 miegamajame. Spinta taip pat gali b\u016bti derinama su kitais \u201eRuso\u201c kolekcijos baldais, sukuriant vientis\u0105 vaizd\u0105 visame kambaryje.<\/p>\n<p>Prek\u0117s kodas S407-SZF3D3S-DARL\/CAM Simbolis ZM EAN Plotis 178,5 cm Gylis 60,5 cm Auk\u0161tis 204,5 cm Kolekcija Ruso Spalva baland\u017eio spalvos \u0105\u017euolas\/matin\u0117 juoda Atspalvis tamsi mediena Stilius modernus Med\u017eiaga laminatas Dureli\u0173 skai\u010dius 3 dur\u0173 Stal\u010di\u0173 skai\u010dius 3 stal\u010diai Rankena be ranken\u0117li\u0173 Gamintojas Juoda Raudona Balta Baldo tipas Spintos PVM 23% EAN 5906123944939<\/p>","protected":false},"excerpt":{"rendered":"<p>The Ruso Wardrobe \u2013 Your Wardrobe of Choice! The Ruso collection is the perfect solution for those who value order and functionality in their bedroom. Here&#8217;s why you should consider the Ruso wardrobe: The three-door Ruso wardrobe offers ample space for storing clothes and accessories. It features four practical shelves hidden behind the solid front, [&hellip;]<\/p>","protected":false},"featured_media":266859,"comment_status":"open","ping_status":"open","template":"","meta":[],"product_brand":[],"product_cat":[9200,1177],"product_tag":[],"class_list":{"0":"post-266858","1":"product","2":"type-product","3":"status-publish","4":"has-post-thumbnail","6":"product_cat-black-red-white","7":"product_cat-wardrobes","9":"first","10":"instock","11":"purchasable","12":"product-type-simple"},"_links":{"self":[{"href":"https:\/\/baldumarket.lt\/lt\/wp-json\/wp\/v2\/product\/266858","targetHints":{"allow":["GET"]}}],"collection":[{"href":"https:\/\/baldumarket.lt\/lt\/wp-json\/wp\/v2\/product"}],"about":[{"href":"https:\/\/baldumarket.lt\/lt\/wp-json\/wp\/v2\/types\/product"}],"replies":[{"embeddable":true,"href":"https:\/\/baldumarket.lt\/lt\/wp-json\/wp\/v2\/comments?post=266858"}],"wp:featuredmedia":[{"embeddable":true,"href":"https:\/\/baldumarket.lt\/lt\/wp-json\/wp\/v2\/media\/266859"}],"wp:attachment":[{"href":"https:\/\/baldumarket.lt\/lt\/wp-json\/wp\/v2\/media?parent=266858"}],"wp:term":[{"taxonomy":"product_brand","embeddable":true,"href":"https:\/\/baldumarket.lt\/lt\/wp-json\/wp\/v2\/product_brand?post=266858"},{"taxonomy":"product_cat","embeddable":true,"href":"https:\/\/baldumarket.lt\/lt\/wp-json\/wp\/v2\/product_cat?post=266858"},{"taxonomy":"product_tag","embeddable":true,"href":"https:\/\/baldumarket.lt\/lt\/wp-json\/wp\/v2\/product_tag?post=266858"}],"curies":[{"name":"wp","href":"https:\/\/api.w.org\/{rel}","templated":true}]}}