{"id":266842,"date":"2026-01-14T00:29:36","date_gmt":"2026-01-13T21:29:36","guid":{"rendered":"https:\/\/baldumarket.lt\/product\/szafa-trzydrzwiowa-z-szufladami-dalva-180-cm-dab-mauvella-kashmir\/"},"modified":"2026-02-11T18:18:18","modified_gmt":"2026-02-11T15:18:18","slug":"szafa-trzydrzwiowa-z-szufladami-dalva-180-cm-dab-mauvella-kashmir","status":"publish","type":"product","link":"https:\/\/baldumarket.lt\/lt\/product\/szafa-trzydrzwiowa-z-szufladami-dalva-180-cm-dab-mauvella-kashmir\/","title":{"rendered":"DALVA trij\u0173 dur\u0173 spinta su stal\u010diais 180 cm, rausvai violetin\u0117\/ka\u0161myro \u0105\u017euolas"},"content":{"rendered":"<p>\u201eDalva\u201c spinta \u2013 harmonija ir tvarka japoni\u0161ko stiliaus. Patogumas ir funkcionalumas. \u201eDalva\u201c spinta \u2013 tai baldas, kuris pad\u0117s palaikyti tvark\u0105 miegamajame ir sutvarkyti erdv\u0119 pagal j\u016bs\u0173 poreikius. Trij\u0173 dur\u0173 dizainas slepia erdv\u0173 vid\u0173 \u2013 pakab\u0105 drabu\u017eiams, prakti\u0161kas lentynas ir du apatinius stal\u010dius, puikiai tinkan\u010dius apatiniams drabu\u017eiams ar smulkiems daiktams. Tai u\u017etikrina, kad visi j\u016bs\u0173 drabu\u017eiai ir aksesuarai tur\u0117s savo viet\u0105. Praktin\u0117s savyb\u0117s. Baldai pagaminti i\u0161 patvarios baldin\u0117s plok\u0161t\u0117s, u\u017etikrinan\u010dios j\u0173 ilgaam\u017ei\u0161kum\u0105 ir atsparum\u0105 pa\u017eeidimams. Ergonomi\u0161kos aliuminio rankenos u\u017etikrina patog\u0173 kasdien\u012f naudojim\u0105, o tvirta konstrukcija u\u017etikrina, kad spinta tarnaus ilgus metus. Dizainas ir stilius. \u201eDalva\u201c spinta puikiai dera prie japoni\u0161ko stiliaus, derindama japoni\u0161k\u0105 paprastum\u0105 su skandinavi\u0161ku minimalizmu. Ka\u0161myro fasadas kartu su \u201eMauvella Oak\u201c korpusu sukuria harmoning\u0105 ir eleganti\u0161k\u0105 visum\u0105. Subtilios apdailos paver\u010dia spint\u0105 stilingu j\u016bs\u0173 interjero papildymu, suteikian\u010diu darnos ir \u0161ilumos. Savyb\u0117s: Trij\u0173 dur\u0173 spinta su erdviu vidumi; Su pakaba pakabinimui ir prakti\u0161komis lentynomis; Du apatiniai stal\u010diai apatiniams drabu\u017eiams ar aksesuarams; Tvirta med\u017eio dro\u017eli\u0173 plok\u0161t\u0117; Priekin\u0117 dalis: ka\u0161myro apdaila, korpusas: \u0105\u017euolas \u201eMauvella\u201c; Ergonomi\u0161kos aliuminio ranken\u0117l\u0117s; Japandi stilius \u2013 paprastumas ir minimalizmas. Santrauka: \u201eDalva\u201c spinta derina funkcionalum\u0105 ir modern\u0173 Japandi dizain\u0105. Gerai apgalvotas vidaus i\u0161d\u0117stymas, tvirta konstrukcija ir eleganti\u0161ka apdaila paver\u010dia tai baldu, kuris daugel\u012f met\u0173 \u012fne\u0161 harmonijos ir tvarkos \u012f j\u016bs\u0173 miegam\u0105j\u012f.<\/p>\n<p>Prek\u0117s kodas S640-SZF3D2S-DMU\/UKA Plotis 179,5 cm Gylis 60 cm Auk\u0161tis 201,4 cm Kolekcija Dalva Spalva rausvai violetin\u0117 \u0105\u017euolo\/ka\u0161myro atspalvis sm\u0117lio Stilius modernus Med\u017eiaga laminatas Dur\u0173 skai\u010dius 3 dur\u0173 Stal\u010di\u0173 skai\u010dius 2 stal\u010diai Rankena su rankenomis Gamintojas Juoda Raudona Balta Baldo tipas Spintos PVM 23% EAN 5906123124393<\/p>","protected":false},"excerpt":{"rendered":"<p>\u201eDalva\u201c spinta \u2013 harmonija ir tvarka japoni\u0161ku stiliumi. Patogumas ir funkcionalumas. \u201eDalva\u201c spinta \u2013 tai baldas, kuris pad\u0117s palaikyti tvark\u0105 miegamajame ir sutvarkyti erdv\u0119 pagal j\u016bs\u0173 poreikius. Trij\u0173 dur\u0173 konstrukcija slepia erdv\u0173 vid\u0173 \u2013 pakab\u0105 daiktams, prakti\u0161kas lentynas ir du apatinius stal\u010dius [\u2026]<\/p>","protected":false},"featured_media":266843,"comment_status":"open","ping_status":"open","template":"","meta":[],"product_brand":[],"product_cat":[9200,1177],"product_tag":[],"class_list":{"0":"post-266842","1":"product","2":"type-product","3":"status-publish","4":"has-post-thumbnail","6":"product_cat-black-red-white","7":"product_cat-wardrobes","9":"first","10":"instock","11":"purchasable","12":"product-type-simple"},"_links":{"self":[{"href":"https:\/\/baldumarket.lt\/lt\/wp-json\/wp\/v2\/product\/266842","targetHints":{"allow":["GET"]}}],"collection":[{"href":"https:\/\/baldumarket.lt\/lt\/wp-json\/wp\/v2\/product"}],"about":[{"href":"https:\/\/baldumarket.lt\/lt\/wp-json\/wp\/v2\/types\/product"}],"replies":[{"embeddable":true,"href":"https:\/\/baldumarket.lt\/lt\/wp-json\/wp\/v2\/comments?post=266842"}],"wp:featuredmedia":[{"embeddable":true,"href":"https:\/\/baldumarket.lt\/lt\/wp-json\/wp\/v2\/media\/266843"}],"wp:attachment":[{"href":"https:\/\/baldumarket.lt\/lt\/wp-json\/wp\/v2\/media?parent=266842"}],"wp:term":[{"taxonomy":"product_brand","embeddable":true,"href":"https:\/\/baldumarket.lt\/lt\/wp-json\/wp\/v2\/product_brand?post=266842"},{"taxonomy":"product_cat","embeddable":true,"href":"https:\/\/baldumarket.lt\/lt\/wp-json\/wp\/v2\/product_cat?post=266842"},{"taxonomy":"product_tag","embeddable":true,"href":"https:\/\/baldumarket.lt\/lt\/wp-json\/wp\/v2\/product_tag?post=266842"}],"curies":[{"name":"wp","href":"https:\/\/api.w.org\/{rel}","templated":true}]}}