{"id":266834,"date":"2026-01-14T00:29:29","date_gmt":"2026-01-13T21:29:29","guid":{"rendered":"https:\/\/baldumarket.lt\/product\/szafa-trzydrzwiowa-z-szescioma-szufladami-brando-3-dab-sonoma-textil\/"},"modified":"2026-02-11T18:18:18","modified_gmt":"2026-02-11T15:18:18","slug":"szafa-trzydrzwiowa-z-szescioma-szufladami-brando-3-dab-sonoma-textil","status":"publish","type":"product","link":"https:\/\/baldumarket.lt\/lt\/product\/szafa-trzydrzwiowa-z-szescioma-szufladami-brando-3-dab-sonoma-textil\/","title":{"rendered":"Trij\u0173 dur\u0173 spinta su \u0161e\u0161iais stal\u010diais BRANDO 3, Sonoma \u0105\u017euolas\/tekstil\u0117"},"content":{"rendered":"<p>\u201eBrando 3\u201c spinta \u2013 modernaus dizaino ir funkcionalumo sinonimas. \u201eBrando 3\u201c spinta yra ne tik baldas; ji i\u0161ties \u012fk\u016bnija modern\u0173 dizain\u0105, si\u016blydama tobul\u0105 prakti\u0161kumo ir stiliaus pusiausvyr\u0105. Jei ie\u0161kote funkcionalaus baldo, kuris puikiai papildyt\u0173 modern\u0173 interjer\u0105, \u201eBrando 3\u201c spinta yra optimalus sprendimas. Jos matmenys (136 x 199 x 58 cm) ir sumanus i\u0161d\u0117stymas sukuria viet\u0105, kurioje viskas, ko jums reikia, yra viename eleganti\u0161kame balde. De\u0161in\u0117je pus\u0117je, u\u017e dureli\u0173, yra prakti\u0161kos lentynos, puikiai tinkan\u010dios drabu\u017eiams, dokumentams ir kitiems kasdieniams daiktams susid\u0117ti. \u0160ios lentynos leid\u017eia lengvai pasiekti visk\u0105, tod\u0117l rytin\u0117s aprangos pasirinkimas tampa lengvesnis. Kair\u0117je ir vidurin\u0117je spintos dalyse yra vietos su b\u0117geliais striuk\u0117ms, mar\u0161kiniams, keln\u0117ms ar paltams pakabinti. Tinkamas i\u0161d\u0117stymas ne tik palaiko drabu\u017ei\u0173 b\u016bkl\u0119, bet ir optimizuoja erdv\u0119 likusioje spintos dalyje. Po pagrindin\u0117mis durimis yra trys stal\u010diai, puikiai tinkantys apatiniams drabu\u017eiams, kojin\u0117ms, aksesuarams ir kitiems smulkesniems daiktams laikyti. \u0160ie stal\u010diai u\u017etikrina tvark\u0105, u\u017etikrindami, kad kiekvienas daiktas tur\u0117t\u0173 savo nuolatin\u0119 viet\u0105. Spintos apa\u010dioje yra dar trys erdv\u016bs stal\u010diai, puikiai tinkantys rankin\u0117ms, batams ar kuprin\u0117ms laikyti. \u0160is sprendimas ne tik sutvarko erdv\u0119, bet ir suteikia estetinio patrauklumo prie\u0161kambariui ar miegamajam. Vidurin\u0117s durys yra su veidrod\u017eiu, kuris ne tik vizualiai padidina kambar\u012f, bet ir leid\u017eia ap\u017ei\u016br\u0117ti savo i\u0161vaizd\u0105 prie\u0161 i\u0161einant. Trij\u0173 dur\u0173 \u201eBrando 3\u201c spinta si\u016blo ne tik modern\u0173 ir universal\u0173 dizain\u0105, bet ir bald\u0105, kur\u012f galima lengvai pritaikyti prie \u012fvairi\u0173 interjero stili\u0173. Meni\u0161ko \u0105\u017euolo ir baltos spalvos stal\u010di\u0173 fasadai sukuria subtil\u0173 kontrast\u0105, o sidabrin\u0117s, ergonomi\u0161kos rankenos puikiai papildo bendr\u0105 dizain\u0105. Tai funkcionalumo, elegancijos ir puikaus dizaino sinonimas viename.<\/p>\n<p>Prek\u0117s kodas F80-SZF1L2D6S-DSO\/TX Simbolis ZM EAN Plotis 136 cm Gylis 58 cm Auk\u0161tis 199 cm Kolekcija Brando Spalva sonoma \u0105\u017euolas\/tekstil\u0117 Gaubtas \u0161viesi mediena Stilius modernus Med\u017eiaga laminatas Dureli\u0173 skai\u010dius 3 dur\u0173 Stal\u010di\u0173 skai\u010dius 5 ir daugiau stal\u010di\u0173 Rankena su ranken\u0117l\u0117mis Gamintojas Juoda Raudona Balta Baldo tipas Spintos PVM mokestis 23% EAN 5906123851299<\/p>","protected":false},"excerpt":{"rendered":"<p>\u201eBrando 3\u201c spinta \u2013 modernaus dizaino ir funkcionalumo sinonimas. \u201eBrando 3\u201c spinta yra ne tik baldas; ji i\u0161ties \u012fk\u016bnija modern\u0173 dizain\u0105, si\u016blydama tobul\u0105 prakti\u0161kumo ir stiliaus pusiausvyr\u0105. Jei ie\u0161kote funkcionalaus baldo, kuris puikiai papildyt\u0173 modern\u0173 interjer\u0105, \u201eBrando 3\u201c spinta yra tai, ko jums reikia. [\u2026]<\/p>","protected":false},"featured_media":266835,"comment_status":"open","ping_status":"open","template":"","meta":[],"product_brand":[],"product_cat":[9200,1177],"product_tag":[],"class_list":{"0":"post-266834","1":"product","2":"type-product","3":"status-publish","4":"has-post-thumbnail","6":"product_cat-black-red-white","7":"product_cat-wardrobes","9":"first","10":"instock","11":"purchasable","12":"product-type-simple"},"_links":{"self":[{"href":"https:\/\/baldumarket.lt\/lt\/wp-json\/wp\/v2\/product\/266834","targetHints":{"allow":["GET"]}}],"collection":[{"href":"https:\/\/baldumarket.lt\/lt\/wp-json\/wp\/v2\/product"}],"about":[{"href":"https:\/\/baldumarket.lt\/lt\/wp-json\/wp\/v2\/types\/product"}],"replies":[{"embeddable":true,"href":"https:\/\/baldumarket.lt\/lt\/wp-json\/wp\/v2\/comments?post=266834"}],"wp:featuredmedia":[{"embeddable":true,"href":"https:\/\/baldumarket.lt\/lt\/wp-json\/wp\/v2\/media\/266835"}],"wp:attachment":[{"href":"https:\/\/baldumarket.lt\/lt\/wp-json\/wp\/v2\/media?parent=266834"}],"wp:term":[{"taxonomy":"product_brand","embeddable":true,"href":"https:\/\/baldumarket.lt\/lt\/wp-json\/wp\/v2\/product_brand?post=266834"},{"taxonomy":"product_cat","embeddable":true,"href":"https:\/\/baldumarket.lt\/lt\/wp-json\/wp\/v2\/product_cat?post=266834"},{"taxonomy":"product_tag","embeddable":true,"href":"https:\/\/baldumarket.lt\/lt\/wp-json\/wp\/v2\/product_tag?post=266834"}],"curies":[{"name":"wp","href":"https:\/\/api.w.org\/{rel}","templated":true}]}}