{"id":266810,"date":"2026-01-14T00:29:09","date_gmt":"2026-01-13T21:29:09","guid":{"rendered":"https:\/\/baldumarket.lt\/product\/szafa-trzydrzwiowa-z-szescioma-szufladami-brando-3-dab-artisan-textil-bialy\/"},"modified":"2026-02-11T18:18:18","modified_gmt":"2026-02-11T15:18:18","slug":"szafa-trzydrzwiowa-z-szescioma-szufladami-brando-3-dab-artisan-textil-bialy","status":"publish","type":"product","link":"https:\/\/baldumarket.lt\/lt\/product\/szafa-trzydrzwiowa-z-szescioma-szufladami-brando-3-dab-artisan-textil-bialy\/","title":{"rendered":"BRANDO 3 trij\u0173 dur\u0173 spinta su \u0161e\u0161iais stal\u010diais, dirbtinio \u0105\u017euolo\/tekstil\u0117s\/baltos spalvos"},"content":{"rendered":"<p>\u201eBrando 3\u201c spinta \u2013 tobula prakti\u0161kumo ir modernaus dizaino sinergija. Ie\u0161kote baldo, kuris ne tik atitikt\u0173 funkcionalumo l\u016bkes\u010dius, bet ir \u012fk\u016bnyt\u0173 modern\u0173 dizain\u0105? Atraskite \u201eBrando 3\u201c spint\u0105 \u2013 tobul\u0105 prakti\u0161kumo ir stiliaus pusiausvyr\u0105. \u0160is 136 x 199 x 58 cm dyd\u017eio baldas spinduliuoja paprastumu ir elegancija, puikiai tinkan\u010diu moderniam interjerui. D\u0117l sumanaus i\u0161d\u0117stymo viskas, ko jums reikia, yra vienoje vietoje. De\u0161in\u0117je spintos pus\u0117je yra prakti\u0161kos lentynos, idealiai tinkan\u010dios drabu\u017eiams, dokumentams ir kitiems kasdieniams daiktams susid\u0117ti. \u0160is sprendimas palengvina aprangos pasirinkim\u0105 ryte, nes viskas yra po ranka. Kair\u0117je ir vidurin\u0117je spintos dalyse yra vietos su pakabinimo b\u0117geliais, skirtos striuk\u0117ms, mar\u0161kiniams, keln\u0117ms ir paltams. Ne tik i\u0161laikysite savo drabu\u017eius puikios b\u016bkl\u0117s, bet ir sutaupysite vietos kitose spintos dalyse. Po pagrindin\u0117mis durel\u0117mis yra \u0161e\u0161i erdv\u016bs stal\u010diai, puikiai tinkantys apatiniams drabu\u017eiams, kojin\u0117ms, batams ar rankin\u0117ms laikyti. Viskas turi savo viet\u0105, o j\u016bs\u0173 namai bus tvarkingi. Trij\u0173 dur\u0173 \u201eBrando 3\u201c spinta \u2013 tai duokl\u0117 modernumui ir universalumui. Balta apdaila, lengvai derinama su \u012fvairiais interjero stiliais, dera su meni\u0161kais \u0105\u017euoliniais stal\u010di\u0173 fasadais, suteikdama subtilumo ir kontrasto. Sidabrin\u0117s ergonomi\u0161kos ranken\u0117l\u0117s, puikiai papildan\u010dios bald\u0173 spalv\u0173 gam\u0105, u\u017ebaigia vaizd\u0105. Pasirink\u0119 \u201eBrando 3\u201c drabu\u017ein\u0119, j\u016bs ne tik gausite funkcionali\u0105 daikt\u0173 laikymo viet\u0105, bet ir bald\u0105, kuris sustiprins j\u016bs\u0173 interjero charakter\u012f. Tai ne tik drabu\u017ein\u0117 \u2013 tai modernumo j\u016bs\u0173 namuose esm\u0117.<\/p>\n<p>Prek\u0117s kodas F80-SZF3D6S-DASN\/TX\/BI Simbolis ZM EAN Plotis 136 cm Gylis 58 cm Auk\u0161tis 199 cm Kolekcija Brando Spalva meni\u0161kas \u0105\u017euolas\/tekstil\u0117\/balta Gaubtas \u0161viesi mediena Stilius modernus Med\u017eiaga laminatas Dureli\u0173 skai\u010dius 3 dur\u0173 Stal\u010di\u0173 skai\u010dius 5 ir daugiau stal\u010di\u0173 Rankena su ranken\u0117l\u0117mis Gamintojas Juoda Raudona Balta Baldo tipas Spintos PVM mokestis 23% EAN 5906123851343<\/p>","protected":false},"excerpt":{"rendered":"<p>\u201eBrando 3\u201c spinta \u2013 tobula prakti\u0161kumo ir modernaus dizaino sinergija. Ie\u0161kote baldo, kuris ne tik atitikt\u0173 funkcionalumo l\u016bkes\u010dius, bet ir \u012fk\u016bnyt\u0173 modern\u0173 dizain\u0105? Atraskite \u201eBrando 3\u201c spint\u0105 \u2013 tobul\u0105 prakti\u0161kumo ir stiliaus pusiausvyr\u0105. 136 x 199 x 58 cm dyd\u017eio baldas spinduliuoja paprastumu ir elegancija, [\u2026]<\/p>","protected":false},"featured_media":266811,"comment_status":"open","ping_status":"open","template":"","meta":[],"product_brand":[],"product_cat":[9200,1177],"product_tag":[],"class_list":{"0":"post-266810","1":"product","2":"type-product","3":"status-publish","4":"has-post-thumbnail","6":"product_cat-black-red-white","7":"product_cat-wardrobes","9":"first","10":"instock","11":"purchasable","12":"product-type-simple"},"_links":{"self":[{"href":"https:\/\/baldumarket.lt\/lt\/wp-json\/wp\/v2\/product\/266810","targetHints":{"allow":["GET"]}}],"collection":[{"href":"https:\/\/baldumarket.lt\/lt\/wp-json\/wp\/v2\/product"}],"about":[{"href":"https:\/\/baldumarket.lt\/lt\/wp-json\/wp\/v2\/types\/product"}],"replies":[{"embeddable":true,"href":"https:\/\/baldumarket.lt\/lt\/wp-json\/wp\/v2\/comments?post=266810"}],"wp:featuredmedia":[{"embeddable":true,"href":"https:\/\/baldumarket.lt\/lt\/wp-json\/wp\/v2\/media\/266811"}],"wp:attachment":[{"href":"https:\/\/baldumarket.lt\/lt\/wp-json\/wp\/v2\/media?parent=266810"}],"wp:term":[{"taxonomy":"product_brand","embeddable":true,"href":"https:\/\/baldumarket.lt\/lt\/wp-json\/wp\/v2\/product_brand?post=266810"},{"taxonomy":"product_cat","embeddable":true,"href":"https:\/\/baldumarket.lt\/lt\/wp-json\/wp\/v2\/product_cat?post=266810"},{"taxonomy":"product_tag","embeddable":true,"href":"https:\/\/baldumarket.lt\/lt\/wp-json\/wp\/v2\/product_tag?post=266810"}],"curies":[{"name":"wp","href":"https:\/\/api.w.org\/{rel}","templated":true}]}}