{"id":266802,"date":"2026-01-14T00:29:02","date_gmt":"2026-01-13T21:29:02","guid":{"rendered":"https:\/\/baldumarket.lt\/product\/szafa-trzydrzwiowa-z-lustrm-i-dwoma-szufladami-bergen-144-cm-modrzew-sibiu-zloty\/"},"modified":"2026-02-11T18:18:18","modified_gmt":"2026-02-11T15:18:18","slug":"szafa-trzydrzwiowa-z-lustrm-i-dwoma-szufladami-bergen-144-cm-modrzew-sibiu-zloty","status":"publish","type":"product","link":"https:\/\/baldumarket.lt\/lt\/product\/szafa-trzydrzwiowa-z-lustrm-i-dwoma-szufladami-bergen-144-cm-modrzew-sibiu-zloty\/","title":{"rendered":"BERGEN trij\u0173 dur\u0173 spinta su veidrod\u017eiu ir dviem stal\u010diais, 144 cm, auksin\u0117 Sibiu maumed\u017eio spalva"},"content":{"rendered":"<p>\u201cBergen\u201d spinta \u2013 erdvus j\u016bs\u0173 spintos akcentas. \u201eBergen\u201c kolekcija \u2013 tai \u017eavus geometrini\u0173 form\u0173, unikali\u0173 detali\u0173 ir prislopint\u0173 spalv\u0173 derinys, puikiai tiksiantis tiek svetain\u0117je, tiek miegamajame. Vienas esmini\u0173 spintos element\u0173, u\u017etikrinantis ne tik prakti\u0161kum\u0105, bet ir estetin\u012f patrauklum\u0105, yra trij\u0173 dur\u0173 \u201eBergen\u201c spinta. \u0160tai kod\u0117l verta apsvarstyti \u0161\u012f unikal\u0173 bald\u0105. Spinta yra vieta, kur laikome savo drabu\u017eius ir aksesuarus, tod\u0117l funkcionali spinta yra ne\u012fkainojama. Trij\u0173 dur\u0173 \u201eBergen\u201c spinta si\u016blo daug vietos j\u016bs\u0173 daiktams. \u012erengta pakabinimo skersiniu, trimis prakti\u0161komis lentynomis ir dviem funkcionaliais stal\u010diais, ji leid\u017eia tvarkingai laikyti drabu\u017eius ir aksesuarus. \u0160i spinta yra ne tik prakti\u0161ka, bet ir stilinga. Veidrodinis priekis suteikia elegancijos, leid\u017eia paskutin\u012f kart\u0105 \u017evilgtel\u0117ti prie\u0161 i\u0161einant. Paprast\u0105 spintos form\u0105 puo\u0161ia i\u0161skirtinis \u201e\u012fdubimas\u201c \u0161oniniuose kra\u0161tuose, taip pat i\u0161siki\u0161\u0119s, tiesus cokolis ir nuo\u017eulninti priekiniai kra\u0161tai, suteikiantys jai modern\u0173 ir rafinuot\u0105 vaizd\u0105. \u0160ilta auksin\u0117s Sibiu maumed\u017eio medienos spalva sukuria unikali\u0105 atmosfer\u0105 kambaryje ir yra idealus pagrindas stilingoms kompozicijoms kurti. Detal\u0117s taip pat yra labai svarbios. Auk\u0161tos, nuo\u017eulnios kojel\u0117s ir metalin\u0117s rankenos suteikia \u0161iai erdviai spintai charakterio, pabr\u0117\u017eiant jos elegancij\u0105. Firminiai aksesuarai su \u0161velnaus u\u017edarymo sistema garantuoja patog\u0173 kasdien\u012f naudojim\u0105. B\u0117gikl\u0117s su specialiais stabd\u017eiais u\u017etikrina, kad bald\u0173 fasadai u\u017esidaryt\u0173 beveik tyliai, taip padidindami naudojimo komfort\u0105. \u201eBergen\u201c kolekcija si\u016blo \u012fvairi\u0173 form\u0173 baldus, kuriuos galite laisvai derinti, sukurdami funkcional\u0173 i\u0161d\u0117stym\u0105, pritaikyt\u0105 j\u016bs\u0173 \u0161eimos poreikiams. Nesvarbu, ar jums reikia daugiau vietos daiktams susid\u0117ti, ar norite sukurti stiling\u0105 erdv\u0119, \u201eBergen\u201c kolekcija leid\u017eia tai padaryti eleganti\u0161kai. Trumpai tariant, \u201eBergen\u201c spinta yra ne tik daikt\u0173 laikymo sprendimas; tai taip pat unikalus dekoratyvinis elementas, pary\u0161kinantis j\u016bs\u0173 spintos stili\u0173. Eleganti\u0161kas dizainas, auk\u0161tos kokyb\u0117s meistri\u0161kumas ir pritaikomos parinktys puikiai papildo bet kok\u012f interjer\u0105. \u201eBergen\u201c \u2013 tai kolekcija, kurioje derinamas gro\u017eis ir funkcionalumas, leid\u017eianti m\u0117gautis esteti\u0161kai patrauklia ir patogia kasdiene aplinka.<\/p>\n<p>Prek\u0117s kodas S359-SZF2D1M2S-MSZ Simbolis ZM EAN Plotis 144 cm Gylis 63 cm Auk\u0161tis 202 cm Kolekcija Bergen Spalva maumedis Sibiu auksinis Atspalvis tamsi mediena Stilius klasikinis Med\u017eiaga laminatas Dur\u0173 skai\u010dius 3 dur\u0173 Stal\u010di\u0173 skai\u010dius 2 stal\u010diai Rankena su rankenomis Gamintojas Juoda Raudona Balta Baldo tipas Spintos PVM mokestis 23% EAN 5906123926911<\/p>","protected":false},"excerpt":{"rendered":"<p>Bergen spinta \u2013 erdvi j\u016bs\u0173 spintos puo\u0161mena. Bergen kolekcija \u2013 tai \u017eavus geometrini\u0173 form\u0173, unikali\u0173 detali\u0173 ir prislopint\u0173 spalv\u0173 derinys, puikiai tiksiantis tiek svetain\u0117je, tiek miegamajame. Vienas esmini\u0173 spintos element\u0173, u\u017etikrinan\u010di\u0173 ne tik prakti\u0161kum\u0105, bet ir estetin\u012f patrauklum\u0105, yra trij\u0173 dur\u0173 Bergen spinta. \u0160tai [\u2026]<\/p>","protected":false},"featured_media":266803,"comment_status":"open","ping_status":"open","template":"","meta":[],"product_brand":[],"product_cat":[9200,1177],"product_tag":[],"class_list":{"0":"post-266802","1":"product","2":"type-product","3":"status-publish","4":"has-post-thumbnail","6":"product_cat-black-red-white","7":"product_cat-wardrobes","9":"first","10":"instock","11":"purchasable","12":"product-type-simple"},"_links":{"self":[{"href":"https:\/\/baldumarket.lt\/lt\/wp-json\/wp\/v2\/product\/266802","targetHints":{"allow":["GET"]}}],"collection":[{"href":"https:\/\/baldumarket.lt\/lt\/wp-json\/wp\/v2\/product"}],"about":[{"href":"https:\/\/baldumarket.lt\/lt\/wp-json\/wp\/v2\/types\/product"}],"replies":[{"embeddable":true,"href":"https:\/\/baldumarket.lt\/lt\/wp-json\/wp\/v2\/comments?post=266802"}],"wp:featuredmedia":[{"embeddable":true,"href":"https:\/\/baldumarket.lt\/lt\/wp-json\/wp\/v2\/media\/266803"}],"wp:attachment":[{"href":"https:\/\/baldumarket.lt\/lt\/wp-json\/wp\/v2\/media?parent=266802"}],"wp:term":[{"taxonomy":"product_brand","embeddable":true,"href":"https:\/\/baldumarket.lt\/lt\/wp-json\/wp\/v2\/product_brand?post=266802"},{"taxonomy":"product_cat","embeddable":true,"href":"https:\/\/baldumarket.lt\/lt\/wp-json\/wp\/v2\/product_cat?post=266802"},{"taxonomy":"product_tag","embeddable":true,"href":"https:\/\/baldumarket.lt\/lt\/wp-json\/wp\/v2\/product_tag?post=266802"}],"curies":[{"name":"wp","href":"https:\/\/api.w.org\/{rel}","templated":true}]}}