{"id":266799,"date":"2026-01-14T00:28:59","date_gmt":"2026-01-13T21:28:59","guid":{"rendered":"https:\/\/baldumarket.lt\/product\/szafa-trzydrzwiowa-z-lustrem-flex-150-cm-grafit-szary\/"},"modified":"2026-02-11T18:18:18","modified_gmt":"2026-02-11T15:18:18","slug":"szafa-trzydrzwiowa-z-lustrem-flex-150-cm-grafit-szary","status":"publish","type":"product","link":"https:\/\/baldumarket.lt\/lt\/product\/szafa-trzydrzwiowa-z-lustrem-flex-150-cm-grafit-szary\/","title":{"rendered":"FLEX trij\u0173 dur\u0173 spinta su veidrod\u017eiu, 150 cm, grafito\/pilka"},"content":{"rendered":"<p>\u201eFlex\u201c spinta \u2013 elegancija grafito blizgesyje. \u201eFlex\u201c spinta \u2013 tai ne tik daiktad\u0117\u017e\u0117, bet ir tikras i\u0161skirtinumas. Pasirink\u0119 eleganti\u0161k\u0105 grafito atspalv\u012f, savo interjerui suteiksite modernumo ir klas\u0117s. Trij\u0173 dur\u0173 dizainas, kurio matmenys \u2013 150 x 240 x 66 cm, puikiai tinka miegamajam ar persirengimo kambariui. Veidrodis viename i\u0161 fasad\u0173 yra ne tik prakti\u0161kas, bet ir b\u016bdas vizualiai padidinti kambar\u012f. R\u0117melio stiliaus dur\u0173 fasadai suteikia spintai charakterio, o juodos rankenos \u2013 eleganti\u0161k\u0105 akcent\u0105. Pilkas drob\u0117s vidus suteikia neutral\u0173 pagrind\u0105, leid\u017eiant\u012f derinti su bet kokiais aksesuarais. Kas yra viduje? Optimaliai suprojektuotame spintos viduje yra 11 lentyn\u0173, trys pakabos ir trys stal\u010diai. \u010cia yra vietos kiekvienam j\u016bs\u0173 spintos daiktui \u2013 nuo kasdieni\u0173 drabu\u017ei\u0173 iki unikali\u0173 aprangos variant\u0173. Spintoje yra pilno i\u0161traukimo stal\u010diai su \u0161velnaus u\u017edarymo sistema, u\u017etikrinan\u010dia ne tik estetik\u0105, bet ir funkcionalum\u0105. Su \u201eFlex\u201c spinta jums nebereik\u0117s stov\u0117ti prie\u0161 veidrod\u012f kitame kambaryje, kad \u012fvertintum\u0117te savo stili\u0173. Dabar elegancija ir tvarka \u2013 ranka pasiekiami!<\/p>\n<p>Prek\u0117s kodas F57-SZAFA_ZESTAW_113-GF\/SZ Simbolis ZM EAN Plotis 150 cm Gylis 66 cm Auk\u0161tis 240 cm Kolekcija \u201eFlex\u201c Spalva grafito\/pilka Atspalvis pilkas Stilius modernus Med\u017eiaga laminatas Dureli\u0173 skai\u010dius 3 dur\u0173 Stal\u010di\u0173 skai\u010dius 3 stal\u010diai Rankena su ranken\u0117l\u0117mis Ap\u0161vietimas pasirenkamas Gamintojas Juoda Raudona Balta Baldo tipas Spintos PVM mokestis 23% EAN 5906123847490<\/p>","protected":false},"excerpt":{"rendered":"<p>\u201eFlex\u201c spinta \u2013 elegancija grafito blizgesyje. \u201eFlex\u201c spinta yra ne tik daiktad\u0117\u017e\u0117; tai tikras i\u0161skirtinis elementas. Pasirink\u0119 eleganti\u0161k\u0105 grafito atspalv\u012f, suteiksite savo interjerui modernumo ir klas\u0117s. Trij\u0173 dur\u0173 dizainas, kurio matmenys \u2013 150 x 240 x 66 cm, puikiai tinka miegamajam arba [\u2026]<\/p>","protected":false},"featured_media":266800,"comment_status":"open","ping_status":"open","template":"","meta":[],"product_brand":[],"product_cat":[9200,1177],"product_tag":[],"class_list":{"0":"post-266799","1":"product","2":"type-product","3":"status-publish","4":"has-post-thumbnail","6":"product_cat-black-red-white","7":"product_cat-wardrobes","9":"first","10":"instock","11":"purchasable","12":"product-type-simple"},"_links":{"self":[{"href":"https:\/\/baldumarket.lt\/lt\/wp-json\/wp\/v2\/product\/266799","targetHints":{"allow":["GET"]}}],"collection":[{"href":"https:\/\/baldumarket.lt\/lt\/wp-json\/wp\/v2\/product"}],"about":[{"href":"https:\/\/baldumarket.lt\/lt\/wp-json\/wp\/v2\/types\/product"}],"replies":[{"embeddable":true,"href":"https:\/\/baldumarket.lt\/lt\/wp-json\/wp\/v2\/comments?post=266799"}],"wp:featuredmedia":[{"embeddable":true,"href":"https:\/\/baldumarket.lt\/lt\/wp-json\/wp\/v2\/media\/266800"}],"wp:attachment":[{"href":"https:\/\/baldumarket.lt\/lt\/wp-json\/wp\/v2\/media?parent=266799"}],"wp:term":[{"taxonomy":"product_brand","embeddable":true,"href":"https:\/\/baldumarket.lt\/lt\/wp-json\/wp\/v2\/product_brand?post=266799"},{"taxonomy":"product_cat","embeddable":true,"href":"https:\/\/baldumarket.lt\/lt\/wp-json\/wp\/v2\/product_cat?post=266799"},{"taxonomy":"product_tag","embeddable":true,"href":"https:\/\/baldumarket.lt\/lt\/wp-json\/wp\/v2\/product_tag?post=266799"}],"curies":[{"name":"wp","href":"https:\/\/api.w.org\/{rel}","templated":true}]}}