{"id":266796,"date":"2026-01-14T00:28:57","date_gmt":"2026-01-13T21:28:57","guid":{"rendered":"https:\/\/baldumarket.lt\/product\/szafa-trzydrzwiowa-z-lustrem-flex-150-cm-dab-sonoma\/"},"modified":"2026-02-11T18:18:19","modified_gmt":"2026-02-11T15:18:19","slug":"szafa-trzydrzwiowa-z-lustrem-flex-150-cm-dab-sonoma","status":"publish","type":"product","link":"https:\/\/baldumarket.lt\/lt\/product\/szafa-trzydrzwiowa-z-lustrem-flex-150-cm-dab-sonoma\/","title":{"rendered":"FLEX trij\u0173 dur\u0173 spinta su veidrod\u017eiu 150 cm, Sonoma \u0105\u017euolas"},"content":{"rendered":"<p>\u201eFlex\u201c spinta \u2013 patogumas, stilius ir tvarka. \u201eFlex\u201c spinta yra ne tik daikt\u0173 laikymo vieta \u2013 tai tikras herojus, u\u017etikrinantis tvark\u0105, stili\u0173 ir funkcionalum\u0105 j\u016bs\u0173 miegamajame, koridoriuje ar persirengimo kambaryje. \u0160is modernus 150 x 240 x 66 cm dyd\u017eio baldas si\u016blo optimal\u0173 erdv\u0117s organizavim\u0105. Pirma, \u201eFlex\u201c spinta yra vieta, kur daikt\u0173 laikymas tampa malonumu. Lentyn\u0173, stal\u010di\u0173 ir b\u0117geli\u0173 d\u0117ka galite lengvai pasiekti visus savo daiktus, nesijaudindami d\u0117l netvarkos ar chaoso. Antra, tai \u012frankis geresnei organizavimui. Padalinkite erdv\u0119 \u012f zonas: mar\u0161kiniai, striuk\u0117s, apatiniai, mar\u0161kin\u0117liai, aksesuarai \u2013 viskas ras savo viet\u0105. Sutaupykite laiko ir i\u0161venkite nusivylimo greitai rasdami reikiamus drabu\u017eius. Tre\u010dia, \u201eFlex\u201c spinta yra madingas dizaino elementas. Paprastas dizainas ir \u201eSonoma Oak\u201c spalva puikiai dera tiek moderniame, tiek klasikiniame interjere, suteikdama stiliaus ir elegancijos. Galiausiai, pasl\u0117pus drabu\u017eius ir aksesuarus spintoje, kambarys atrodo \u0161varesnis. J\u016bs\u0173 \u017einioje: \u2013 3 b\u0117geliai \u2013 vieta drabu\u017eiams pakabinti be rauk\u0161li\u0173.<br \/>\n\u2013 9 lentynos \u2013 pakankamai vietos drabu\u017eiams ir kitiems daiktams.<br \/>\n\u2013 3 stal\u010diai \u2013 su \u0161velnaus u\u017edarymo sistema, u\u017etikrinan\u010dia visi\u0161k\u0105 i\u0161traukim\u0105.<br \/>\n\u2013 Veidrodis \u2013 greitas vizualinis patikrinimas prie\u0161 i\u0161einant. Spintos vidus ir aksesuarai yra pilkos drob\u0117s spalvos, o \u0161velniai u\u017esidarantys ir visi\u0161kai i\u0161traukiami stal\u010diai palengvina kasdien\u012f naudojim\u0105. Trumpai tariant, \u201eFlex\u201c spinta yra ne tik prakti\u0161kas sprendimas, bet ir galingas dizaino elementas, kuris padidins j\u016bs\u0173 erdv\u0117s estetin\u0119 vert\u0119.<\/p>\n<p>Prek\u0117s kodas F57-SZAFA_ZESTAW_125-DSO Simbolis ZM EAN Plotis 150 cm Gylis 66 cm Auk\u0161tis 240 cm Kolekcija \u201eFlex\u201c Spalva Sonoma \u0105\u017euolas Gaubtas \u0161viesi mediena Stilius modernus Med\u017eiaga laminatas Dureli\u0173 skai\u010dius 3 dur\u0173 Stal\u010di\u0173 skai\u010dius 3 stal\u010diai Rankena su ranken\u0117l\u0117mis Ap\u0161vietimas pasirenkamas Gamintojas Juoda Raudona Balta Baldo tipas Spintos PVM mokestis 23% EAN 5906123847636<\/p>","protected":false},"excerpt":{"rendered":"<p>\u201eFlex\u201c spinta \u2013 patogumas, stilius ir tvarka. \u201eFlex\u201c spinta yra ne tik daikt\u0173 laikymo vieta \u2013 tai tikras herojus, u\u017etikrinantis tvark\u0105, stili\u0173 ir funkcionalum\u0105 j\u016bs\u0173 miegamajame, prie\u0161kambaryje ar persirengimo kambaryje. \u0160is modernus baldas, kurio matmenys \u2013 150 x 240 x 66 cm, si\u016blo optimal\u0173 erdv\u0117s organizavim\u0105. Pirma, \u201eFlex\u201c spinta yra vieta, kur daikt\u0173 laikymas tampa [\u2026]<\/p>","protected":false},"featured_media":266797,"comment_status":"open","ping_status":"open","template":"","meta":[],"product_brand":[],"product_cat":[9200,1177],"product_tag":[],"class_list":{"0":"post-266796","1":"product","2":"type-product","3":"status-publish","4":"has-post-thumbnail","6":"product_cat-black-red-white","7":"product_cat-wardrobes","9":"first","10":"instock","11":"purchasable","12":"product-type-simple"},"_links":{"self":[{"href":"https:\/\/baldumarket.lt\/lt\/wp-json\/wp\/v2\/product\/266796","targetHints":{"allow":["GET"]}}],"collection":[{"href":"https:\/\/baldumarket.lt\/lt\/wp-json\/wp\/v2\/product"}],"about":[{"href":"https:\/\/baldumarket.lt\/lt\/wp-json\/wp\/v2\/types\/product"}],"replies":[{"embeddable":true,"href":"https:\/\/baldumarket.lt\/lt\/wp-json\/wp\/v2\/comments?post=266796"}],"wp:featuredmedia":[{"embeddable":true,"href":"https:\/\/baldumarket.lt\/lt\/wp-json\/wp\/v2\/media\/266797"}],"wp:attachment":[{"href":"https:\/\/baldumarket.lt\/lt\/wp-json\/wp\/v2\/media?parent=266796"}],"wp:term":[{"taxonomy":"product_brand","embeddable":true,"href":"https:\/\/baldumarket.lt\/lt\/wp-json\/wp\/v2\/product_brand?post=266796"},{"taxonomy":"product_cat","embeddable":true,"href":"https:\/\/baldumarket.lt\/lt\/wp-json\/wp\/v2\/product_cat?post=266796"},{"taxonomy":"product_tag","embeddable":true,"href":"https:\/\/baldumarket.lt\/lt\/wp-json\/wp\/v2\/product_tag?post=266796"}],"curies":[{"name":"wp","href":"https:\/\/api.w.org\/{rel}","templated":true}]}}