{"id":266788,"date":"2026-01-14T00:28:51","date_gmt":"2026-01-13T21:28:51","guid":{"rendered":"https:\/\/baldumarket.lt\/product\/szafa-trzydrzwiowa-z-lustrem-flex-150-cm-bialy-szary\/"},"modified":"2026-02-11T18:18:19","modified_gmt":"2026-02-11T15:18:19","slug":"szafa-trzydrzwiowa-z-lustrem-flex-150-cm-bialy-szary","status":"publish","type":"product","link":"https:\/\/baldumarket.lt\/lt\/product\/szafa-trzydrzwiowa-z-lustrem-flex-150-cm-bialy-szary\/","title":{"rendered":"FLEX trij\u0173 dur\u0173 spinta su veidrod\u017eiu, 150 cm, balta\/pilka"},"content":{"rendered":"<p>\u201eFlex\u201c spinta \u2013 J\u016bs\u0173 tvarkos karalyst\u0117. \u201eFlex\u201c spinta su veidrod\u017eiu yra ne tik baldas; ji \u017eada s\u0117kming\u0105 ryt\u0105 ir kasdien\u012f komfort\u0105. Harmoningas dizainas ir apgalvotas vidaus i\u0161d\u0117stymas kiekvien\u0105 dien\u0105 pavers pasiruo\u0161im\u0105 malonumu. \u0160i 150 x 45 x 240 cm matmen\u0173 spinta si\u016blo neprilygstamas organizavimo galimybes: 6 prakti\u0161kos vir\u0161utin\u0117s lentynos, 5 apatin\u0117s lentynos, \u012fskaitant 3 idealias batams; 4 prakti\u0161ki stal\u010diai su tvirtais fasadais apatiniams drabu\u017eiams ir aksesuarams; 2 pakabinimo b\u0117geliai; 3 pakreipiami fasadai. \u0160i spinta sukurta efektyviam daikt\u0173 laikymui, kartu spinduliuodama elegancija ir ramybe. Dvi pakabinimo zonos leid\u017eia lengvai sutvarkyti mar\u0161kinius, striukes, kelnes ar sukneles, o likusiose lentynose galima laikyti \u012fvairius garderobo daiktus. Visa tai lengvai pasiekiama d\u0117l atlenkiam\u0173 fasad\u0173. Keturi erdv\u016bs stal\u010diai yra puiki vieta apatiniams drabu\u017eiams, kojin\u0117ms ir aksesuarams, kuriuos norite laikyti po ranka. Be to, trys atlenkiami fasadai su veidrodin\u0117mis panel\u0117mis suteikia erdv\u0117s ir \u0161viesos, suteikdami j\u016bs\u0173 miegamajam nauj\u0105 spindes\u012f. Baltas spintos korpusas, balti r\u0117miniai fasadai, veidrodin\u0117s plok\u0161t\u0117s ir sidabrin\u0117 rankena sukuria darni\u0105 visum\u0105, kuri puikiai dera prie \u012fvairi\u0173 interjer\u0173. Spintos vidus apdailintas pilka drobe, suteikian\u010dia jai subtil\u0173 charakter\u012f. Stal\u010di\u0173 b\u0117geliai su rutuliniais guoliais u\u017etikrina skland\u0173 ir tyl\u0173 veikim\u0105, o \u0161velnaus u\u017edarymo funkcija paver\u010dia bald\u0173 naudojim\u0105 jusliniu malonumu. \u201eFlex\u201c spinta yra ne tik prakti\u0161kas sprendimas, bet ir suteikia charakterio j\u016bs\u0173 miegamajam. Rinkit\u0117s jau paruo\u0161t\u0105 sprendim\u0105 arba naudokite konfig\u016bratori\u0173, kad pritaikytum\u0117te spint\u0105 pagal savo poreikius. Su ja kiekvienas rytas jus pasitiks ramybe ir harmonija.<\/p>\n<p>Prek\u0117s kodas F57-SZAFA_ZESTAW_23-BI\/BI\/SZ Simbolis ZM EAN Plotis 150 cm Gylis 45 cm Auk\u0161tis 240 cm Kolekcija \u201eFlex\u201c Spalva balta\/balta\/pilka Gaubtas baltas Stilius modernus Med\u017eiaga laminatas Dureli\u0173 skai\u010dius 3 dur\u0173 Stal\u010di\u0173 skai\u010dius 4 stal\u010diai Rankena su ranken\u0117l\u0117mis Ap\u0161vietimas pasirenkamas Gamintojas Juoda Raudona Balta Baldo tipas Spintos PVM mokestis 23% EAN 5906123848015<\/p>","protected":false},"excerpt":{"rendered":"<p>\u201eFlex\u201c spinta \u2013 J\u016bs\u0173 tvarkos karalyst\u0117. \u201eFlex\u201c spinta su veidrod\u017eiu yra ne tik baldas; ji \u017eada s\u0117kming\u0105 ryt\u0105 ir kasdien\u012f komfort\u0105. Harmoningas dizainas ir apgalvotas vidaus i\u0161d\u0117stymas pavers kiekvienos dienos pasiruo\u0161im\u0105 malonumu. \u0160i spinta, kurios matmenys yra 150 x 45 x 240 cm, si\u016blo [\u2026]<\/p>","protected":false},"featured_media":266789,"comment_status":"open","ping_status":"open","template":"","meta":[],"product_brand":[],"product_cat":[9200,1177],"product_tag":[],"class_list":{"0":"post-266788","1":"product","2":"type-product","3":"status-publish","4":"has-post-thumbnail","6":"product_cat-black-red-white","7":"product_cat-wardrobes","9":"first","10":"instock","11":"purchasable","12":"product-type-simple"},"_links":{"self":[{"href":"https:\/\/baldumarket.lt\/lt\/wp-json\/wp\/v2\/product\/266788","targetHints":{"allow":["GET"]}}],"collection":[{"href":"https:\/\/baldumarket.lt\/lt\/wp-json\/wp\/v2\/product"}],"about":[{"href":"https:\/\/baldumarket.lt\/lt\/wp-json\/wp\/v2\/types\/product"}],"replies":[{"embeddable":true,"href":"https:\/\/baldumarket.lt\/lt\/wp-json\/wp\/v2\/comments?post=266788"}],"wp:featuredmedia":[{"embeddable":true,"href":"https:\/\/baldumarket.lt\/lt\/wp-json\/wp\/v2\/media\/266789"}],"wp:attachment":[{"href":"https:\/\/baldumarket.lt\/lt\/wp-json\/wp\/v2\/media?parent=266788"}],"wp:term":[{"taxonomy":"product_brand","embeddable":true,"href":"https:\/\/baldumarket.lt\/lt\/wp-json\/wp\/v2\/product_brand?post=266788"},{"taxonomy":"product_cat","embeddable":true,"href":"https:\/\/baldumarket.lt\/lt\/wp-json\/wp\/v2\/product_cat?post=266788"},{"taxonomy":"product_tag","embeddable":true,"href":"https:\/\/baldumarket.lt\/lt\/wp-json\/wp\/v2\/product_tag?post=266788"}],"curies":[{"name":"wp","href":"https:\/\/api.w.org\/{rel}","templated":true}]}}