{"id":266782,"date":"2026-01-14T00:28:47","date_gmt":"2026-01-13T21:28:47","guid":{"rendered":"https:\/\/baldumarket.lt\/product\/szafa-trzydrzwiowa-z-lustrem-flex-150-cm-bialy-2\/"},"modified":"2026-02-11T18:18:19","modified_gmt":"2026-02-11T15:18:19","slug":"szafa-trzydrzwiowa-z-lustrem-flex-150-cm-bialy-2","status":"publish","type":"product","link":"https:\/\/baldumarket.lt\/lt\/product\/szafa-trzydrzwiowa-z-lustrem-flex-150-cm-bialy-2\/","title":{"rendered":"Trij\u0173 dur\u0173 spinta su veidrod\u017eiu FLEX 150 cm, balta"},"content":{"rendered":"<p>\u201eFlex\u201c spinta \u2013 dizainas ir funkcionalumas j\u016bs\u0173 namuose. \u012esp\u016bding\u0173 150 x 240 x 66 cm matmen\u0173 \u201eFlex\u201c miegamojo spinta sujungia erdvum\u0105, tvark\u0105 ir stili\u0173. Tai puikus sprendimas tiems, kuriems reikia daug vietos drabu\u017eiams, kartu vertinant estetik\u0105 ir funkcionalum\u0105. Spintos vidus suprojektuotas atsi\u017evelgiant \u012f maksimali\u0105 daikt\u0173 saugojimo viet\u0105, tod\u0117l nereikia chaoti\u0161kai ie\u0161koti daikt\u0173. Trys pakabinimo b\u0117geliai leid\u017eia patogiai pakabinti drabu\u017eius, nereikia j\u0173 sulankstyti ir lyginti, taip sutaupant laiko. Vir\u0161utin\u0117je spintos dalyje yra \u0161e\u0161ios lentynos, idealiai tinkan\u010dios re\u010diau naudojamiems daiktams, pavyzd\u017eiui, patalynei, sezoniniams drabu\u017eiams ir rank\u0161luos\u010diams, laikyti. Trys papildomos lentynos de\u0161in\u0117je pus\u0117je u\u017etikrina, kad kiekvienas spintos daiktas rast\u0173 savo viet\u0105 ir b\u016bt\u0173 tvarkingas. Keturi stal\u010diai apa\u010dioje puikiai tinka apatiniams drabu\u017eiams, mar\u0161kin\u0117liams ir kojin\u0117ms laikyti. D\u0117l \u0161velnaus u\u017edarymo sistemos kasdien\u0117 organizavimas yra lengvesnis nei bet kada anks\u010diau. Spintos r\u0117mai ir du fasadai yra eleganti\u0161kos baltos spalvos, o tre\u010diasis fasadas su veidrod\u017eiu kair\u0117je pus\u0117je suteikia prakti\u0161kumo. Tai puikus sprendimas norint greitai per\u017ei\u016br\u0117ti aprang\u0105 prie\u0161 i\u0161einant \u012f lauk\u0105. Visas spintos vidus, \u012fskaitant aksesuarus, apdailintas prakti\u0161ka pilka drobe, suteikian\u010dia spintai modern\u0173 ir darn\u0173 vaizd\u0105. Tai ne tik prakti\u0161kas sprendimas j\u016bs\u0173 daikt\u0173 laikymo poreikiams, bet ir eleganti\u0161kas bet kurio miegamojo ar prie\u0161kambario akcentas.<\/p>\n<p>Prek\u0117s kodas F57-SZAFA_ZESTAW_122-BI Simbolis ZM EAN Plotis 150 cm Gylis 66 cm Auk\u0161tis 240 cm Kolekcija \u201eFlex\u201c Spalva balta Atspalvis baltas Stilius modernus Med\u017eiaga laminatas Dureli\u0173 skai\u010dius 3 dur\u0173 Stal\u010di\u0173 skai\u010dius 4 stal\u010diai Rankena su ranken\u0117l\u0117mis Ap\u0161vietimas pasirenkamas Gamintojas Juoda Raudona Balta Baldo tipas Spintos PVM mokestis 23% EAN 5906123847605<\/p>","protected":false},"excerpt":{"rendered":"<p>Flex Wardrobe \u2013 Design and Functionality in Your Home. The Flex bedroom wardrobe, with its impressive dimensions of 150 x 240 x 66 cm, combines spaciousness, order, and style. It&#8217;s the perfect solution for those who need ample space for clothes while also valuing aesthetics and functionality. The wardrobe&#8217;s interior has been designed with maximum [&hellip;]<\/p>","protected":false},"featured_media":266783,"comment_status":"open","ping_status":"open","template":"","meta":[],"product_brand":[],"product_cat":[9200,1177],"product_tag":[],"class_list":{"0":"post-266782","1":"product","2":"type-product","3":"status-publish","4":"has-post-thumbnail","6":"product_cat-black-red-white","7":"product_cat-wardrobes","9":"first","10":"instock","11":"purchasable","12":"product-type-simple"},"_links":{"self":[{"href":"https:\/\/baldumarket.lt\/lt\/wp-json\/wp\/v2\/product\/266782","targetHints":{"allow":["GET"]}}],"collection":[{"href":"https:\/\/baldumarket.lt\/lt\/wp-json\/wp\/v2\/product"}],"about":[{"href":"https:\/\/baldumarket.lt\/lt\/wp-json\/wp\/v2\/types\/product"}],"replies":[{"embeddable":true,"href":"https:\/\/baldumarket.lt\/lt\/wp-json\/wp\/v2\/comments?post=266782"}],"wp:featuredmedia":[{"embeddable":true,"href":"https:\/\/baldumarket.lt\/lt\/wp-json\/wp\/v2\/media\/266783"}],"wp:attachment":[{"href":"https:\/\/baldumarket.lt\/lt\/wp-json\/wp\/v2\/media?parent=266782"}],"wp:term":[{"taxonomy":"product_brand","embeddable":true,"href":"https:\/\/baldumarket.lt\/lt\/wp-json\/wp\/v2\/product_brand?post=266782"},{"taxonomy":"product_cat","embeddable":true,"href":"https:\/\/baldumarket.lt\/lt\/wp-json\/wp\/v2\/product_cat?post=266782"},{"taxonomy":"product_tag","embeddable":true,"href":"https:\/\/baldumarket.lt\/lt\/wp-json\/wp\/v2\/product_tag?post=266782"}],"curies":[{"name":"wp","href":"https:\/\/api.w.org\/{rel}","templated":true}]}}