{"id":266779,"date":"2026-01-14T00:28:44","date_gmt":"2026-01-13T21:28:44","guid":{"rendered":"https:\/\/baldumarket.lt\/product\/szafa-trzydrzwiowa-z-lustrem-flex-150-cm-bialy\/"},"modified":"2026-02-11T18:18:19","modified_gmt":"2026-02-11T15:18:19","slug":"szafa-trzydrzwiowa-z-lustrem-flex-150-cm-bialy","status":"publish","type":"product","link":"https:\/\/baldumarket.lt\/lt\/product\/szafa-trzydrzwiowa-z-lustrem-flex-150-cm-bialy\/","title":{"rendered":"Trij\u0173 dur\u0173 spinta su veidrod\u017eiu FLEX 150 cm, balta"},"content":{"rendered":"<p>\u201eFlex\u201c spinta \u2013 funkcionalumas ir modernus dizainas. \u201eFlex\u201c spinta \u2013 tai tobulas funkcionalumo, estetikos ir modernaus dizaino derinys. Trij\u0173 dur\u0173 konstrukcija, kurios matmenys \u2013 150 x 240 x 45 cm, puikiai tinka \u012fvairioms erdv\u0117ms \u2013 nuo ma\u017e\u0173 miegam\u0173j\u0173 iki eleganti\u0161k\u0173 persirengimo kambari\u0173. \u201eFlex\u201c spintos dizainas harmoningai derina matin\u0117s baltos spalvos korpus\u0105 su dviem matin\u0117s baltos spalvos r\u0117miniais fasadais ir veidrodiniu fasadu. Spalv\u0173 schema suteikia interjerui gaivumo ir lengvumo poj\u016bt\u012f, pabr\u0117\u017eiant modern\u0173 bald\u0173 charakter\u012f. Be to, pilkos drob\u0117s spalvos rankenos yra prakti\u0161kas ir esteti\u0161kai patrauklus elementas. Apgalvotas zon\u0173 i\u0161d\u0117stymas \u201eFlex\u201c spintoje leid\u017eia lengvai ir efektyviai laikyti drabu\u017eius. Trys stal\u010diai apatiniame de\u0161iniajame kampe suteikia vietos apatiniams drabu\u017eiams, aksesuarams ir kojin\u0117ms. Drabu\u017ei\u0173 kabyklos, esan\u010dios apatiniame kairiajame kampe, leid\u017eia pakabinti mar\u0161kinius, striukes ir \u0161varkus, tod\u0117l drabu\u017eiai nesusiglam\u017eo ir nereikia lyginti. Septynios erdvios lentynos vir\u0161uje suteikia papildomos vietos patalynei, rank\u0161luos\u010diams ir kitiems sezoniniams daiktams. \u201eFlex\u201c spinta si\u016blo ne tik drabu\u017ei\u0173 laikymo viet\u0105, bet ir funkcional\u0173 \u012fvairi\u0173 daikt\u0173 organizatori\u0173. Nepaisant savo talpos, \u201eFlex\u201c spinta sukurta u\u017eimti gana ma\u017eai vietos. D\u0117l universalaus dizaino ji puikiai tinka \u012fvairiems interjero stiliams \u2013 nuo modernaus minimalizmo iki klasikin\u0117s elegancijos. Nepriklausomai nuo j\u016bs\u0173 pageidavim\u0173, \u201eFlex\u201c spinta pateisins visus j\u016bs\u0173 funkcionalumo ir estetikos l\u016bkes\u010dius.<\/p>\n<p>Prek\u0117s kodas F57-SZAFA_ZESTAW_133-BI Simbolis ZM EAN Plotis 150 cm Gylis 45 cm Auk\u0161tis 240 cm Kolekcija \u201eFlex\u201c Spalva balta Atspalvis baltas Stilius modernus Med\u017eiaga laminatas Dureli\u0173 skai\u010dius 3 dur\u0173 Stal\u010di\u0173 skai\u010dius 3 stal\u010diai Rankena su ranken\u0117l\u0117mis Ap\u0161vietimas pasirenkamas Gamintojas Juoda Raudona Balta Baldo tipas Spintos PVM mokestis 23% EAN 5906123847742<\/p>","protected":false},"excerpt":{"rendered":"<p>\u201eFlex\u201c spinta \u2013 funkcionalumas ir modernus dizainas. \u201eFlex\u201c spinta \u2013 tai puikus funkcionalumo, estetikos ir modernaus dizaino derinys. Trij\u0173 dur\u0173 konstrukcija, kurios matmenys \u2013 150 x 240 x 45 cm, puikiai tinka \u012fvairioms erdv\u0117ms \u2013 nuo ma\u017e\u0173 miegam\u0173j\u0173 iki eleganti\u0161k\u0173 persirengimo kambari\u0173. \u201eFlex\u201c spintos dizainas harmoningai sujungia [\u2026]<\/p>","protected":false},"featured_media":266780,"comment_status":"open","ping_status":"open","template":"","meta":[],"product_brand":[],"product_cat":[9200,1177],"product_tag":[],"class_list":{"0":"post-266779","1":"product","2":"type-product","3":"status-publish","4":"has-post-thumbnail","6":"product_cat-black-red-white","7":"product_cat-wardrobes","9":"first","10":"instock","11":"purchasable","12":"product-type-simple"},"_links":{"self":[{"href":"https:\/\/baldumarket.lt\/lt\/wp-json\/wp\/v2\/product\/266779","targetHints":{"allow":["GET"]}}],"collection":[{"href":"https:\/\/baldumarket.lt\/lt\/wp-json\/wp\/v2\/product"}],"about":[{"href":"https:\/\/baldumarket.lt\/lt\/wp-json\/wp\/v2\/types\/product"}],"replies":[{"embeddable":true,"href":"https:\/\/baldumarket.lt\/lt\/wp-json\/wp\/v2\/comments?post=266779"}],"wp:featuredmedia":[{"embeddable":true,"href":"https:\/\/baldumarket.lt\/lt\/wp-json\/wp\/v2\/media\/266780"}],"wp:attachment":[{"href":"https:\/\/baldumarket.lt\/lt\/wp-json\/wp\/v2\/media?parent=266779"}],"wp:term":[{"taxonomy":"product_brand","embeddable":true,"href":"https:\/\/baldumarket.lt\/lt\/wp-json\/wp\/v2\/product_brand?post=266779"},{"taxonomy":"product_cat","embeddable":true,"href":"https:\/\/baldumarket.lt\/lt\/wp-json\/wp\/v2\/product_cat?post=266779"},{"taxonomy":"product_tag","embeddable":true,"href":"https:\/\/baldumarket.lt\/lt\/wp-json\/wp\/v2\/product_tag?post=266779"}],"curies":[{"name":"wp","href":"https:\/\/api.w.org\/{rel}","templated":true}]}}