{"id":266771,"date":"2026-01-14T00:28:37","date_gmt":"2026-01-13T21:28:37","guid":{"rendered":"https:\/\/baldumarket.lt\/product\/szafa-trzydrzwiowa-z-lustrem-flex-125-cm-bialy-szary\/"},"modified":"2026-02-11T18:18:19","modified_gmt":"2026-02-11T15:18:19","slug":"szafa-trzydrzwiowa-z-lustrem-flex-125-cm-bialy-szary","status":"publish","type":"product","link":"https:\/\/baldumarket.lt\/lt\/product\/szafa-trzydrzwiowa-z-lustrem-flex-125-cm-bialy-szary\/","title":{"rendered":"FLEX trij\u0173 dur\u0173 spinta su veidrod\u017eiu, 125 cm, balta\/pilka"},"content":{"rendered":"<p>\u201eFlex\u201c spinta \u2013 tvarka ir elegancija visuose kambariuose. Ie\u0161kote stilingo ir funkcionalaus sprendimo daiktams laikyti? \u201eFlex\u201c spinta \u2013 puikus pasirinkimas ne tik miegamajam, bet ir prie\u0161kambariui, svetainei ar jaunimo kambariui. Universalus dizainas leid\u017eia lengvai pritaikyti j\u0105 prie \u012fvairi\u0173 interjero dizain\u0173, suteikiant elegancijos. \u201eFlex\u201c spinta su veidrod\u017eiu \u2013 puikus pasirinkimas tiems, kurie nori \u012f savo interjer\u0105 \u012fne\u0161ti gaivumo ir lengvumo. Ji idealiai tinka vidutinio dyd\u017eio prie\u0161kambariui, miegamajam ar jaunimo kambariui. Ry\u0161kios spalvos ir veidrodiniai elementai vizualiai padidins erdv\u0119, o minimalistinis dizainas suteiks interjerui modernumo. 125 x 66 x 240 cm dyd\u017eio spintel\u0117 si\u016blo: \u2013 4 vir\u0161utines lentynas, idealiai tinkan\u010dias \u012fvairiems smulkiems daiktams laikyti,<br \/>\n\u2013 4 lentynos drabu\u017eiams arba tekstilei,<br \/>\n\u2013 1 pakabinimo karnizas mar\u0161kiniams, striuk\u0117ms ar suknel\u0117ms,<br \/>\n\u2013 6 prakti\u0161ki stal\u010diai su \u0161velnaus u\u017edarymo funkcija apatiniams drabu\u017eiams ir aksesuarams,<br \/>\n\u2013 3 atver\u010diami fasadai, kad b\u016bt\u0173 lengva pasiekti spintos turin\u012f. Baltas korpusas, balto r\u0117mo atspalvi\u0173 fasadai ir veidrodinis skydelis sukuria harmoning\u0105 kompozicij\u0105. Juodos spalvos ranken\u0117l\u0117s suteikia subtilumo. Pilkas lininis spintos vidus suteikia eleganti\u0161k\u0105 charakter\u012f. Stal\u010di\u0173 b\u0117geliai su rutuliniais guoliais u\u017etikrina skland\u0173 ir tyl\u0173 veikim\u0105, o judesio jutikliu valdomas LED ap\u0161vietimas yra prakti\u0161kas sprendimas, u\u017etikrinantis lengv\u0105 naudojim\u0105, ypa\u010d esant prastam ap\u0161vietimui. Spinta \u201eFlex\u201c \u2013 tai ne tik drabu\u017ei\u0173 vieta, bet ir dekoratyvinis elementas, suteikiantis kambariui unikal\u0173 charakter\u012f.<\/p>\n<p>Prek\u0117s kodas F57-SZAFA_ZESTAW_36-BI\/BI\/SZ Simbolis ZM EAN Plotis 125 cm Gylis 66 cm Auk\u0161tis 240 cm Kolekcija \u201eFlex\u201c Spalva balta\/balta\/pilka Gaubtas baltas Stilius modernus Med\u017eiaga laminatas Dureli\u0173 skai\u010dius 3 dur\u0173 Stal\u010di\u0173 skai\u010dius 5 ir daugiau stal\u010di\u0173 Rankena su ranken\u0117l\u0117mis Ap\u0161vietimas pasirenkamas Gamintojas Juoda Raudona Balta Baldo tipas Spintos PVM mokestis 23% EAN 5906123848145<\/p>","protected":false},"excerpt":{"rendered":"<p>\u201eFlex\u201c spinta \u2013 tvarka ir elegancija visuose kambariuose. Ie\u0161kote stilingo ir funkcionalaus sprendimo daiktams laikyti? \u201eFlex\u201c spinta \u2013 puikus pasirinkimas ne tik miegamajam, bet ir prie\u0161kambariui, svetainei ar jaunimo kambariui. Universalus dizainas leid\u017eia lengvai pritaikyti j\u0105 prie \u012fvairi\u0173 interjero dizain\u0173, suteikiant elegancijos. [\u2026]<\/p>","protected":false},"featured_media":266772,"comment_status":"open","ping_status":"open","template":"","meta":[],"product_brand":[],"product_cat":[9200,1177],"product_tag":[],"class_list":{"0":"post-266771","1":"product","2":"type-product","3":"status-publish","4":"has-post-thumbnail","6":"product_cat-black-red-white","7":"product_cat-wardrobes","9":"first","10":"instock","11":"purchasable","12":"product-type-simple"},"_links":{"self":[{"href":"https:\/\/baldumarket.lt\/lt\/wp-json\/wp\/v2\/product\/266771","targetHints":{"allow":["GET"]}}],"collection":[{"href":"https:\/\/baldumarket.lt\/lt\/wp-json\/wp\/v2\/product"}],"about":[{"href":"https:\/\/baldumarket.lt\/lt\/wp-json\/wp\/v2\/types\/product"}],"replies":[{"embeddable":true,"href":"https:\/\/baldumarket.lt\/lt\/wp-json\/wp\/v2\/comments?post=266771"}],"wp:featuredmedia":[{"embeddable":true,"href":"https:\/\/baldumarket.lt\/lt\/wp-json\/wp\/v2\/media\/266772"}],"wp:attachment":[{"href":"https:\/\/baldumarket.lt\/lt\/wp-json\/wp\/v2\/media?parent=266771"}],"wp:term":[{"taxonomy":"product_brand","embeddable":true,"href":"https:\/\/baldumarket.lt\/lt\/wp-json\/wp\/v2\/product_brand?post=266771"},{"taxonomy":"product_cat","embeddable":true,"href":"https:\/\/baldumarket.lt\/lt\/wp-json\/wp\/v2\/product_cat?post=266771"},{"taxonomy":"product_tag","embeddable":true,"href":"https:\/\/baldumarket.lt\/lt\/wp-json\/wp\/v2\/product_tag?post=266771"}],"curies":[{"name":"wp","href":"https:\/\/api.w.org\/{rel}","templated":true}]}}