{"id":266763,"date":"2026-01-14T00:28:31","date_gmt":"2026-01-13T21:28:31","guid":{"rendered":"https:\/\/baldumarket.lt\/product\/szafa-trzydrzwiowa-z-frontem-lustrzanym-i-trzema-szufladami-ruso-1785-cm-dab-april-czarny-mat\/"},"modified":"2026-02-11T18:18:19","modified_gmt":"2026-02-11T15:18:19","slug":"szafa-trzydrzwiowa-z-frontem-lustrzanym-i-trzema-szufladami-ruso-1785-cm-dab-april-czarny-mat","status":"publish","type":"product","link":"https:\/\/baldumarket.lt\/lt\/product\/szafa-trzydrzwiowa-z-frontem-lustrzanym-i-trzema-szufladami-ruso-1785-cm-dab-april-czarny-mat\/","title":{"rendered":"Trij\u0173 dur\u0173 spinta su veidrodiniu priekiu ir trimis stal\u010diais RUSO 178,5 cm, baland\u017eio \u0105\u017euolo spalvos\/matin\u0117s juodos spalvos"},"content":{"rendered":"<p>\u201eRuso\u201c spinta \u2013 puikus pasirinkimas mados myl\u0117tojams. Dekoruojant miegam\u0105j\u012f, spinta tampa vienu svarbiausi\u0173 element\u0173, ypa\u010d jei esate mados entuziastas ir jums reikia pakankamai vietos savo garderobui. \u201eRuso\u201c kolekcija gali pateisinti j\u016bs\u0173 l\u016bkes\u010dius, ir \u0161tai kod\u0117l verta rinktis \u201eRuso\u201c spint\u0105: trij\u0173 dur\u0173 \u201eRuso\u201c spinta si\u016blo daug vietos drabu\u017eiams ir aksesuarams laikyti. Apatin\u0117je dalyje rasite keturias prakti\u0161kas lentynas, pasl\u0117ptas u\u017e tvirt\u0173 fasad\u0173, pakabos b\u0117gel\u012f ir tris kompakti\u0161kus stal\u010dius, puikiai tinkan\u010dius apatiniams drabu\u017eiams, pagalvi\u0173 u\u017evalkalams ar aksesuarams. Spinta apr\u016bpinta veidrod\u017eiu, kuris ne tik leid\u017eia ap\u017ei\u016br\u0117ti savo i\u0161vaizd\u0105, bet ir vizualiai padidina bei pa\u0161viesina miegamojo erdv\u0119. Pastorinti \u0161onai, dekoratyviniai cokoliai ir \u012fgilintas priekis suteikia \u201eRuso\u201c spintai tvirto charakterio. Kontrastingos \u201eApril Oak\u201c korpuso ir matin\u0117s juodos spalvos priekio spalvos suteikia elegancijos. Komplekte yra matin\u0117 lavos spalvos juostel\u0117, kuri\u0105 galima \u012fmontuoti \u012f fasad\u0173 \u012fdubas, suteikdama dar daugiau \u017eavesio. \u201eRuso\u201c spintos aksesuarai turi \u0161velnaus u\u017edarymo sistem\u0105, tod\u0117l j\u0105 patogu naudoti. \u201eRuso\u201c spinta gali b\u016bti derinama su kitais \u201eRuso\u201c kolekcijos baldais, sukuriant darni\u0105 ir funkcionali\u0105 erdv\u0119 miegamajame. Trumpai tariant, \u201eRuso\u201c spinta yra puikus sprendimas mados ir esteti\u0161ko interjero dizaino m\u0117g\u0117jams. Ji gali pad\u0117ti sutvarkyti garderob\u0105 ir suteikti miegamajam \u017eavesio bei elegancijos. Derindami \u201eRuso\u201c kolekcijos baldus, galite sukurti darni\u0105 erdv\u0119, atspindin\u010di\u0105 j\u016bs\u0173 gyvenimo b\u016bd\u0105 ir skon\u012f.<\/p>\n<p>Prek\u0117s kodas S407-SZF2D1M3S-DARL\/CAM Simbolis ZM EAN Plotis 178,5 cm Gylis 60,5 cm Auk\u0161tis 204,5 cm Kolekcija Ruso Spalva baland\u017eio spalvos \u0105\u017euolas\/matin\u0117 juoda Atspalvis tamsi mediena Stilius modernus Med\u017eiaga laminatas Dureli\u0173 skai\u010dius 3 dur\u0173 Stal\u010di\u0173 skai\u010dius 3 stal\u010diai Rankena be ranken\u0117li\u0173 Gamintojas Juoda Raudona Balta Baldo tipas Spintos PVM mokestis 23% EAN 5906123944861<\/p>","protected":false},"excerpt":{"rendered":"<p>\u201eRuso\u201c spinta \u2013 puikus pasirinkimas mados myl\u0117tojams. Dekoruojant miegam\u0105j\u012f, spinta tampa vienu svarbiausi\u0173 element\u0173, ypa\u010d jei esate mados entuziastas ir jums reikia pakankamai vietos savo garderobui. \u201eRuso\u201c kolekcija gali pateisinti j\u016bs\u0173 l\u016bkes\u010dius, ir \u0161tai kod\u0117l verta rinktis \u201eRuso\u201c spint\u0105: trij\u0173 dur\u0173 \u201eRuso\u201c [\u2026]<\/p>","protected":false},"featured_media":266764,"comment_status":"open","ping_status":"open","template":"","meta":[],"product_brand":[],"product_cat":[9200,1177],"product_tag":[],"class_list":{"0":"post-266763","1":"product","2":"type-product","3":"status-publish","4":"has-post-thumbnail","6":"product_cat-black-red-white","7":"product_cat-wardrobes","9":"first","10":"instock","11":"purchasable","12":"product-type-simple"},"_links":{"self":[{"href":"https:\/\/baldumarket.lt\/lt\/wp-json\/wp\/v2\/product\/266763","targetHints":{"allow":["GET"]}}],"collection":[{"href":"https:\/\/baldumarket.lt\/lt\/wp-json\/wp\/v2\/product"}],"about":[{"href":"https:\/\/baldumarket.lt\/lt\/wp-json\/wp\/v2\/types\/product"}],"replies":[{"embeddable":true,"href":"https:\/\/baldumarket.lt\/lt\/wp-json\/wp\/v2\/comments?post=266763"}],"wp:featuredmedia":[{"embeddable":true,"href":"https:\/\/baldumarket.lt\/lt\/wp-json\/wp\/v2\/media\/266764"}],"wp:attachment":[{"href":"https:\/\/baldumarket.lt\/lt\/wp-json\/wp\/v2\/media?parent=266763"}],"wp:term":[{"taxonomy":"product_brand","embeddable":true,"href":"https:\/\/baldumarket.lt\/lt\/wp-json\/wp\/v2\/product_brand?post=266763"},{"taxonomy":"product_cat","embeddable":true,"href":"https:\/\/baldumarket.lt\/lt\/wp-json\/wp\/v2\/product_cat?post=266763"},{"taxonomy":"product_tag","embeddable":true,"href":"https:\/\/baldumarket.lt\/lt\/wp-json\/wp\/v2\/product_tag?post=266763"}],"curies":[{"name":"wp","href":"https:\/\/api.w.org\/{rel}","templated":true}]}}