{"id":266755,"date":"2026-01-14T00:28:24","date_gmt":"2026-01-13T21:28:24","guid":{"rendered":"https:\/\/baldumarket.lt\/product\/szafa-trzydrzwiowa-z-dwoma-szufladami-ostia-1805-cm-dab-artisan-czarny-blask\/"},"modified":"2026-02-11T18:18:19","modified_gmt":"2026-02-11T15:18:19","slug":"szafa-trzydrzwiowa-z-dwoma-szufladami-ostia-1805-cm-dab-artisan-czarny-blask","status":"publish","type":"product","link":"https:\/\/baldumarket.lt\/lt\/product\/szafa-trzydrzwiowa-z-dwoma-szufladami-ostia-1805-cm-dab-artisan-czarny-blask\/","title":{"rendered":"OSTIA trij\u0173 dur\u0173 spinta su dviem stal\u010diais, 180,5 cm, dirbtinio \u0105\u017euolo imitacija, blizgi juoda spalva"},"content":{"rendered":"<p>\u201eOstia\u201c spinta \u2013 erdvi ir eleganti\u0161ka daikt\u0173 laikymo vieta. Jei ie\u0161kote interjero dizaino, kuris \u017eav\u0117t\u0173 ir funkcionalumu, ir stiliumi, \u201eOstia\u201c kolekcija gali b\u016bti b\u016btent tai, ko jums reikia. \u0160i bald\u0173 linija atspindi tvirt\u0105 stili\u0173, pasi\u017eymint\u012f nesenstan\u010dia estetika, pastorintomis sienel\u0117mis, dekoratyviniais lipdiniais ir LED ap\u0161vietimu. D\u0117l \u012fvairi\u0173 kolekcijos form\u0173 galite \u012frengti savo svetain\u0119, valgom\u0105j\u012f ar miegam\u0105j\u012f pagal savo skon\u012f. \u201eOstia\u201c spinta puikiai tinka miegamajam, persirengimo kambariui ar prie\u0161kambariui \u2013 bet kur, kur jums reikia vietos drabu\u017eiams ir aksesuarams laikyti. Ant pakab\u0173 galite pakabinti sukneles, kostium\u0117lius ir paltus, o erdvi erdv\u0117 su pakabos b\u0117geliu suteikia vietos ilgiems drabu\u017eiams. Lentynose lengvai telpa palaidin\u0117s, mar\u0161kin\u0117liai ir megztiniai, o dviejuose dideliuose stal\u010diuose telpa papuo\u0161alai ir aksesuarai. \u201eOstia\u201c spinta \u017eavi pastorintomis sienel\u0117mis ir nat\u016bralia meni\u0161ko \u0105\u017euolo spalva. Degtos lentos spalvos juostel\u0117 ir LED ap\u0161vietimas suteikia eleganti\u0161k\u0105 akcent\u0105, pabr\u0117\u017eiant\u012f bald\u0173 stili\u0173. Juodas pagrindas suteikia charakterio bendram dizainui. Patogios juodos rankenos ir \u0161velniai u\u017esidarantys, visi\u0161kai i\u0161traukiami b\u0117geliai u\u017etikrina lengv\u0105 dureli\u0173 atidarym\u0105. Trij\u0173 dur\u0173 \u201eOstia\u201c spinta gali b\u016bti pastatyta atskirai koridoriuje arba derinama su lova, komoda ar kita \u201eOstia\u201c spinta miegamajame ar r\u016bbin\u0117je. Dizaino galimyb\u0117s yra begal\u0117s, juolab kad kolekcija si\u016blo plat\u0173 element\u0173 pasirinkim\u0105.<\/p>\n<p>Prek\u0117s kodas S467-SZF3D2S-DASN\/CABL Simbolis ZM EAN Plotis 180,5 cm Gylis 56 cm Auk\u0161tis 199 cm Kolekcija Ostia Spalva meni\u0161kas \u0105\u017euolas\/blizgi juoda Gaubtas \u0161viesus medis Stilius modernus Dur\u0173 skai\u010dius 3 dur\u0173 Stal\u010di\u0173 skai\u010dius 2 stal\u010diai Rankena su rankenomis Gamintojas Juoda Raudona Balta Baldo tipas Spintos PVM 23% EAN 5906123705257<\/p>","protected":false},"excerpt":{"rendered":"<p>\u201eOstia\u201c spinta \u2013 erdvi ir eleganti\u0161ka daikt\u0173 laikymo vieta. Jei ie\u0161kote interjero dizaino, kuris \u017eav\u0117t\u0173 ir funkcionalumu, ir stiliumi, \u201eOstia\u201c kolekcija gali b\u016bti b\u016btent tai, ko jums reikia. \u0160i bald\u0173 linija atspindi tvirt\u0105 stili\u0173, kuriam b\u016bdinga nesenstanti estetika, pastorintos sienel\u0117s, dekoratyvin\u0117s apdailos ir LED ap\u0161vietimas. D\u0117l \u012fvairi\u0173 kolekcijos form\u0173 [\u2026]<\/p>","protected":false},"featured_media":266756,"comment_status":"open","ping_status":"open","template":"","meta":[],"product_brand":[],"product_cat":[9200,1177],"product_tag":[],"class_list":{"0":"post-266755","1":"product","2":"type-product","3":"status-publish","4":"has-post-thumbnail","6":"product_cat-black-red-white","7":"product_cat-wardrobes","9":"first","10":"instock","11":"purchasable","12":"product-type-simple"},"_links":{"self":[{"href":"https:\/\/baldumarket.lt\/lt\/wp-json\/wp\/v2\/product\/266755","targetHints":{"allow":["GET"]}}],"collection":[{"href":"https:\/\/baldumarket.lt\/lt\/wp-json\/wp\/v2\/product"}],"about":[{"href":"https:\/\/baldumarket.lt\/lt\/wp-json\/wp\/v2\/types\/product"}],"replies":[{"embeddable":true,"href":"https:\/\/baldumarket.lt\/lt\/wp-json\/wp\/v2\/comments?post=266755"}],"wp:featuredmedia":[{"embeddable":true,"href":"https:\/\/baldumarket.lt\/lt\/wp-json\/wp\/v2\/media\/266756"}],"wp:attachment":[{"href":"https:\/\/baldumarket.lt\/lt\/wp-json\/wp\/v2\/media?parent=266755"}],"wp:term":[{"taxonomy":"product_brand","embeddable":true,"href":"https:\/\/baldumarket.lt\/lt\/wp-json\/wp\/v2\/product_brand?post=266755"},{"taxonomy":"product_cat","embeddable":true,"href":"https:\/\/baldumarket.lt\/lt\/wp-json\/wp\/v2\/product_cat?post=266755"},{"taxonomy":"product_tag","embeddable":true,"href":"https:\/\/baldumarket.lt\/lt\/wp-json\/wp\/v2\/product_tag?post=266755"}],"curies":[{"name":"wp","href":"https:\/\/api.w.org\/{rel}","templated":true}]}}