{"id":266731,"date":"2026-01-14T00:28:01","date_gmt":"2026-01-13T21:28:01","guid":{"rendered":"https:\/\/baldumarket.lt\/product\/szafa-trzydrzwiowa-z-dwoma-szufladami-nepo-plus-1185-cm-bialy\/"},"modified":"2026-02-11T18:18:20","modified_gmt":"2026-02-11T15:18:20","slug":"szafa-trzydrzwiowa-z-dwoma-szufladami-nepo-plus-1185-cm-bialy","status":"publish","type":"product","link":"https:\/\/baldumarket.lt\/lt\/product\/szafa-trzydrzwiowa-z-dwoma-szufladami-nepo-plus-1185-cm-bialy\/","title":{"rendered":"Trij\u0173 dur\u0173 spinta su dviem stal\u010diais NEPO PLUS 118,5 cm balta"},"content":{"rendered":"<p>\u201eNepo Plus\u201c spinta \u2013 talpi ir paprasta elegancija. \u201eNepo Plus\u201c kolekcija yra unikalus bald\u0173, jungian\u010di\u0173 paprast\u0105 form\u0105 su auk\u0161tos kokyb\u0117s meistri\u0161kumu, pavyzdys. \u201eNepo Plus\u201c spinta yra erdvi trij\u0173 dur\u0173 spinta, puikiai deranti prie \u0161iuolaikini\u0173 interjero dizaino tendencij\u0173. Vienas i\u0161 pagrindini\u0173 jos privalum\u0173 \u2013 talpi. \u201eNepo Plus\u201c spinta yra puikus sprendimas tiems, kurie vertina tvark\u0105 spintoje. U\u017e tvirt\u0173 spintos fasad\u0173 rasite dvi vir\u0161utines lentynas ir du pakabos b\u0117gelius. Tai puiki vieta laikyti sezoninius drabu\u017eius, paltus, sukneles ar kostiumus. \u0160is sprendimas suteikia jums visi\u0161k\u0105 spintos kontrol\u0119 ir leid\u017eia lengvai j\u0105 pritaikyti prie savo poreiki\u0173. Be to, \u201eNepo Plus\u201c spintoje yra du kompakti\u0161ki stal\u010diai, puikiai tinkantys apatiniams drabu\u017eiams, aksesuarams ar kitiems smulkiems daiktams laikyti. \u0160is sprendimas padeda palaikyti tvark\u0105 ir u\u017etikrina lengv\u0105 prieig\u0105 prie reikiam\u0173 daikt\u0173. \u201eNepo Plus\u201c kolekcija taip pat si\u016blo galimyb\u0119 i\u0161pl\u0117sti spint\u0105. Galite rinktis i\u0161 dviej\u0173 piln\u0173 lentyn\u0173 komplekt\u0173: trij\u0173 pla\u010di\u0173 ir dviej\u0173 siaur\u0173. Tai suteikia jums lankstumo ir leid\u017eia pritaikyti spint\u0105 pagal savo poreikius. Galite nuspr\u0119sti, kurios lentynos geriausiai atitiks j\u016bs\u0173 l\u016bkes\u010dius ir pad\u0117s sutvarkyti j\u016bs\u0173 garderob\u0105. \u201eNepo Plus\u201c spinta ne tik pasi\u017eymi puikiu funkcionalumu, bet ir atrodo stilingai bei eleganti\u0161kai. Minimalistinis dizainas atitinka \u0161iuolaikines interjero dizaino tendencijas ir suteikia interjerui harmonijos. Trumpai tariant, \u201eNepo Plus\u201c spinta yra puikus sprendimas tiems, kurie vertina tvark\u0105 ir organizuotum\u0105 savo spintoje. D\u0117l savo talpumo, i\u0161pl\u0117timo galimybi\u0173 ir eleganti\u0161kos i\u0161vaizdos ji taps j\u016bs\u0173 miegamojo ar drabu\u017ei\u0173 laikymo vietos pagrindiniu elementu. \u201eNepo Plus\u201c spinta \u2013 talpi ir paprasta elegancija, kuri pateisins j\u016bs\u0173 l\u016bkes\u010dius.<\/p>\n<p>Prek\u0117s kodas S435-SZF3D2S-BI Simbolis ZM EAN Plotis 118,5 cm Gylis 54,5 cm Auk\u0161tis 197 cm Kolekcija \u201eNepo Plus\u201c Spalva balta Baltas atspalvis Stilius modernus Dur\u0173 skai\u010dius 3 dur\u0173 Stal\u010di\u0173 skai\u010dius 2 stal\u010diai Rankena su rankenomis Gamintojas Juoda Raudona Balta Baldo tipas Spintos PVM 23% EAN 5906123950992<\/p>","protected":false},"excerpt":{"rendered":"<p>\u201eNepo Plus\u201c spinta \u2013 talpi ir paprasta elegancija. \u201eNepo Plus\u201c kolekcija yra unikalus bald\u0173, kuriuose derinama paprasta forma ir auk\u0161tos kokyb\u0117s meistri\u0161kumas, pavyzdys. \u201eNepo Plus\u201c spinta \u2013 tai erdvi trij\u0173 dur\u0173 spinta, puikiai deranti prie \u0161iuolaikini\u0173 interjero dizaino tendencij\u0173. Vienas i\u0161 pagrindini\u0173 jos privalum\u0173 \u2013 talpi. \u201eNepo Plus\u201c spinta [\u2026]<\/p>","protected":false},"featured_media":266732,"comment_status":"open","ping_status":"open","template":"","meta":[],"product_brand":[],"product_cat":[9200,1177],"product_tag":[],"class_list":{"0":"post-266731","1":"product","2":"type-product","3":"status-publish","4":"has-post-thumbnail","6":"product_cat-black-red-white","7":"product_cat-wardrobes","9":"first","10":"instock","11":"purchasable","12":"product-type-simple"},"_links":{"self":[{"href":"https:\/\/baldumarket.lt\/lt\/wp-json\/wp\/v2\/product\/266731","targetHints":{"allow":["GET"]}}],"collection":[{"href":"https:\/\/baldumarket.lt\/lt\/wp-json\/wp\/v2\/product"}],"about":[{"href":"https:\/\/baldumarket.lt\/lt\/wp-json\/wp\/v2\/types\/product"}],"replies":[{"embeddable":true,"href":"https:\/\/baldumarket.lt\/lt\/wp-json\/wp\/v2\/comments?post=266731"}],"wp:featuredmedia":[{"embeddable":true,"href":"https:\/\/baldumarket.lt\/lt\/wp-json\/wp\/v2\/media\/266732"}],"wp:attachment":[{"href":"https:\/\/baldumarket.lt\/lt\/wp-json\/wp\/v2\/media?parent=266731"}],"wp:term":[{"taxonomy":"product_brand","embeddable":true,"href":"https:\/\/baldumarket.lt\/lt\/wp-json\/wp\/v2\/product_brand?post=266731"},{"taxonomy":"product_cat","embeddable":true,"href":"https:\/\/baldumarket.lt\/lt\/wp-json\/wp\/v2\/product_cat?post=266731"},{"taxonomy":"product_tag","embeddable":true,"href":"https:\/\/baldumarket.lt\/lt\/wp-json\/wp\/v2\/product_tag?post=266731"}],"curies":[{"name":"wp","href":"https:\/\/api.w.org\/{rel}","templated":true}]}}