{"id":266723,"date":"2026-01-14T00:27:50","date_gmt":"2026-01-13T21:27:50","guid":{"rendered":"https:\/\/baldumarket.lt\/product\/szafa-trzydrzwiowa-z-dwoma-szufladami-nepo-plus-118-cm-dab-noble-dab-sonoma\/"},"modified":"2026-02-11T18:18:20","modified_gmt":"2026-02-11T15:18:20","slug":"szafa-trzydrzwiowa-z-dwoma-szufladami-nepo-plus-118-cm-dab-noble-dab-sonoma","status":"publish","type":"product","link":"https:\/\/baldumarket.lt\/lt\/product\/szafa-trzydrzwiowa-z-dwoma-szufladami-nepo-plus-118-cm-dab-noble-dab-sonoma\/","title":{"rendered":"Trij\u0173 dur\u0173 spinta su dviem stal\u010diais NEPO PLUS 118 cm, kilnus \u0105\u017euolas\/sonoma \u0105\u017euolas"},"content":{"rendered":"<p>\u201eNepo Plus\u201c spinta \u2013 trij\u0173 dur\u0173 ir erdvi. Moderni \u201eNepo Plus\u201c kolekcija \u2013 puikus sprendimas tiems, kurie vertina interjero dizaino funkcionalum\u0105 ir paprastum\u0105. Patogumas ir funkcionalumas.<br \/>\nTrij\u0173 dur\u0173 \u201eNepo Plus\u201c spinta puikiai tinka sezonini\u0173 drabu\u017ei\u0173 ir aksesuar\u0173 laikymui. Vidus padalintas \u012f dvi vir\u0161utines lentynas ir du pakabos b\u0117gelius, tod\u0117l lengva susitvarkyti spint\u0105. Du kompakti\u0161ki stal\u010diai puikiai tinka apatiniams drabu\u017eiams, \u0161alikams ir kitiems smulkiems daiktams laikyti. Spintos funkcionalum\u0105 taip pat galite padidinti pasirinkdami lentynas \u2013 rinkit\u0117s i\u0161 trij\u0173 pla\u010di\u0173 arba dviej\u0173 siaur\u0173 lentyn\u0173, kurios leis dar labiau pritaikyti spint\u0105. Stilius ir patvarumas<br \/>\nSpinta pagaminta i\u0161 laminuotos plok\u0161t\u0117s, tod\u0117l yra atspari \u012fbr\u0117\u017eimams ir temperat\u016bros poky\u010diams. Laminatas taip pat u\u017etikrina lengv\u0105 valym\u0105, tod\u0117l idealiai tinka vaiko kambariui, paauglio kambariui ar net biurui. Tauriojo \u0105\u017euolo korpuso ir sonoma \u0105\u017euolo fasad\u0173 derinys suteikia spintai modern\u0173 ir universal\u0173 charakter\u012f. Ypatyb\u0117s: trij\u0173 dur\u0173 konstrukcija pasi\u017eymi erdvumu ir funkcionalumu. Dvi vir\u0161utin\u0117s lentynos ir du b\u0117geliai pakabinimui u\u017etikrina lengv\u0105 organizavim\u0105. Du kompakti\u0161ki stal\u010diai skirti apatiniams drabu\u017eiams ir aksesuarams laikyti. Papildomas lentynas galima i\u0161pl\u0117sti trimis pla\u010diomis arba dviem siauromis lentynomis. Laminuotas pavir\u0161ius yra atsparus \u012fbr\u0117\u017eimams ir lengvai valomas. Tauriojo \u0105\u017euolo spalva su sonoma \u0105\u017euolo fasadais suteikia universal\u0173 stili\u0173. Paprastos rankenos u\u017etikrina patog\u0173 naudojim\u0105. Santrauka<br \/>\n\u201eNepo Plus\u201c spinta derina erdvum\u0105 ir eleganti\u0161k\u0105 dizain\u0105. Funkcionalus interjeras ir galimyb\u0117 i\u0161pl\u0117sti erdv\u0119 su papildomomis lentynomis paver\u010dia j\u0105 puikiu miegamojo, jaunimo kambario ar nam\u0173 biuro papildymu. Derinkite j\u0105 su kitais \u201eNepo Plus\u201c kolekcijos baldais, kad sukurtum\u0117te darni\u0105 ir ergonomi\u0161k\u0105 erdv\u0119, pritaikyt\u0105 j\u016bs\u0173 poreikiams.<\/p>\n<p>Prek\u0117s kodas S435-SZF3D2S-DNO\/DSO Plotis 118,5 cm Gylis 54,5 cm Auk\u0161tis 197 cm Kolekcija \u201eNepo Plus\u201c Spalva kilnus \u0105\u017euolas\/sonoma \u0105\u017euolas Atspalvis tamsi mediena Stilius modernus Med\u017eiaga laminatas Dureli\u0173 skai\u010dius 3 dur\u0173 Stal\u010di\u0173 skai\u010dius 2 stal\u010diai Rankena su rankenomis Gamintojas Juoda Raudona Balta Baldo tipas Spintos PVM 23% EAN 5906123061667<\/p>","protected":false},"excerpt":{"rendered":"<p>\u201eNepo Plus\u201c spinta \u2013 trij\u0173 dur\u0173 ir erdvi. Moderni \u201eNepo Plus\u201c kolekcija \u2013 puikus sprendimas tiems, kurie vertina interjero dizaino funkcionalum\u0105 ir paprastum\u0105. Patogumas ir funkcionalumas. Trij\u0173 dur\u0173 \u201eNepo Plus\u201c spinta \u2013 puikus pasirinkimas sezonini\u0173 drabu\u017ei\u0173 ir aksesuar\u0173 laikymui. Vidus padalintas \u012f dvi vir\u0161utines lentynas ir du pakabos b\u0117gelius, tod\u0117l [\u2026]<\/p>","protected":false},"featured_media":266724,"comment_status":"open","ping_status":"open","template":"","meta":[],"product_brand":[],"product_cat":[9200,1177],"product_tag":[],"class_list":{"0":"post-266723","1":"product","2":"type-product","3":"status-publish","4":"has-post-thumbnail","6":"product_cat-black-red-white","7":"product_cat-wardrobes","9":"first","10":"instock","11":"purchasable","12":"product-type-simple"},"_links":{"self":[{"href":"https:\/\/baldumarket.lt\/lt\/wp-json\/wp\/v2\/product\/266723","targetHints":{"allow":["GET"]}}],"collection":[{"href":"https:\/\/baldumarket.lt\/lt\/wp-json\/wp\/v2\/product"}],"about":[{"href":"https:\/\/baldumarket.lt\/lt\/wp-json\/wp\/v2\/types\/product"}],"replies":[{"embeddable":true,"href":"https:\/\/baldumarket.lt\/lt\/wp-json\/wp\/v2\/comments?post=266723"}],"wp:featuredmedia":[{"embeddable":true,"href":"https:\/\/baldumarket.lt\/lt\/wp-json\/wp\/v2\/media\/266724"}],"wp:attachment":[{"href":"https:\/\/baldumarket.lt\/lt\/wp-json\/wp\/v2\/media?parent=266723"}],"wp:term":[{"taxonomy":"product_brand","embeddable":true,"href":"https:\/\/baldumarket.lt\/lt\/wp-json\/wp\/v2\/product_brand?post=266723"},{"taxonomy":"product_cat","embeddable":true,"href":"https:\/\/baldumarket.lt\/lt\/wp-json\/wp\/v2\/product_cat?post=266723"},{"taxonomy":"product_tag","embeddable":true,"href":"https:\/\/baldumarket.lt\/lt\/wp-json\/wp\/v2\/product_tag?post=266723"}],"curies":[{"name":"wp","href":"https:\/\/api.w.org\/{rel}","templated":true}]}}