{"id":266707,"date":"2026-01-14T00:27:38","date_gmt":"2026-01-13T21:27:38","guid":{"rendered":"https:\/\/baldumarket.lt\/product\/szafa-trzydrzwiowa-z-dwoma-szufladami-nepo-plus-118-cm-dab-noble\/"},"modified":"2026-02-11T18:18:20","modified_gmt":"2026-02-11T15:18:20","slug":"szafa-trzydrzwiowa-z-dwoma-szufladami-nepo-plus-118-cm-dab-noble","status":"publish","type":"product","link":"https:\/\/baldumarket.lt\/lt\/product\/szafa-trzydrzwiowa-z-dwoma-szufladami-nepo-plus-118-cm-dab-noble\/","title":{"rendered":"Trij\u0173 dur\u0173 spinta su dviem stal\u010diais NEPO PLUS 118 cm, kilnus \u0105\u017euolas"},"content":{"rendered":"<p>\u201eNepo Plus\u201c spinta \u2013 trij\u0173 dur\u0173 ir erdvi. Moderni \u201eNepo Plus\u201c kolekcija \u2013 puikus sprendimas tiems, kurie vertina interjero dizaino funkcionalum\u0105 ir paprastum\u0105. Patogumas ir funkcionalumas.<br \/>\nTrij\u0173 dur\u0173 \u201eNepo Plus\u201c spinta puikiai tinka sezonini\u0173 drabu\u017ei\u0173 ir aksesuar\u0173 laikymui. Vidus padalintas \u012f dvi vir\u0161utines lentynas ir du pakabos b\u0117gelius, tod\u0117l lengva susitvarkyti spint\u0105. Du kompakti\u0161ki stal\u010diai puikiai tinka apatiniams drabu\u017eiams, \u0161alikams ir kitiems smulkiems daiktams laikyti. Spintos funkcionalum\u0105 taip pat galite padidinti pasirinkdami lentynas \u2013 rinkit\u0117s i\u0161 trij\u0173 pla\u010di\u0173 arba dviej\u0173 siaur\u0173 lentyn\u0173, kurios leis dar labiau pritaikyti spint\u0105. Stilius ir patvarumas<br \/>\nThe wardrobe is made of laminated board, making it resistant to scratches and temperature changes. The laminate also makes it easy to keep clean, making it an ideal solution for a child&#8217;s room, a teenager&#8217;s room, or even an office. The noble oak color gives the wardrobe a modern and versatile character. Special features: Three-door design \u2013 spacious and functional. Two upper shelves and two hanging rails \u2013 easy organization of clothes. Two compact drawers \u2013 perfect for underwear and accessories. Optional shelves \u2013 expandable with three wide or two narrow shelves. Laminated surface \u2013 scratch-resistant and easy to clean. Noble oak color \u2013 universal style. Simple handles \u2013 comfortable use. Summary<br \/>\nThe Nepo Plus wardrobe combines spaciousness with elegant design. Its functional interior and the ability to expand with additional shelves make it perfect for a bedroom, youth room, or home office. Combine the wardrobe with other elements of the Nepo Plus collection to create a cohesive and ergonomic space tailored to your needs.<\/p>\n<p>Product code S435-SZF3D2S-DNO Width 118.5 cm Depth 54.5 cm Height 197 cm Collection Nepo Plus Color noble oak Shade dark wood Style modern Material laminate Number of doors 3-door Number of drawers 2-drawers Handle with handles Manufacturer Black Red White Type of furniture Wardrobes VAT 23% EAN 5906123061674<\/p>","protected":false},"excerpt":{"rendered":"<p>\u201eNepo Plus\u201c spinta \u2013 trij\u0173 dur\u0173 ir erdvi. Moderni \u201eNepo Plus\u201c kolekcija \u2013 puikus sprendimas tiems, kurie vertina interjero dizaino funkcionalum\u0105 ir paprastum\u0105. Patogumas ir funkcionalumas. Trij\u0173 dur\u0173 \u201eNepo Plus\u201c spinta \u2013 puikus pasirinkimas sezonini\u0173 drabu\u017ei\u0173 ir aksesuar\u0173 laikymui. Vidus padalintas \u012f dvi vir\u0161utines lentynas ir du pakabos b\u0117gelius, tod\u0117l [\u2026]<\/p>","protected":false},"featured_media":266708,"comment_status":"open","ping_status":"open","template":"","meta":[],"product_brand":[],"product_cat":[9200,1177],"product_tag":[],"class_list":{"0":"post-266707","1":"product","2":"type-product","3":"status-publish","4":"has-post-thumbnail","6":"product_cat-black-red-white","7":"product_cat-wardrobes","9":"first","10":"instock","11":"purchasable","12":"product-type-simple"},"_links":{"self":[{"href":"https:\/\/baldumarket.lt\/lt\/wp-json\/wp\/v2\/product\/266707","targetHints":{"allow":["GET"]}}],"collection":[{"href":"https:\/\/baldumarket.lt\/lt\/wp-json\/wp\/v2\/product"}],"about":[{"href":"https:\/\/baldumarket.lt\/lt\/wp-json\/wp\/v2\/types\/product"}],"replies":[{"embeddable":true,"href":"https:\/\/baldumarket.lt\/lt\/wp-json\/wp\/v2\/comments?post=266707"}],"wp:featuredmedia":[{"embeddable":true,"href":"https:\/\/baldumarket.lt\/lt\/wp-json\/wp\/v2\/media\/266708"}],"wp:attachment":[{"href":"https:\/\/baldumarket.lt\/lt\/wp-json\/wp\/v2\/media?parent=266707"}],"wp:term":[{"taxonomy":"product_brand","embeddable":true,"href":"https:\/\/baldumarket.lt\/lt\/wp-json\/wp\/v2\/product_brand?post=266707"},{"taxonomy":"product_cat","embeddable":true,"href":"https:\/\/baldumarket.lt\/lt\/wp-json\/wp\/v2\/product_cat?post=266707"},{"taxonomy":"product_tag","embeddable":true,"href":"https:\/\/baldumarket.lt\/lt\/wp-json\/wp\/v2\/product_tag?post=266707"}],"curies":[{"name":"wp","href":"https:\/\/api.w.org\/{rel}","templated":true}]}}