{"id":266703,"date":"2026-01-14T00:27:33","date_gmt":"2026-01-13T21:27:33","guid":{"rendered":"https:\/\/baldumarket.lt\/product\/szafa-trzydrzwiowa-z-dwoma-szufladami-holten-1805-cm-dab-waterford\/"},"modified":"2026-02-11T18:18:20","modified_gmt":"2026-02-11T15:18:20","slug":"szafa-trzydrzwiowa-z-dwoma-szufladami-holten-1805-cm-dab-waterford","status":"publish","type":"product","link":"https:\/\/baldumarket.lt\/lt\/product\/szafa-trzydrzwiowa-z-dwoma-szufladami-holten-1805-cm-dab-waterford\/","title":{"rendered":"HOLTEN trij\u0173 dur\u0173 spinta su dviem stal\u010diais, 180,5 cm, Waterford \u0105\u017euolas"},"content":{"rendered":"<p>\u201eHolten\u201c spinta \u2013 prakti\u0161kas daikt\u0173 laikymo sprendimas moderniu stiliumi. \u201eHolten\u201c kolekcija i\u0161siskiria paprastomis geometrin\u0117mis formomis, lygiais fasadais ir prislopintomis spalvomis, tod\u0117l ji idealiai tinka moderniems namams. \u201eHolten\u201c spinta \u2013 tai prakti\u0161kai suprojektuotas baldas, kuris pad\u0117s jums tvarkingai laikyti garderob\u0105 ir kartu suteiks miegamajam elegancijos bei funkcionalumo. \u0160i erdvi \u201eHolten\u201c spinta sukurta galvojant apie drabu\u017eius ir kitus daiktus. Ji turi du atskirus skyrius, kurie pad\u0117s jums sutvarkyti drabu\u017eius ir aksesuarus. Viename i\u0161 \u0161i\u0173 skyri\u0173 yra pakabos ir dvi lentynos, leid\u017eian\u010dios laikyti drabu\u017eius ant pakab\u0173 ir sulankstyti kitus daiktus. Antrajame skyriuje yra trys lentynos, puikiai tinkan\u010dios apatiniams drabu\u017eiams ar aksesuarams laikyti. Be to, apatin\u0117je spintos dalyje yra du prakti\u0161ki stal\u010diai, kuriuose galima laikyti apatinius drabu\u017eius, kojines ar kitus smulkius daiktus. Unikali \u201eHolten\u201c spintos savyb\u0117 \u2013 \u201eWaterford\u201c \u0105\u017euolo apdaila su i\u0161skirtiniu ra\u0161tu, suteikian\u010diu baldui nat\u016bralaus \u017eavesio ir \u0161ilumos. Pastorinti baldo \u0161onai kontrastuoja su lygiais, be ranken\u0117li\u0173 fasadais, sukurdami darni\u0105 ir moderni\u0105 visum\u0105. Patog\u0173 naudojim\u0105 u\u017etikrina \u0161velnaus u\u017edarymo b\u0117geliai, kurie garantuoja beveik tyl\u0173 fasad\u0173 atidarym\u0105 ir u\u017edarym\u0105. Tai ypa\u010d svarbu, jei vertinate ramyb\u0119 ir komfort\u0105 savo miegamajame. \u201eHolten\u201c spinta yra didesn\u0117s kolekcijos, si\u016blan\u010dios \u012fvairius interjero dizaino elementus, dalis. Galite pasirinkti tuos, kurie geriausiai atitinka j\u016bs\u0173 poreikius ir padeda sukurti ergonomi\u0161k\u0105 erdv\u0119 j\u016bs\u0173 miegamajame. \u0160is spintos modelis yra dviej\u0173 spalv\u0173: balta \/ \u201eWotan\u201c \u0105\u017euolas \/ blizgi balta ir \u201eWaterford\u201c \u0105\u017euolas. Tai leid\u017eia j\u0105 priderinti prie j\u016bs\u0173 asmeninio stiliaus ir pageidavim\u0173. \u201eHolten\u201c spinta yra ne tik prakti\u0161kas baldas, bet ir dekoratyvinis elementas, suteikiantis j\u016bs\u0173 miegamajam elegancijos ir modernumo.<\/p>\n<p>Prek\u0117s kodas S493-SZF3D2S-DWF Simbolis ZM EAN Plotis 180,5 cm Gylis 56,5 cm Auk\u0161tis 203,5 cm Kolekcija Holten Spalva Waterford \u0105\u017euolas Atspalvis tamsi mediena Stilius modernus Dur\u0173 skai\u010dius 3 dur\u0173 Stal\u010di\u0173 skai\u010dius 2 stal\u010diai Rankena be ranken\u0117li\u0173 Gamintojas Juoda Raudona Balta Baldo tipas Spintos PVM 23% EAN 5906123710060<\/p>","protected":false},"excerpt":{"rendered":"<p>\u201eHolten\u201c spinta \u2013 prakti\u0161ka daikt\u0173 laikymo vieta moderniu stiliumi. \u201eHolten\u201c kolekcija i\u0161siskiria paprastomis, geometrin\u0117mis formomis, lygiais fasadais ir prislopintomis spalvomis, tod\u0117l idealiai tinka moderniems namams. \u201eHolten\u201c spinta \u2013 tai prakti\u0161kai suprojektuotas baldas, kuris pad\u0117s tvarkingai laikyti garderob\u0105 ir suteiks elegancijos bei [\u2026]<\/p>","protected":false},"featured_media":266704,"comment_status":"open","ping_status":"open","template":"","meta":[],"product_brand":[],"product_cat":[9200,1177],"product_tag":[],"class_list":{"0":"post-266703","1":"product","2":"type-product","3":"status-publish","4":"has-post-thumbnail","6":"product_cat-black-red-white","7":"product_cat-wardrobes","9":"first","10":"instock","11":"purchasable","12":"product-type-simple"},"_links":{"self":[{"href":"https:\/\/baldumarket.lt\/lt\/wp-json\/wp\/v2\/product\/266703","targetHints":{"allow":["GET"]}}],"collection":[{"href":"https:\/\/baldumarket.lt\/lt\/wp-json\/wp\/v2\/product"}],"about":[{"href":"https:\/\/baldumarket.lt\/lt\/wp-json\/wp\/v2\/types\/product"}],"replies":[{"embeddable":true,"href":"https:\/\/baldumarket.lt\/lt\/wp-json\/wp\/v2\/comments?post=266703"}],"wp:featuredmedia":[{"embeddable":true,"href":"https:\/\/baldumarket.lt\/lt\/wp-json\/wp\/v2\/media\/266704"}],"wp:attachment":[{"href":"https:\/\/baldumarket.lt\/lt\/wp-json\/wp\/v2\/media?parent=266703"}],"wp:term":[{"taxonomy":"product_brand","embeddable":true,"href":"https:\/\/baldumarket.lt\/lt\/wp-json\/wp\/v2\/product_brand?post=266703"},{"taxonomy":"product_cat","embeddable":true,"href":"https:\/\/baldumarket.lt\/lt\/wp-json\/wp\/v2\/product_cat?post=266703"},{"taxonomy":"product_tag","embeddable":true,"href":"https:\/\/baldumarket.lt\/lt\/wp-json\/wp\/v2\/product_tag?post=266703"}],"curies":[{"name":"wp","href":"https:\/\/api.w.org\/{rel}","templated":true}]}}