{"id":266679,"date":"2026-01-14T00:27:13","date_gmt":"2026-01-13T21:27:13","guid":{"rendered":"https:\/\/baldumarket.lt\/product\/szafa-trzydrzwiowa-vabres-90-cm-dab-artisan-lamele\/"},"modified":"2026-02-11T18:18:20","modified_gmt":"2026-02-11T15:18:20","slug":"szafa-trzydrzwiowa-vabres-90-cm-dab-artisan-lamele","status":"publish","type":"product","link":"https:\/\/baldumarket.lt\/lt\/product\/szafa-trzydrzwiowa-vabres-90-cm-dab-artisan-lamele\/","title":{"rendered":"Vabres trij\u0173 dur\u0173 spinta 90 cm amatinio \u0105\u017euolo lamel\u0117s"},"content":{"rendered":"<p>Vabres spinta \u2013 kompakti\u0161ka spinta su grotel\u0117misKompakti\u0161ka Vabres spinta \u2013 puikus sprendimas ie\u0161kantiems stiling\u0173 ir funkcionali\u0173 bald\u0173 ma\u017eesn\u0117ms erdv\u0117ms. D\u0117l dekoratyvini\u0173 groteli\u0173 ir \u0161iltos apdailos spinta ne tik padeda sutvarkyti garderob\u0105, bet ir pagerina interjer\u0105, suteikdama jaukumo. Med\u017eiaga ir spalvosVabres spinta pagaminta i\u0161 patvarios laminuotos plok\u0161t\u0117s, lengvai pri\u017ei\u016brimos ir atsparios kasdieniam d\u0117v\u0117jimui. Spintos fasadai puo\u0161ti dekoratyvin\u0117mis MDF juosteli\u0173 grotel\u0117mis, suteikian\u010diomis joms trimat\u0119, unikali\u0105 i\u0161vaizd\u0105. Artisan Oak apdaila, imituojanti nat\u016brali\u0105 medien\u0105, suteikia baldams \u0161ilt\u0105 ir jauk\u0173 charakter\u012f, kuris dera su juodais akcentais ir pabr\u0117\u017eia modern\u0173 stili\u0173.FunkcionalumasVabres spinta turi tris duris, kurios suteikia patogi\u0105 prieig\u0105 prie erdvaus vidaus. Vir\u0161utin\u0117 kair\u0117 priekin\u0117 dalis atsidaro spustel\u0117jimo sistema, tod\u0117l ja lengva naudotis ir ji suteikia spintai minimalistin\u0119 i\u0161vaizd\u0105. Interjeras yra funkcionaliai padalintas, jame yra lentynos sulankstytiems drabu\u017eiams, batams ar aksesuarams laikyti, taip pat pakabinimo b\u0117gelis tiek eleganti\u0161kiems, tiek laisvalaikio drabu\u017eiams laikyti. Ypatyb\u0117s: Dekoratyvin\u0117s MDF groteli\u0173 grotel\u0117s sukuria trimat\u012f efekt\u0105. Apdaila \u0161iltu \u201eArtisan Oak\u201c dekoru, imituojan\u010diu nat\u016brali\u0105 medien\u0105. Juodi akcentai suteikia elegancijos ir modernumo. Vir\u0161utiniame kairiajame priekiniame kampe esan\u010dios atidarymo spyruokl\u0117mis sistemos, kad b\u016bt\u0173 lengva naudoti. Erdvus vidus su lentynomis ir pakaba. Kompakti\u0161ki 90,5 x 195,5 x 56 cm matmenys idealiai tinka ma\u017eesn\u0117ms erdv\u0117ms. Santrauka: \u201eVabres\u201c spinta yra kompakti\u0161kas ir stilingas pasirinkimas ma\u017eesn\u0117ms erdv\u0117ms, derinantis funkcionalum\u0105 su moderniu dizainu. D\u0117l dekoratyvini\u0173 lentjuos\u010di\u0173, \u0161ilt\u0173 spalv\u0173 ir gerai apgalvoto vidaus i\u0161planavimo \u0161i spinta puikiai tiks lofto, industrinio ir klasikinio stiliaus interjeruose. Ji puikiai dera su kitais \u201eVabres\u201c kolekcijos baldais, sukurdama darni\u0105 ir jauki\u0105 erdv\u0119, skatinan\u010di\u0105 kasdien\u012f atsinaujinim\u0105.<\/p>\n<p>Prek\u0117s kodas S620-SZF3D-DASN\/DASN\/CA Plotis 90,5 cm Gylis 56 cm Auk\u0161tis 195,5 cm Kolekcija Vabres Spalva meni\u0161kas \u0105\u017euolas\/juoda Gaubtas \u0161viesus medis Stilius modernus Med\u017eiaga laminatas Dureli\u0173 skai\u010dius 3 dur\u0173 Stal\u010di\u0173 skai\u010dius be stal\u010di\u0173 Rankena su rankenomis Gamintojas Juoda Raudona Balta Baldo tipas Spintos PVM mokestis 23% EAN 5906123050036<\/p>","protected":false},"excerpt":{"rendered":"<p>Vabres Wardrobe \u2013 Compact Wardrobe with SlatsThe Vabres compact wardrobe is the perfect solution for those seeking stylish and functional furniture for smaller spaces. Thanks to its decorative slats and warm finish, the wardrobe not only helps organize your wardrobe but also enhances the interior, adding a cozy touch. Material and ColorsThe Vabres wardrobe is [&hellip;]<\/p>","protected":false},"featured_media":266680,"comment_status":"open","ping_status":"open","template":"","meta":[],"product_brand":[],"product_cat":[9200,1177],"product_tag":[],"class_list":{"0":"post-266679","1":"product","2":"type-product","3":"status-publish","4":"has-post-thumbnail","6":"product_cat-black-red-white","7":"product_cat-wardrobes","9":"first","10":"instock","11":"purchasable","12":"product-type-simple"},"_links":{"self":[{"href":"https:\/\/baldumarket.lt\/lt\/wp-json\/wp\/v2\/product\/266679","targetHints":{"allow":["GET"]}}],"collection":[{"href":"https:\/\/baldumarket.lt\/lt\/wp-json\/wp\/v2\/product"}],"about":[{"href":"https:\/\/baldumarket.lt\/lt\/wp-json\/wp\/v2\/types\/product"}],"replies":[{"embeddable":true,"href":"https:\/\/baldumarket.lt\/lt\/wp-json\/wp\/v2\/comments?post=266679"}],"wp:featuredmedia":[{"embeddable":true,"href":"https:\/\/baldumarket.lt\/lt\/wp-json\/wp\/v2\/media\/266680"}],"wp:attachment":[{"href":"https:\/\/baldumarket.lt\/lt\/wp-json\/wp\/v2\/media?parent=266679"}],"wp:term":[{"taxonomy":"product_brand","embeddable":true,"href":"https:\/\/baldumarket.lt\/lt\/wp-json\/wp\/v2\/product_brand?post=266679"},{"taxonomy":"product_cat","embeddable":true,"href":"https:\/\/baldumarket.lt\/lt\/wp-json\/wp\/v2\/product_cat?post=266679"},{"taxonomy":"product_tag","embeddable":true,"href":"https:\/\/baldumarket.lt\/lt\/wp-json\/wp\/v2\/product_tag?post=266679"}],"curies":[{"name":"wp","href":"https:\/\/api.w.org\/{rel}","templated":true}]}}