{"id":266667,"date":"2026-01-14T00:27:02","date_gmt":"2026-01-13T21:27:02","guid":{"rendered":"https:\/\/baldumarket.lt\/product\/szafa-trzydrzwiowa-forn-180-cm-dab-delano-ciemny-bialy-polysk\/"},"modified":"2026-02-11T18:18:21","modified_gmt":"2026-02-11T15:18:21","slug":"szafa-trzydrzwiowa-forn-180-cm-dab-delano-ciemny-bialy-polysk","status":"publish","type":"product","link":"https:\/\/baldumarket.lt\/lt\/product\/szafa-trzydrzwiowa-forn-180-cm-dab-delano-ciemny-bialy-polysk\/","title":{"rendered":"FORN trij\u0173 dur\u0173 spinta 180 cm, Delano \u0105\u017euolas tamsus\/blizgi balta"},"content":{"rendered":"<p>\u201eForn\u201c spinta \u2013 nepakei\u010diamas baldas tvarkingam miegamajam. Erdvi, prie interjero dizaino deranti spinta yra pagrindinis gerai \u012frengto miegamojo ir drabu\u017ein\u0117s elementas. M\u016bs\u0173 asortimente yra unikali \u201eForn\u201c spinta, kuri leis jums ne\u012ftik\u0117tinai patogiai susitvarkyti kasdienius drabu\u017eius ir aksesuarus. Jos modernus dizainas leis jums sukurti stiling\u0105, modern\u0173 interjer\u0105, kuris jums patiks. \u201eForn\u201c spinta pagaminta i\u0161 auk\u0161\u010diausios kokyb\u0117s med\u017eiag\u0173, u\u017etikrinan\u010di\u0173 jos patvarum\u0105 ir funkcionalum\u0105. Trij\u0173 dur\u0173 spinta yra padalinta \u012f dvi dalis. Pirmojoje dalyje yra pakabos daiktams ir dvi erdvios, pla\u010dios lentynos. Antrojoje dalyje yra daug vietos daiktams susid\u0117ti, \u012fskaitant keturias gilias lentynas ir du patogius stal\u010dius. Toks i\u0161d\u0117stymas leid\u017eia laikyti drabu\u017eius, patalyn\u0119 ir kitus tekstil\u0117s gaminius. Visi \u0161ie elementai turi \u0161velnaus u\u017edarymo funkcij\u0105 ir metalines rankenas. Priekin\u0117s dalys, pagamintos i\u0161 MDF plok\u0161t\u0117s su PVC pl\u0117vele, pasi\u017eymi stilingais frezuotais ra\u0161tais, kurie suteikia drabu\u017eiui vientis\u0105 i\u0161vaizd\u0105. Modern\u0173 \u201eForn\u201c kolekcijos charakter\u012f pabr\u0117\u017eia \u012fvairios spalv\u0173 gamos: blizgi balta, tamsaus \u201eDelano\u201c \u0105\u017euolo \/ matin\u0117s juodos, tamsaus \u201eDelano\u201c \u0105\u017euolo \/ blizgios baltos ir blizgios baltos \/ matin\u0117s juodos. Tikrai rasite variant\u0105, atitinkant\u012f j\u016bs\u0173 pageidavimus. \u201eForn\u201c spinta yra ne tik funkcionalus daikt\u0173 laikymo baldas, bet ir dizaino elementas, suteiksiantis j\u016bs\u0173 miegamajam modernumo.<\/p>\n<p>Prek\u0117s kodas S471-SZF3D-DDC\/BIP Simbolis ZM EAN Plotis 180 cm Gylis 56,5 cm Auk\u0161tis 200,5 cm Kolekcija Forn Spalva tamsus Delano \u0105\u017euolas\/balta blizgi Atspalvis tamsus medis Stilius modernus Dur\u0173 skai\u010dius 3 dur\u0173 Stal\u010di\u0173 skai\u010dius be stal\u010di\u0173 Rankena su rankenomis Gamintojas Juoda Raudona Balta Baldo tipas Spintos PVM 23% EAN 5906123706438<\/p>","protected":false},"excerpt":{"rendered":"<p>\u201eForn\u201c spinta \u2013 nepakei\u010diamas baldas tvarkingam miegamajam. Erdvi, prie interjero dizaino deranti spinta yra pagrindinis tvarkingo miegamojo ir drabu\u017ein\u0117s elementas. M\u016bs\u0173 asortimente yra unikali \u201eForn\u201c spinta, kuri leis jums ne\u012ftik\u0117tinai patogiai susitvarkyti kasdienius drabu\u017eius ir aksesuarus. [\u2026]<\/p>","protected":false},"featured_media":266668,"comment_status":"open","ping_status":"open","template":"","meta":[],"product_brand":[],"product_cat":[9200,1177],"product_tag":[],"class_list":{"0":"post-266667","1":"product","2":"type-product","3":"status-publish","4":"has-post-thumbnail","6":"product_cat-black-red-white","7":"product_cat-wardrobes","9":"first","10":"instock","11":"purchasable","12":"product-type-simple"},"_links":{"self":[{"href":"https:\/\/baldumarket.lt\/lt\/wp-json\/wp\/v2\/product\/266667","targetHints":{"allow":["GET"]}}],"collection":[{"href":"https:\/\/baldumarket.lt\/lt\/wp-json\/wp\/v2\/product"}],"about":[{"href":"https:\/\/baldumarket.lt\/lt\/wp-json\/wp\/v2\/types\/product"}],"replies":[{"embeddable":true,"href":"https:\/\/baldumarket.lt\/lt\/wp-json\/wp\/v2\/comments?post=266667"}],"wp:featuredmedia":[{"embeddable":true,"href":"https:\/\/baldumarket.lt\/lt\/wp-json\/wp\/v2\/media\/266668"}],"wp:attachment":[{"href":"https:\/\/baldumarket.lt\/lt\/wp-json\/wp\/v2\/media?parent=266667"}],"wp:term":[{"taxonomy":"product_brand","embeddable":true,"href":"https:\/\/baldumarket.lt\/lt\/wp-json\/wp\/v2\/product_brand?post=266667"},{"taxonomy":"product_cat","embeddable":true,"href":"https:\/\/baldumarket.lt\/lt\/wp-json\/wp\/v2\/product_cat?post=266667"},{"taxonomy":"product_tag","embeddable":true,"href":"https:\/\/baldumarket.lt\/lt\/wp-json\/wp\/v2\/product_tag?post=266667"}],"curies":[{"name":"wp","href":"https:\/\/api.w.org\/{rel}","templated":true}]}}