{"id":266655,"date":"2026-01-14T00:26:53","date_gmt":"2026-01-13T21:26:53","guid":{"rendered":"https:\/\/baldumarket.lt\/product\/szafa-trzydrzwiowa-flex-150-cm-bialy-2\/"},"modified":"2026-02-11T18:18:21","modified_gmt":"2026-02-11T15:18:21","slug":"szafa-trzydrzwiowa-flex-150-cm-bialy-2","status":"publish","type":"product","link":"https:\/\/baldumarket.lt\/lt\/product\/szafa-trzydrzwiowa-flex-150-cm-bialy-2\/","title":{"rendered":"FLEX trij\u0173 dur\u0173 spinta 150 cm balta"},"content":{"rendered":"<p>\u201eFlex\u201c spinta \u2013 tikras tvarkos serg\u0117tojas. \u012erengin\u0117jate miegam\u0105j\u012f, vaiko ar paauglio kambar\u012f? O galb\u016bt turite erdvi\u0105 drabu\u017ein\u0119? Kiekvienai i\u0161 \u0161i\u0173 erdvi\u0173 reikalinga funkcionali spinta, kuri atitikt\u0173 nam\u0173 \u016bkio poreikius. Jei ie\u0161kote baldo, kuris visam laikui i\u0161spr\u0119st\u0173 j\u016bs\u0173 drabu\u017ei\u0173 ir aksesuar\u0173 laikymo poreikius, \u201eFlex\u201c spinta kaip tik jums. \u0160i minimalistin\u0117 spinta puikiai der\u0117s prie modernaus, skandinavi\u0161ko ar skandinavi\u0161ko boheemo stiliaus interjero. Lyg\u016bs fasadai ir universali spalv\u0173 gama leid\u017eia jai puikiai der\u0117ti tiek ramiame, tiek dr\u0105siame, ne\u012fprastame interjere. Spintos matmenys \u2013 150 x 66 x 218 cm, o jos vidin\u0117s savyb\u0117s: \u2013 3 vir\u0161utin\u0117s lentynos, padalijan\u010dios erdv\u0119 \u012f erdvius skyrius,<br \/>\n\u2013 4 apatini\u0173 lentyn\u0173 komplektas,<br \/>\n\u2013 3 prakti\u0161ki stal\u010diai apatiniams drabu\u017eiams ir aksesuarams su papildoma lentyna,<br \/>\n\u2013 2 pakabinimo b\u0117geliai,<br \/>\n\u2013 3 varstomi fasadai. Stal\u010di\u0173 b\u0117geliai su rutuliniais guoliais leid\u017eia visi\u0161kai i\u0161traukti dureles, o \u0161velnaus u\u017edarymo funkcija padidina komfort\u0105. Optimizuotas vidinis i\u0161d\u0117stymas leid\u017eia lengvai tvarkingai laikyti drabu\u017eius ir aksesuarus. \u2019Flex\u201c spinta su varstomais fasadais suteikia vietos eleganti\u0161kiems mar\u0161kiniams, suknel\u0117ms ir kostium\u0117liams, taip pat kitiems garderobo daiktams. D\u0117l didel\u0117s talpos tai puikus pasirinkimas pagrindiniam miegamajam arba broli\u0173 ir seser\u0173 kambariui. Baltas korpusas ir matin\u0117s baltos spalvos fasadai puikiai dera su sidabrin\u0117mis rankenomis. Spintos vidus apdailintas pilka drobe. Standartin\u0117s stal\u010di\u0173 b\u0117geliai su rutuliniais guoliais garantuoja visi\u0161k\u0105 i\u0161traukim\u0105, o tai padidina naudojimo patogum\u0105. \u201eFlex\u201c spintos si\u016blo begales galimybi\u0173 \u2013 rinkit\u0117s paruo\u0161t\u0105 sprendim\u0105 arba naudokite konfig\u016bratori\u0173, kad pritaikytum\u0117te spint\u0105 pagal savo poreikius. Verta atkreipti d\u0117mes\u012f, kad nurodytas gylis neapima fasad\u0173 storio. \u201eFlex\u201c spinta \u2013 tikras tvarkos serg\u0117tojas j\u016bs\u0173 namuose!<\/p>\n<p>Prek\u0117s kodas F57-SZAFA_ZESTAW_18-BI\/BI Simbolis ZM EAN Plotis 150 cm Gylis 66 cm Auk\u0161tis 218 cm Kolekcija \u201eFlex\u201c Spalva balta\/balta Gaubtas baltas Stilius modernus Med\u017eiaga laminatas Dureli\u0173 skai\u010dius 3 dur\u0173 Stal\u010di\u0173 skai\u010dius 3 stal\u010diai Rankena su ranken\u0117l\u0117mis Ap\u0161vietimas pasirenkamas Gamintojas Juoda Raudona Balta Baldo tipas Spintos PVM mokestis 23% EAN 5906123847940<\/p>","protected":false},"excerpt":{"rendered":"<p>\u201eFlex\u201c spinta \u2013 tikras tvarkos serg\u0117tojas. \u012erengin\u0117jate miegam\u0105j\u012f, vaiko ar paauglio kambar\u012f? O galb\u016bt turite erdvi\u0105 drabu\u017ein\u0119? Kiekvienai i\u0161 \u0161i\u0173 erdvi\u0173 reikalinga funkcionali drabu\u017ein\u0117, kuri atitikt\u0173 nam\u0173 \u016bkio poreikius. Jei ie\u0161kote baldo, kuris [\u2026]<\/p>","protected":false},"featured_media":266656,"comment_status":"open","ping_status":"open","template":"","meta":[],"product_brand":[],"product_cat":[9200,1177],"product_tag":[],"class_list":{"0":"post-266655","1":"product","2":"type-product","3":"status-publish","4":"has-post-thumbnail","6":"product_cat-black-red-white","7":"product_cat-wardrobes","9":"first","10":"instock","11":"purchasable","12":"product-type-simple"},"_links":{"self":[{"href":"https:\/\/baldumarket.lt\/lt\/wp-json\/wp\/v2\/product\/266655","targetHints":{"allow":["GET"]}}],"collection":[{"href":"https:\/\/baldumarket.lt\/lt\/wp-json\/wp\/v2\/product"}],"about":[{"href":"https:\/\/baldumarket.lt\/lt\/wp-json\/wp\/v2\/types\/product"}],"replies":[{"embeddable":true,"href":"https:\/\/baldumarket.lt\/lt\/wp-json\/wp\/v2\/comments?post=266655"}],"wp:featuredmedia":[{"embeddable":true,"href":"https:\/\/baldumarket.lt\/lt\/wp-json\/wp\/v2\/media\/266656"}],"wp:attachment":[{"href":"https:\/\/baldumarket.lt\/lt\/wp-json\/wp\/v2\/media?parent=266655"}],"wp:term":[{"taxonomy":"product_brand","embeddable":true,"href":"https:\/\/baldumarket.lt\/lt\/wp-json\/wp\/v2\/product_brand?post=266655"},{"taxonomy":"product_cat","embeddable":true,"href":"https:\/\/baldumarket.lt\/lt\/wp-json\/wp\/v2\/product_cat?post=266655"},{"taxonomy":"product_tag","embeddable":true,"href":"https:\/\/baldumarket.lt\/lt\/wp-json\/wp\/v2\/product_tag?post=266655"}],"curies":[{"name":"wp","href":"https:\/\/api.w.org\/{rel}","templated":true}]}}