{"id":266647,"date":"2026-01-14T00:26:48","date_gmt":"2026-01-13T21:26:48","guid":{"rendered":"https:\/\/baldumarket.lt\/product\/szafa-trzydrzwiowa-flex-150-cm-bialy\/"},"modified":"2026-02-11T18:18:21","modified_gmt":"2026-02-11T15:18:21","slug":"szafa-trzydrzwiowa-flex-150-cm-bialy","status":"publish","type":"product","link":"https:\/\/baldumarket.lt\/lt\/product\/szafa-trzydrzwiowa-flex-150-cm-bialy\/","title":{"rendered":"FLEX trij\u0173 dur\u0173 spinta 150 cm balta"},"content":{"rendered":"<p>\u201eFlex\u201c spinta \u2013 detali tvarka. Kasdien\u0119 drabu\u017ei\u0173 paie\u0161k\u0105 paverskite malonia patirtimi su \u201eFlex\u201c spinta su varstomais fasadais. \u0160is minimalistinis dizainas \u2013 harmoningas funkcionalumo ir estetikos derinys. 150 x 66 x 218 cm matmen\u0173 spinta si\u016blo i\u0161samius organizavimo sprendimus: 3 vir\u0161utin\u0117s lentynos su skyriais, 3 pakabos b\u0117geliai ir 3 varstomi fasadai. D\u0117l trij\u0173 kabinimo zon\u0173 \u201eFlex\u201c spinta puikiai tinka laikyti drabu\u017eius \u012fvairioms progoms. Pakabos yra puiki vieta eleganti\u0161koms suknel\u0117ms, mar\u0161kiniams ar kostiumams. Vir\u0161utin\u0117s lentynos puikiai tinka sezoniniams aksesuarams laikyti ir suteikia j\u016bs\u0173 spintai elegancijos bei tvarkos. Baltas r\u0117mas ir matin\u0117s baltos spalvos fasadai sukuria ram\u0173, modern\u0173 vaizd\u0105. Patog\u016bs varstomi fasadai leid\u017eia lengvai pasiekti laikomus daiktus, o pilkas lininis vidus suteikia subtilumo. Rutuliniai guoliai u\u017etikrina skland\u0173 ir tyl\u0173 veikim\u0105, o \u0161velnaus u\u017edarymo funkcija paver\u010dia bald\u0173 naudojim\u0105 malonumu poj\u016b\u010diams. \u201eFlex\u201c spinta yra ne tik prakti\u0161kas sprendimas; tai taip pat baldas, suteikiantis j\u016bs\u0173 spintai charakterio. Ji pavers j\u016bs\u0173 erdv\u0117s tvarkym\u0105 malonumu ir suteiks tvarkos j\u016bs\u0173 kasdieniame gyvenime. Pasirinkite jau paruo\u0161t\u0105 sprendim\u0105 arba naudokite konfig\u016bratori\u0173, kad pritaikytum\u0117te savo garderob\u0105 pagal savo poreikius.<\/p>\n<p>Prek\u0117s kodas F57-SZAFA_ZESTAW_24-BI\/BI Simbolis ZM EAN Plotis 150 cm Gylis 66 cm Auk\u0161tis 218 cm Kolekcija \u201eFlex\u201c Spalva balta\/balta Atspalvis baltas Stilius modernus Med\u017eiaga laminatas Dur\u0173 skai\u010dius 3 dur\u0173 Rankena su ranken\u0117l\u0117mis Ap\u0161vietimas pasirenkamas Gamintojas Juoda Raudona Balta Baldo tipas Spintos PVM Mokestis 23% EAN 5906123848046<\/p>","protected":false},"excerpt":{"rendered":"<p>\u201eFlex\u201c spinta \u2013 organizavimas detal\u0117se. Kasdien\u0119 drabu\u017ei\u0173 paie\u0161k\u0105 paverskite malonia patirtimi su \u201eFlex\u201c spinta su varstomais fasadais. \u0160is minimalistinis dizainas \u2013 tai harmoningas funkcionalumo ir estetikos derinys. \u0160i spinta, kurios matmenys yra 150 x 66 x 218 cm, si\u016blo i\u0161samius organizavimo sprendimus: 3 vir\u0161utin\u0117s lentynos su skyriais, 3 pakabos, [\u2026]<\/p>","protected":false},"featured_media":266648,"comment_status":"open","ping_status":"open","template":"","meta":[],"product_brand":[],"product_cat":[9200,1177],"product_tag":[],"class_list":{"0":"post-266647","1":"product","2":"type-product","3":"status-publish","4":"has-post-thumbnail","6":"product_cat-black-red-white","7":"product_cat-wardrobes","9":"first","10":"instock","11":"purchasable","12":"product-type-simple"},"_links":{"self":[{"href":"https:\/\/baldumarket.lt\/lt\/wp-json\/wp\/v2\/product\/266647","targetHints":{"allow":["GET"]}}],"collection":[{"href":"https:\/\/baldumarket.lt\/lt\/wp-json\/wp\/v2\/product"}],"about":[{"href":"https:\/\/baldumarket.lt\/lt\/wp-json\/wp\/v2\/types\/product"}],"replies":[{"embeddable":true,"href":"https:\/\/baldumarket.lt\/lt\/wp-json\/wp\/v2\/comments?post=266647"}],"wp:featuredmedia":[{"embeddable":true,"href":"https:\/\/baldumarket.lt\/lt\/wp-json\/wp\/v2\/media\/266648"}],"wp:attachment":[{"href":"https:\/\/baldumarket.lt\/lt\/wp-json\/wp\/v2\/media?parent=266647"}],"wp:term":[{"taxonomy":"product_brand","embeddable":true,"href":"https:\/\/baldumarket.lt\/lt\/wp-json\/wp\/v2\/product_brand?post=266647"},{"taxonomy":"product_cat","embeddable":true,"href":"https:\/\/baldumarket.lt\/lt\/wp-json\/wp\/v2\/product_cat?post=266647"},{"taxonomy":"product_tag","embeddable":true,"href":"https:\/\/baldumarket.lt\/lt\/wp-json\/wp\/v2\/product_tag?post=266647"}],"curies":[{"name":"wp","href":"https:\/\/api.w.org\/{rel}","templated":true}]}}