{"id":266639,"date":"2026-01-14T00:26:42","date_gmt":"2026-01-13T21:26:42","guid":{"rendered":"https:\/\/baldumarket.lt\/product\/szafa-trzydrzwiowa-azteca-trio-180-cm-bialy-bialy-polysk\/"},"modified":"2026-02-11T18:18:21","modified_gmt":"2026-02-11T15:18:21","slug":"szafa-trzydrzwiowa-azteca-trio-180-cm-bialy-bialy-polysk","status":"publish","type":"product","link":"https:\/\/baldumarket.lt\/lt\/product\/szafa-trzydrzwiowa-azteca-trio-180-cm-bialy-bialy-polysk\/","title":{"rendered":"AZTECA TRIO trij\u0173 dur\u0173 spinta, 180 cm, balta\/blizgi balta"},"content":{"rendered":"<p>\u201eAzteca Trio\u201c spinta \u2013 tobula organizuotumo vieta moderniu stiliumi. \u201eAzteca Trio\u201c kolekcija \u2013 tai tobulas funkcionalumo ir modernaus dizaino derinys. Jos i\u0161skirtiniai bruo\u017eai \u2013 lyg\u016bs fasadai, suapvalinti kra\u0161tai ir unikalios rankenos dekoratyvin\u0117s juostel\u0117s pavidalu. Organizuotumas, palengvinantis gyvenim\u0105. Jei svarstote, kur laikyti drabu\u017eius ir aksesuarus, trij\u0173 dur\u0173 \u201eAzteca Trio\u201c spinta turi atsakym\u0105. Jos vidus kruop\u0161\u010diai suplanuotas siekiant u\u017etikrinti optimali\u0105 organizuotumo viet\u0105. De\u0161in\u0117je spintos dalyje yra penkios prakti\u0161kos lentynos, puikiai tinkan\u010dios mar\u0161kin\u0117li\u0173, d\u017eins\u0173 ir kit\u0173 smulkesni\u0173 daikt\u0173 laikymui. Jei turite sukneli\u0173, striuki\u0173 ar ilg\u0173 palt\u0173, \u012fvertinsite pakabinimo b\u0117gel\u012f ir dvi pla\u010dias lentynas kair\u0117je dalyje. \u0160i erdv\u0117 puikiai tinka kiekvienam spintos elementui. \u201eAzteca Trio\u201c spinta yra baltos \/ blizgios baltos spalvos, tod\u0117l tai neutralus pasirinkimas, papildantis \u012fvairius interjerus. Ta\u010diau nor\u0117dami suteikti charakterio, galite pasirinkti dekoratyvin\u0119 juostel\u0119 vienos i\u0161 trij\u0173 spalv\u0173: blizgios baltos, blizgios juodos arba wenge magi\u0161ko \u0105\u017euolo. Tai leid\u017eia suasmeninti spintos i\u0161vaizd\u0105 ir priderinti j\u0105 prie savo stiliaus. Verta pamin\u0117ti, kad namuose svarbu tvarka ir tyla, tod\u0117l \u0161is baldas apr\u016bpintas \u0161velniai u\u017esidaran\u010diais vyriais. Atidarant ir u\u017edarant duris, nereikia jaudintis d\u0117l nereikalingo triuk\u0161mo, o tai ypa\u010d svarbu, jei turite ma\u017e\u0173 vaik\u0173 arba m\u0117gstate ramius rytus. \u201eAzteca Trio\u201c spinta yra ne tik atskiras baldas \u2013 tai didesn\u0117s kolekcijos dalis, kuri puikiai papildys j\u016bs\u0173 prie\u0161kambario ar miegamojo interjer\u0105. J\u0105 galite derinti su kitais tos pa\u010dios serijos baldais, sukurdami darni\u0105 ir ergonomi\u0161k\u0105 daikt\u0173 laikymo erdv\u0119. \u201eAzteca Trio\u201c spinta \u2013 tai baldas, kuris ne tik leid\u017eia laikyti j\u016bs\u0173 daiktus, bet ir suteikia j\u016bs\u0173 erdvei elegancijos bei funkcionalumo. Ji palengvina tvarkos palaikym\u0105, o j\u016bs\u0173 drabu\u017eiai visada bus po ranka. Pasirinkite spalv\u0105 ir dekoratyvin\u0119 juostel\u0119, geriausiai atspindin\u010di\u0105 j\u016bs\u0173 stili\u0173, ir m\u0117gaukit\u0117s \u0161ios eleganti\u0161kos ir erdvios spintos patogumu. Be to, \u012f kain\u0105 \u012fskai\u010diuotos dvi dekoratyvin\u0117s juostel\u0117s, leid\u017eian\u010dios dar labiau suasmeninti \u0161\u012f bald\u0105. \u201eAzteca Trio\u201c spinta yra daugiau nei baldas; tai investicija \u012f j\u016bs\u0173 erdv\u0117s tvark\u0105 ir estetik\u0105.<\/p>\n<p>Prek\u0117s kodas S504-SZF3D\/21\/18-BI\/BIP Simbolis ZM EAN Plotis 180 cm Gylis 57 cm Auk\u0161tis 210 cm Kolekcija Azteca Trio Spalva balta\/blizgi balta Atspalvis baltas Stilius modernus Dur\u0173 skai\u010dius 3 dur\u0173 Stal\u010di\u0173 skai\u010dius be stal\u010di\u0173 Rankena be ranken\u0117li\u0173 Gamintojas Juoda Raudona Balta Baldo tipas Spintos PVM 23% EAN 5906123714853<\/p>","protected":false},"excerpt":{"rendered":"<p>\u201eAzteca Trio\u201c spinta \u2013 tobula organizuotumo id\u0117ja moderniu stiliumi. \u201eAzteca Trio\u201c kolekcija \u2013 tai puikus funkcionalumo ir modernaus dizaino derinys. Jos i\u0161skirtiniai bruo\u017eai \u2013 lyg\u016bs fasadai, suapvalinti kra\u0161tai ir unikalios dekoratyvin\u0117s juostel\u0117s formos rankenos. Organizuotumas, palengvinantis gyvenim\u0105. Jei svarstote, kur laikyti savo drabu\u017eius ir [\u2026]<\/p>","protected":false},"featured_media":266640,"comment_status":"open","ping_status":"open","template":"","meta":[],"product_brand":[],"product_cat":[9200,1177],"product_tag":[],"class_list":{"0":"post-266639","1":"product","2":"type-product","3":"status-publish","4":"has-post-thumbnail","6":"product_cat-black-red-white","7":"product_cat-wardrobes","9":"first","10":"instock","11":"purchasable","12":"product-type-simple"},"_links":{"self":[{"href":"https:\/\/baldumarket.lt\/lt\/wp-json\/wp\/v2\/product\/266639","targetHints":{"allow":["GET"]}}],"collection":[{"href":"https:\/\/baldumarket.lt\/lt\/wp-json\/wp\/v2\/product"}],"about":[{"href":"https:\/\/baldumarket.lt\/lt\/wp-json\/wp\/v2\/types\/product"}],"replies":[{"embeddable":true,"href":"https:\/\/baldumarket.lt\/lt\/wp-json\/wp\/v2\/comments?post=266639"}],"wp:featuredmedia":[{"embeddable":true,"href":"https:\/\/baldumarket.lt\/lt\/wp-json\/wp\/v2\/media\/266640"}],"wp:attachment":[{"href":"https:\/\/baldumarket.lt\/lt\/wp-json\/wp\/v2\/media?parent=266639"}],"wp:term":[{"taxonomy":"product_brand","embeddable":true,"href":"https:\/\/baldumarket.lt\/lt\/wp-json\/wp\/v2\/product_brand?post=266639"},{"taxonomy":"product_cat","embeddable":true,"href":"https:\/\/baldumarket.lt\/lt\/wp-json\/wp\/v2\/product_cat?post=266639"},{"taxonomy":"product_tag","embeddable":true,"href":"https:\/\/baldumarket.lt\/lt\/wp-json\/wp\/v2\/product_tag?post=266639"}],"curies":[{"name":"wp","href":"https:\/\/api.w.org\/{rel}","templated":true}]}}