{"id":266631,"date":"2026-01-14T00:26:36","date_gmt":"2026-01-13T21:26:36","guid":{"rendered":"https:\/\/baldumarket.lt\/product\/szafa-szesciodrzwiowa-z-lustrami-i-szescioma-szufladami-herford-bialy-textil\/"},"modified":"2026-02-11T18:18:21","modified_gmt":"2026-02-11T15:18:21","slug":"szafa-szesciodrzwiowa-z-lustrami-i-szescioma-szufladami-herford-bialy-textil","status":"publish","type":"product","link":"https:\/\/baldumarket.lt\/lt\/product\/szafa-szesciodrzwiowa-z-lustrami-i-szescioma-szufladami-herford-bialy-textil\/","title":{"rendered":"\u0160e\u0161i\u0173 dur\u0173 spinta su veidrod\u017eiais ir \u0161e\u0161iais stal\u010diais HERFORD, balta\/tekstil\u0117"},"content":{"rendered":"<p>\u201eHerford\u201c spinta \u2013 tradicija moderniu stiliumi. \u201eHerford\u201c spinta yra ne tik baldas; ji pagerbia voki\u0161kas tradicijas, praturtintas moderniu dizainu. I\u0161skirtin\u0117s jos savyb\u0117s pabr\u0117\u017eia ne tik funkcionalum\u0105, bet ir estetik\u0105, \u012fkv\u0117pt\u0105 voki\u0161k\u0173 meistr\u0173. Spintos korpusas pagamintas i\u0161 tvirtos 15 mm storio med\u017eio dro\u017eli\u0173 plok\u0161t\u0117s su matin\u0117s baltos spalvos apdaila. Tai ne tik patvari, bet ir eleganti\u0161ka, puikiai atitinkanti voki\u0161k\u0173 meistr\u0173 tradicijas. Spintos vidus \u2013 tai unikali juslin\u0117 patirtis. Audinys, ri\u0161antis vid\u0173, suteikia \u201eHerford\u201c spintai unikal\u0173 charakter\u012f, sukurdamas maloni\u0105 patirt\u012f tiek vizualiai, tiek lyt\u0117jimo po\u017ei\u016briu. Spintos priekis, taip pat pagamintas i\u0161 15 mm storio med\u017eio dro\u017eli\u0173 plok\u0161t\u0117s, yra apdailintas eleganti\u0161ku matin\u0117s baltos spalvos atspalviu. \u0160e\u0161i\u0173 dur\u0173 spint\u0105 sudaro keturi varstomi fasadai, du veidrodiniai fasadai ir \u0161e\u0161i prakti\u0161ki stal\u010diai. Tai puikus funkcionalumo ir dizaino derinys. \u201eHerford\u201c spintos vidus sukurtas atsi\u017evelgiant \u012f maksimal\u0173 erdv\u0117s organizavim\u0105. Trys sidabriniai metaliniai b\u0117geliai suteikia daug vietos drabu\u017eiams pakabinti, o trys lentynos leid\u017eia tvarkingai laikyti papildomus daiktus. Sidabrin\u0117s plastikin\u0117s rankenos suteikia spintai eleganti\u0161k\u0105 i\u0161vaizd\u0105 ir u\u017etikrina lengv\u0105 dur\u0173 atidarym\u0105. Trumpai tariant, \u201eHerford\u201c spinta ne tik atspindi voki\u0161kas meistri\u0161kumo tradicijas, bet ir puikiai atitinka \u0161iuolaikines dizaino tendencijas. \u0160is unikalus patvarumo, funkcionalumo ir estetikos derinys paver\u010dia \u201eHerford\u201c spint\u0105 ne tik daikt\u0173 laikymo sprendimu, bet ir unikaliu interjero dizaino elementu.<\/p>\n<p>Prek\u0117s kodas F77-SZF2L4D6S-BI\/TX Simbolis ZM EAN Plotis 270 cm Gylis 54 cm Auk\u0161tis 210 cm Kolekcija Herford Spalva balta\/tekstil\u0117 Atspalvis baltas Stilius modernus Med\u017eiaga laminatas Dureli\u0173 skai\u010dius daugiaduris Stal\u010di\u0173 skai\u010dius 5 ir daugiau stal\u010di\u0173 Rankena su ranken\u0117l\u0117mis Gamintojas Juoda Raudona Balta Baldo tipas Spintos PVM 23% EAN 5906123851107<\/p>","protected":false},"excerpt":{"rendered":"<p>\u201eHerford\u201c spinta \u2013 tradicija moderniu stiliumi. \u201eHerford\u201c spinta yra ne tik baldas; ji pagerbia voki\u0161kas tradicijas, praturtinta moderniu dizainu. Jos i\u0161skirtin\u0117s savyb\u0117s pabr\u0117\u017eia ne tik funkcionalum\u0105, bet ir estetik\u0105, \u012fkv\u0117pt\u0105 voki\u0161k\u0173 meistr\u0173. Spintos korpusas pagamintas i\u0161 tvirtos 15 mm storio med\u017eio dro\u017eli\u0173 plok\u0161t\u0117s su [\u2026]<\/p>","protected":false},"featured_media":266632,"comment_status":"open","ping_status":"open","template":"","meta":[],"product_brand":[],"product_cat":[9200,1177],"product_tag":[],"class_list":{"0":"post-266631","1":"product","2":"type-product","3":"status-publish","4":"has-post-thumbnail","6":"product_cat-black-red-white","7":"product_cat-wardrobes","9":"first","10":"instock","11":"purchasable","12":"product-type-simple"},"_links":{"self":[{"href":"https:\/\/baldumarket.lt\/lt\/wp-json\/wp\/v2\/product\/266631","targetHints":{"allow":["GET"]}}],"collection":[{"href":"https:\/\/baldumarket.lt\/lt\/wp-json\/wp\/v2\/product"}],"about":[{"href":"https:\/\/baldumarket.lt\/lt\/wp-json\/wp\/v2\/types\/product"}],"replies":[{"embeddable":true,"href":"https:\/\/baldumarket.lt\/lt\/wp-json\/wp\/v2\/comments?post=266631"}],"wp:featuredmedia":[{"embeddable":true,"href":"https:\/\/baldumarket.lt\/lt\/wp-json\/wp\/v2\/media\/266632"}],"wp:attachment":[{"href":"https:\/\/baldumarket.lt\/lt\/wp-json\/wp\/v2\/media?parent=266631"}],"wp:term":[{"taxonomy":"product_brand","embeddable":true,"href":"https:\/\/baldumarket.lt\/lt\/wp-json\/wp\/v2\/product_brand?post=266631"},{"taxonomy":"product_cat","embeddable":true,"href":"https:\/\/baldumarket.lt\/lt\/wp-json\/wp\/v2\/product_cat?post=266631"},{"taxonomy":"product_tag","embeddable":true,"href":"https:\/\/baldumarket.lt\/lt\/wp-json\/wp\/v2\/product_tag?post=266631"}],"curies":[{"name":"wp","href":"https:\/\/api.w.org\/{rel}","templated":true}]}}