{"id":266627,"date":"2026-01-14T00:26:32","date_gmt":"2026-01-13T21:26:32","guid":{"rendered":"https:\/\/baldumarket.lt\/product\/szafa-przesuwna-kassel-270-cm-dab-monastery-dab-czarny\/"},"modified":"2026-02-11T18:18:21","modified_gmt":"2026-02-11T15:18:21","slug":"szafa-przesuwna-kassel-270-cm-dab-monastery-dab-czarny","status":"publish","type":"product","link":"https:\/\/baldumarket.lt\/lt\/product\/szafa-przesuwna-kassel-270-cm-dab-monastery-dab-czarny\/","title":{"rendered":"KASSEL stumdoma spinta 270 cm vienuolyno \u0105\u017euolas\/juodas \u0105\u017euolas"},"content":{"rendered":"<p>\u201eKassel\u201c spinta \u2013 erdvi kaip r\u016bbin\u0117. \u201eKassel\u201c kolekcija, pasi\u017eyminti paprastu dizainu ir novatori\u0161kais sprendimais, puikiai dera prie \u0161iuolaikini\u0173 interjero dizaino tendencij\u0173. Reikia daug vietos drabu\u017eiams ir patalynei laikyti? \u012esp\u016bdingo 270 cm plo\u010dio \u201eKassel\u201c spinta pateisins j\u016bs\u0173 l\u016bkes\u010dius. U\u017e tvirto priekio rasite prakti\u0161kas, atskiras erdves su fiksuotomis lentynomis ir pakabomis. Apatin\u0119 spintos dal\u012f galima laisvai i\u0161d\u0117styti naudojant d\u0117\u017e\u0119 ir kitus priedus.<\/p>\n<p>Be to, spint\u0105 galima papildyti r\u0117mu\/vir\u0161utine b\u0117geliu (PST) ir lentynomis POL\/83 bei POL\/98. Spintel\u0117s korpusas yra padengtas \u0105\u017euolo atspalviu, kuris puikiai dera su juodo \u0105\u017euolo priekiniais elementais.<\/p>\n<p>Stumdomos durys \u2013 patogus sprendimas, nes jos neleid\u017eia durims u\u017esitrenkti ir palengvina prieig\u0105 prie spintos turinio. Atkreipkite d\u0117mes\u012f, kad nurodytas gylis neapima fasad\u0173 su rankenomis storio. \u201eKassel\u201c spint\u0105 galite pastatyti specialioje ni\u0161oje, o derindami j\u0105 su kitais kolekcijos elementais, sukursite funkcionali\u0105 erdv\u0119 miegamajame.<\/p>\n<p>Prek\u0117s kodas L99-SZF\/270_TLL-DMON\/DCA Simbolis ZM EAN Plotis 270 cm Gylis 60,5 cm Auk\u0161tis 218,5 cm Kolekcija Kassel Spalva vienuolyno \u0105\u017euolas\/juodas \u0105\u017euolas Atspalvis tamsi mediena Stilius modernus Med\u017eiaga laminatas Dur\u0173 skai\u010dius 2 dur\u0173 Stal\u010di\u0173 skai\u010dius be stal\u010di\u0173 Rankena be ranken\u0117li\u0173 Ap\u0161vietimas pasirenkamas Gamintojas Juoda Raudona Balta Baldo tipas Spintos PVM 23% EAN 5906123604628<\/p>","protected":false},"excerpt":{"rendered":"<p>The Kassel Wardrobe \u2013 as spacious as a dressing room. The Kassel collection, characterized by simple design and innovative solutions, perfectly fits into modern interior design trends. Need ample storage space for clothes and bedding? The Kassel wardrobe, with its impressive width of 270 cm, will meet your expectations. Behind the solid front, you&#8217;ll find [&hellip;]<\/p>","protected":false},"featured_media":266628,"comment_status":"open","ping_status":"open","template":"","meta":[],"product_brand":[],"product_cat":[9200,1177],"product_tag":[],"class_list":{"0":"post-266627","1":"product","2":"type-product","3":"status-publish","4":"has-post-thumbnail","6":"product_cat-black-red-white","7":"product_cat-wardrobes","9":"first","10":"instock","11":"purchasable","12":"product-type-simple"},"_links":{"self":[{"href":"https:\/\/baldumarket.lt\/lt\/wp-json\/wp\/v2\/product\/266627","targetHints":{"allow":["GET"]}}],"collection":[{"href":"https:\/\/baldumarket.lt\/lt\/wp-json\/wp\/v2\/product"}],"about":[{"href":"https:\/\/baldumarket.lt\/lt\/wp-json\/wp\/v2\/types\/product"}],"replies":[{"embeddable":true,"href":"https:\/\/baldumarket.lt\/lt\/wp-json\/wp\/v2\/comments?post=266627"}],"wp:featuredmedia":[{"embeddable":true,"href":"https:\/\/baldumarket.lt\/lt\/wp-json\/wp\/v2\/media\/266628"}],"wp:attachment":[{"href":"https:\/\/baldumarket.lt\/lt\/wp-json\/wp\/v2\/media?parent=266627"}],"wp:term":[{"taxonomy":"product_brand","embeddable":true,"href":"https:\/\/baldumarket.lt\/lt\/wp-json\/wp\/v2\/product_brand?post=266627"},{"taxonomy":"product_cat","embeddable":true,"href":"https:\/\/baldumarket.lt\/lt\/wp-json\/wp\/v2\/product_cat?post=266627"},{"taxonomy":"product_tag","embeddable":true,"href":"https:\/\/baldumarket.lt\/lt\/wp-json\/wp\/v2\/product_tag?post=266627"}],"curies":[{"name":"wp","href":"https:\/\/api.w.org\/{rel}","templated":true}]}}