{"id":266619,"date":"2026-01-14T00:26:26","date_gmt":"2026-01-13T21:26:26","guid":{"rendered":"https:\/\/baldumarket.lt\/product\/szafa-pieciodrzwiowa-z-lustrami-loksa-2405-cm-sosna-andersen-biala-dab-grandson\/"},"modified":"2026-02-11T18:18:21","modified_gmt":"2026-02-11T15:18:21","slug":"szafa-pieciodrzwiowa-z-lustrami-loksa-2405-cm-sosna-andersen-biala-dab-grandson","status":"publish","type":"product","link":"https:\/\/baldumarket.lt\/lt\/product\/szafa-pieciodrzwiowa-z-lustrami-loksa-2405-cm-sosna-andersen-biala-dab-grandson\/","title":{"rendered":"LOKSA penki\u0173 dur\u0173 spinta su veidrod\u017eiais, 240,5 cm, Anderseno pu\u0161is, balta\/Grandson \u0105\u017euolas"},"content":{"rendered":"<p>\u201eLoksa\u201c spinta \u2013 daug vietos j\u016bs\u0173 drabu\u017eiams. Svajojate apie tobul\u0105 tvark\u0105 savo erdv\u0117je? \u201eLoksa\u201c spinta \u2013 puikus sprendimas, pad\u0117siantis sutvarkyti visus j\u016bs\u0173 drabu\u017eius ir aksesuarus. D\u0117l savo erdvumo ir funkcionalumo pamir\u0161ite apie netvark\u0105 ir laikinus sprendimus. \u201eLoksa\u201c spinta pasi\u017eymi ne tik prakti\u0161kumu, bet ir patraukliu dizainu, kuris puikiai dera tiek su skandinavi\u0161ko stiliaus, tiek su moderniu interjeru. \u201eLoksa\u201c spintos r\u0117mai ir stal\u010di\u0173 fasadai yra madingo, universalaus baltos Anderseno pu\u0161ies atspalvio. Minimalistin\u0117 matin\u0117 balta spalva suteikia jai modernumo, o stilinga \u201eGrandson\u201c \u0105\u017euolo apdaila \u2013 elegancijos. Ergonomi\u0161kos pilkos rankenos u\u017etikrina patog\u0173 kasdien\u012f naudojim\u0105 ir puikiai dera prie bendro dizaino. \u201eLoksa\u201c spintos vidus sukurtas atsi\u017evelgiant \u012f maksimal\u0173 funkcionalum\u0105. Du b\u0117geliai leid\u017eia patogiai laikyti striukes, paltus ir mar\u0161kinius, neleid\u017eiant jiems glam\u017eytis. Trys atskiros zonos leid\u017eia lengvai sutvarkyti \u012fvairi\u0173 tip\u0173 drabu\u017eius, tod\u0117l lengviau ir grei\u010diau rasti tai, ko jums reikia. Vidurin\u0117s lentynos idealiai tinka patalynei, rank\u0161luos\u010diams ir re\u010diau naudojamiems daiktams laikyti. \u201eLoksa\u201c spinta yra ne tik prakti\u0161kas sprendimas, bet ir stilingas dizaino elementas. Gerai apgalvotas dizainas padeda palaikyti tvark\u0105, i\u0161laikant interjero estetik\u0105. Jo d\u0117ka j\u016bs\u0173 drabu\u017eiai ir aksesuarai visada tur\u0117s savo viet\u0105, o miegamojo, persirengimo kambario ar prie\u0161kambario erdv\u0117 atrodys tvarkinga ir eleganti\u0161ka. Atraskite kitus \u201eLoksa\u201c kolekcijos baldus ir susikurkite savo interjer\u0105 pagal naujausias tendencijas. \u201eLoksa\u201c spinta \u2013 puikus pasirinkimas tiems, kurie vertina funkcionalumo ir modernaus dizaino derin\u012f. Sukurkite harmoning\u0105 ir organizuot\u0105 erdv\u0119, kurioje kiekvienas daiktas turi savo viet\u0105, o estetika ir elegancija lyd\u0117s jus kiekvien\u0105 dien\u0105.<\/p>\n<p>Prek\u0117s kodas S455-SZF2D3M-APW Plotis 240,5 cm Gylis 57,5 cm Auk\u0161tis 220 cm Kolekcija Loksa Spalva Anderseno pu\u0161is balta\/Grandson \u0105\u017euolas Atspalvis \u0161viesi mediena Stilius Skandinavi\u0161kas Med\u017eiaga laminatas Dur\u0173 skai\u010dius daugiaduris Stal\u010di\u0173 skai\u010dius be stal\u010di\u0173 Rankena su rankenomis Gamintojas Juoda Raudona Balta Baldo tipas Spintos PVM 23% EAN 5906123030991<\/p>","protected":false},"excerpt":{"rendered":"<p>\u201eLoksa\u201c spinta \u2013 erdvi erdv\u0117 j\u016bs\u0173 drabu\u017eiams. Svajojate apie tobul\u0105 tvark\u0105 savo erdv\u0117je? \u201eLoksa\u201c spinta \u2013 puikus sprendimas, pad\u0117siantis sutvarkyti visus j\u016bs\u0173 drabu\u017eius ir aksesuarus. D\u0117l savo erdvumo ir funkcionalumo pamir\u0161ite netvark\u0105 ir laikinus sprendimus. \u201eLoksa\u201c spinta si\u016blo ne tik prakti\u0161kum\u0105, bet ir patraukli\u0105 [\u2026]<\/p>","protected":false},"featured_media":266620,"comment_status":"open","ping_status":"open","template":"","meta":[],"product_brand":[],"product_cat":[9200,1177],"product_tag":[],"class_list":{"0":"post-266619","1":"product","2":"type-product","3":"status-publish","4":"has-post-thumbnail","6":"product_cat-black-red-white","7":"product_cat-wardrobes","9":"first","10":"instock","11":"purchasable","12":"product-type-simple"},"_links":{"self":[{"href":"https:\/\/baldumarket.lt\/lt\/wp-json\/wp\/v2\/product\/266619","targetHints":{"allow":["GET"]}}],"collection":[{"href":"https:\/\/baldumarket.lt\/lt\/wp-json\/wp\/v2\/product"}],"about":[{"href":"https:\/\/baldumarket.lt\/lt\/wp-json\/wp\/v2\/types\/product"}],"replies":[{"embeddable":true,"href":"https:\/\/baldumarket.lt\/lt\/wp-json\/wp\/v2\/comments?post=266619"}],"wp:featuredmedia":[{"embeddable":true,"href":"https:\/\/baldumarket.lt\/lt\/wp-json\/wp\/v2\/media\/266620"}],"wp:attachment":[{"href":"https:\/\/baldumarket.lt\/lt\/wp-json\/wp\/v2\/media?parent=266619"}],"wp:term":[{"taxonomy":"product_brand","embeddable":true,"href":"https:\/\/baldumarket.lt\/lt\/wp-json\/wp\/v2\/product_brand?post=266619"},{"taxonomy":"product_cat","embeddable":true,"href":"https:\/\/baldumarket.lt\/lt\/wp-json\/wp\/v2\/product_cat?post=266619"},{"taxonomy":"product_tag","embeddable":true,"href":"https:\/\/baldumarket.lt\/lt\/wp-json\/wp\/v2\/product_tag?post=266619"}],"curies":[{"name":"wp","href":"https:\/\/api.w.org\/{rel}","templated":true}]}}