{"id":266611,"date":"2026-01-14T00:26:19","date_gmt":"2026-01-13T21:26:19","guid":{"rendered":"https:\/\/baldumarket.lt\/product\/szafa-pieciodrzwiowa-z-lustrami-i-szescioma-szufladami-arnaka-grafit-textil-bialy\/"},"modified":"2026-02-11T18:18:21","modified_gmt":"2026-02-11T15:18:21","slug":"szafa-pieciodrzwiowa-z-lustrami-i-szescioma-szufladami-arnaka-grafit-textil-bialy","status":"publish","type":"product","link":"https:\/\/baldumarket.lt\/lt\/product\/szafa-pieciodrzwiowa-z-lustrami-i-szescioma-szufladami-arnaka-grafit-textil-bialy\/","title":{"rendered":"ARNAKA penki\u0173 dur\u0173 spinta su veidrod\u017eiais ir \u0161e\u0161iais stal\u010diais, grafito\/tekstil\u0117s\/balta"},"content":{"rendered":"<p>\u201eArnaka\u201c spinta \u2013 elegancija, funkcionalumas ir erdv\u0117. \u201eArnaka\u201c spinta \u2013 tai ne tik daikt\u0173 laikymo vieta; tai tikras funkcionalumo, stiliaus ir elegancijos derinys. Penki\u0173 dur\u0173 dizainas buvo sukurtas siekiant maksimalaus efektyvumo, suteikiant daug vietos drabu\u017eiams sutvarkyti ir laikyti. Centrin\u0117s \u201eArnaka\u201c spintos durys veikia kaip prakti\u0161ki veidrod\u017eiai, suteikiantys stiliaus ir vizualiai i\u0161ple\u010diantys kambar\u012f. Jos yra ne tik dekoratyvinis elementas, bet ir prakti\u0161kos, leid\u017eian\u010dios visapusi\u0161kai ap\u017ei\u016br\u0117ti savo aprang\u0105 prie\u0161 i\u0161einant. I\u0161orin\u0117s matin\u0117s baltos spalvos dur\u0173 priekin\u0117s dalys suteikia spintai lengvumo ir eleganti\u0161kumo, tod\u0117l ji tampa harmoningu bet kokio interjero elementu. Balta, nesenstanti spalva, puikiai dera su \u012fvairiais interjero stiliais. \u201eArnaka\u201c spintos viduje yra trys pakabinimo vietos ir trys lentynos, u\u017etikrinan\u010dios tobul\u0105 drabu\u017ei\u0173 organizavim\u0105. Tai vieta, kurioje lengvai rasite tinkam\u0105 aprang\u0105 bet kokiai progai. Be to, \u0161e\u0161i patog\u016bs stal\u010diai apa\u010dioje idealiai tinka laikyti ma\u017eesnius daiktus, tokius kaip apatiniai drabu\u017eiai, kojin\u0117s ar papuo\u0161alai. Grafito spalvos stal\u010di\u0173 priekin\u0117s dalys gra\u017eiai kontrastuoja su balta spalva, sukurdamos modern\u0173 ir unikal\u0173 vaizd\u0105. Eleganti\u0161kos sidabrin\u0117s ranken\u0117l\u0117s u\u017ebaigia i\u0161vaizd\u0105, suteikdamos \u201eArnaka\u201c spintai unikal\u0173 charakter\u012f. Pasirink\u0119 penki\u0173 dur\u0173 \u201eArnaka\u201c spint\u0105, gausite ne tik funkcionali\u0105 daikt\u0173 laikymo viet\u0105, bet ir bald\u0105, kuris pagerins j\u016bs\u0173 interjero stili\u0173. Tai puikus estetikos, prakti\u0161kumo ir apgalvoto dizaino derinys, tod\u0117l daikt\u0173 laikymas yra ne tik lengvesnis, bet ir gra\u017eesnis.<\/p>\n<p>Prek\u0117s kodas F76-SZF3L2D6S-GF\/TX\/BI Simbolis ZM EAN Plotis 226 cm Gylis 54 cm Auk\u0161tis 210 cm Kolekcija Arnaka Spalva grafito\/tekstil\u0117s\/baltos spalvos Atspalvis grafito Stilius modernus Med\u017eiaga laminatas Dureli\u0173 skai\u010dius daugiaduris Stal\u010di\u0173 skai\u010dius 5 ir daugiau stal\u010di\u0173 Rankena su ranken\u0117l\u0117mis Gamintojas Juoda Raudona Balta Baldo tipas Spintos PVM mokestis 23% EAN 5906123851091<\/p>","protected":false},"excerpt":{"rendered":"<p>\u201eArnaka\u201c spinta \u2013 elegancija, funkcionalumas ir erdv\u0117. \u201eArnaka\u201c spinta yra ne tik daikt\u0173 laikymo vieta; tai tikras funkcionalumo, stiliaus ir elegancijos derinys. Jos penki\u0173 dur\u0173 dizainas buvo sukurtas siekiant maksimalaus efektyvumo, suteikiant daug vietos drabu\u017eiams sutvarkyti ir laikyti. Centrin\u0117s \u201eArnaka\u201c spintos durys veikia kaip prakti\u0161ki veidrod\u017eiai, suteikiantys stiliaus [\u2026]<\/p>","protected":false},"featured_media":266612,"comment_status":"open","ping_status":"open","template":"","meta":[],"product_brand":[],"product_cat":[9200,1177],"product_tag":[],"class_list":{"0":"post-266611","1":"product","2":"type-product","3":"status-publish","4":"has-post-thumbnail","6":"product_cat-black-red-white","7":"product_cat-wardrobes","9":"first","10":"instock","11":"purchasable","12":"product-type-simple"},"_links":{"self":[{"href":"https:\/\/baldumarket.lt\/lt\/wp-json\/wp\/v2\/product\/266611","targetHints":{"allow":["GET"]}}],"collection":[{"href":"https:\/\/baldumarket.lt\/lt\/wp-json\/wp\/v2\/product"}],"about":[{"href":"https:\/\/baldumarket.lt\/lt\/wp-json\/wp\/v2\/types\/product"}],"replies":[{"embeddable":true,"href":"https:\/\/baldumarket.lt\/lt\/wp-json\/wp\/v2\/comments?post=266611"}],"wp:featuredmedia":[{"embeddable":true,"href":"https:\/\/baldumarket.lt\/lt\/wp-json\/wp\/v2\/media\/266612"}],"wp:attachment":[{"href":"https:\/\/baldumarket.lt\/lt\/wp-json\/wp\/v2\/media?parent=266611"}],"wp:term":[{"taxonomy":"product_brand","embeddable":true,"href":"https:\/\/baldumarket.lt\/lt\/wp-json\/wp\/v2\/product_brand?post=266611"},{"taxonomy":"product_cat","embeddable":true,"href":"https:\/\/baldumarket.lt\/lt\/wp-json\/wp\/v2\/product_cat?post=266611"},{"taxonomy":"product_tag","embeddable":true,"href":"https:\/\/baldumarket.lt\/lt\/wp-json\/wp\/v2\/product_tag?post=266611"}],"curies":[{"name":"wp","href":"https:\/\/api.w.org\/{rel}","templated":true}]}}