{"id":266587,"date":"2026-01-14T00:26:00","date_gmt":"2026-01-13T21:26:00","guid":{"rendered":"https:\/\/baldumarket.lt\/product\/szafa-pieciodrzwiowa-z-dwoma-szufladami-kaspian-1535-cm-bialy-bialy-matowy\/"},"modified":"2026-02-11T18:18:22","modified_gmt":"2026-02-11T15:18:22","slug":"szafa-pieciodrzwiowa-z-dwoma-szufladami-kaspian-1535-cm-bialy-bialy-matowy","status":"publish","type":"product","link":"https:\/\/baldumarket.lt\/lt\/product\/szafa-pieciodrzwiowa-z-dwoma-szufladami-kaspian-1535-cm-bialy-bialy-matowy\/","title":{"rendered":"Penki\u0173 dur\u0173 spinta su dviem stal\u010diais KASPIAN 153,5 cm balta\/matin\u0117 balta"},"content":{"rendered":"<p>\u201eKaspian\u201c spinta \u2013 erdv\u0117 ir modernumas j\u016bs\u0173 interjerui. Modulin\u0117 \u201eKaspian\u201c kolekcija atspindi modern\u0173 po\u017ei\u016br\u012f \u012f baldus, \u012fkv\u0117pt\u0105 gamtos ir ai\u0161kiai atspindin\u010dios neapdorotos medienos spalvos bei tekst\u016bros. \u201eKaspian\u201c spinta yra puikus \u0161ios kolekcijos pavyzdys, kuriame erdv\u0117 derinama su moderniu dizainu. \u0160tai kod\u0117l verta j\u0105 apsvarstyti: prakti\u0161kas interjeras didel\u0117ms talpoms.<br \/>\n\u201eKaspian\u201c spintos vidus yra prakti\u0161kai sutvarkytas, jame yra daug vietos drabu\u017eiams laikyti. Platesn\u0117je dalyje yra drabu\u017ei\u0173 kabykla, kurioje yra daug vietos drabu\u017eiams pakabinti. Siauresn\u0117je dalyje yra trys gilios lentynos sulankstytiems drabu\u017eiams ar aksesuarams laikyti. Apatin\u0117 dalis taip pat yra funkcionali, joje yra du stal\u010diai, puikiai tinkantys smulkiems daiktams laikyti. Veidrodis spintos priekyje ne tik atlieka praktin\u0119 funkcij\u0105, leid\u017eian\u010di\u0105 ap\u017ei\u016br\u0117ti savo i\u0161vaizd\u0105, bet ir vizualiai padidina erdv\u0119. Tai ypa\u010d svarbu, jei turite ma\u017e\u0105 miegam\u0105j\u012f ar prie\u0161kambar\u012f, kur kiekvienas papildomas matmuo yra vertingas. Subtiliai pastorinti spintos \u0161onai ne tik sustiprina jos konstrukcij\u0105, bet ir pagerina jos vizualin\u012f patrauklum\u0105. \u0160is baldas derina estetik\u0105 su funkcionalumu ir patvarumu. \u201eKaspian\u201c spinta pasi\u017eymi priekine atidarymo sistema be ranken\u0117li\u0173, suteikian\u010dia jai modern\u0173 charakter\u012f ir pabr\u0117\u017eian\u010dia minimalistin\u012f dizain\u0105. \u0160is sprendimas yra ir patogus, ir esteti\u0161kai patrauklus. \u012evairios fasado spalvos.<br \/>\nPlatus fasad\u0173 spalv\u0173 pasirinkimas leid\u017eia pritaikyti spint\u0105 pagal j\u016bs\u0173 asmenin\u012f skon\u012f ir interjero stili\u0173. \u0160is baldas suteikia jums laisv\u0119 \u012frengti ir dekoruoti savo kambar\u012f. \u201eKaspian\u201c spinta puikiai dera su kitais \u201eKaspian\u201c modulin\u0117s kolekcijos elementais, leisdama sukurti visapusi\u0161k\u0105 j\u016bs\u0173 persirengimo kambario, miegamojo ar prie\u0161kambario interjero dizain\u0105. Be to, universali spalv\u0173 gama leid\u017eia j\u0105 derinti su moduliais i\u0161 kit\u0173 \u201eBlack Red White\u201c kolekcij\u0173, suteikiant dar daugiau dizaino galimybi\u0173. Trumpai tariant, \u201eKaspian\u201c spinta yra ne tik erdvi ir funkcionali erdv\u0117 drabu\u017eiams laikyti, bet ir dekoratyvinis elementas, suteikiantis j\u016bs\u0173 interjerui charakterio. Jei ie\u0161kote baldo, kuris atitikt\u0173 j\u016bs\u0173 l\u016bkes\u010dius tiek talpos, tiek estetikos po\u017ei\u016briu, \u201eKaspian\u201c spinta yra vertingas pasirinkimas. Tai baldas, kuriame tilps daug daikt\u0173, tuo pa\u010diu pagerinant j\u016bs\u0173 interjer\u0105 ir papildant \u012fvairius dizaino stilius.<\/p>\n<p>Prek\u0117s kodas S128-SZF5D2S-BI\/BIM Simbolis ZM EAN Plotis 153,5 cm Gylis 55,5 cm Auk\u0161tis 211 cm Kolekcija Kaspian Spalva balta\/matin\u0117 balta Atspalvis baltas Stilius modernus Dur\u0173 skai\u010dius daugiaduris Stal\u010di\u0173 skai\u010dius 2 stal\u010diai Rankena be ranken\u0117li\u0173 Gamintojas Juoda Raudona Balta Baldo tipas Spintos PVM 23% EAN 5906123921008<\/p>","protected":false},"excerpt":{"rendered":"<p>The Kaspian Wardrobe \u2013 Space and Modernity for Your InteriorThe Kaspian modular collection expresses a modern approach to furniture, inspired by nature and the clearly reflective color and texture of raw wood. The Kaspian wardrobe is a prime example of this collection, combining space with modern design. Here&#8217;s why it&#8217;s worth considering: Practical Interior for [&hellip;]<\/p>","protected":false},"featured_media":266588,"comment_status":"open","ping_status":"open","template":"","meta":[],"product_brand":[],"product_cat":[9200,1177],"product_tag":[],"class_list":{"0":"post-266587","1":"product","2":"type-product","3":"status-publish","4":"has-post-thumbnail","6":"product_cat-black-red-white","7":"product_cat-wardrobes","9":"first","10":"instock","11":"purchasable","12":"product-type-simple"},"_links":{"self":[{"href":"https:\/\/baldumarket.lt\/lt\/wp-json\/wp\/v2\/product\/266587","targetHints":{"allow":["GET"]}}],"collection":[{"href":"https:\/\/baldumarket.lt\/lt\/wp-json\/wp\/v2\/product"}],"about":[{"href":"https:\/\/baldumarket.lt\/lt\/wp-json\/wp\/v2\/types\/product"}],"replies":[{"embeddable":true,"href":"https:\/\/baldumarket.lt\/lt\/wp-json\/wp\/v2\/comments?post=266587"}],"wp:featuredmedia":[{"embeddable":true,"href":"https:\/\/baldumarket.lt\/lt\/wp-json\/wp\/v2\/media\/266588"}],"wp:attachment":[{"href":"https:\/\/baldumarket.lt\/lt\/wp-json\/wp\/v2\/media?parent=266587"}],"wp:term":[{"taxonomy":"product_brand","embeddable":true,"href":"https:\/\/baldumarket.lt\/lt\/wp-json\/wp\/v2\/product_brand?post=266587"},{"taxonomy":"product_cat","embeddable":true,"href":"https:\/\/baldumarket.lt\/lt\/wp-json\/wp\/v2\/product_cat?post=266587"},{"taxonomy":"product_tag","embeddable":true,"href":"https:\/\/baldumarket.lt\/lt\/wp-json\/wp\/v2\/product_tag?post=266587"}],"curies":[{"name":"wp","href":"https:\/\/api.w.org\/{rel}","templated":true}]}}