{"id":266579,"date":"2026-01-14T00:25:53","date_gmt":"2026-01-13T21:25:53","guid":{"rendered":"https:\/\/baldumarket.lt\/product\/szafa-pieciodrzwiowa-stockholm-243-cm-andersen-pine-white-dab-sonoma-ciemna\/"},"modified":"2026-02-11T18:18:22","modified_gmt":"2026-02-11T15:18:22","slug":"szafa-pieciodrzwiowa-stockholm-243-cm-andersen-pine-white-dab-sonoma-ciemna","status":"publish","type":"product","link":"https:\/\/baldumarket.lt\/lt\/product\/szafa-pieciodrzwiowa-stockholm-243-cm-andersen-pine-white-dab-sonoma-ciemna\/","title":{"rendered":"STOCKHOLM penki\u0173 dur\u0173 spinta 243 cm andersen pu\u0161is balta\/tamsus sonoma \u0105\u017euolas"},"content":{"rendered":"<p>\u201eStockholm\u201c spinta \u2013 tvarka ir stilius j\u016bs\u0173 miegamajame. \u201eStockholm\u201c kolekcija si\u016blo ne tik gra\u017eius baldus, bet ir sprendimus, kurie pad\u0117s maksimaliai i\u0161naudoti miegamojo erdv\u0119, i\u0161laikant skandinavi\u0161k\u0105 stili\u0173. \u0160tai kod\u0117l verta apsvarstyti \u201eStockholm\u201c spint\u0105: 5 dur\u0173 \u201eStockholm\u201c spinta si\u016blo tikr\u0105 daikt\u0173 laikymo sprendim\u0105. Joje yra dvi dalys su drabu\u017ei\u0173 kabyklomis, tod\u0117l lengva sutvarkyti j\u016bs\u0173 spint\u0105. Vir\u0161utin\u0117s lentynos leid\u017eia laikyti daiktus, kuri\u0173 nereikia kabinti, pavyzd\u017eiui, rankines ar batus. Vidurin\u0117 spintos dalis, kurioje yra 5 lentynos, si\u016blo papildom\u0173 organizavimo galimybi\u0173. Tai labai palengvina tvark\u0105 ir organizuotum\u0105 j\u016bs\u0173 miegamajame. Spinta i\u0161laiko i\u0161skirtin\u012f skandinavi\u0161k\u0105 \u201eStockholm\u201c kolekcijos i\u0161vaizd\u0105. Ry\u0161kiai baltos \u201eAndersen\u201c pu\u0161ies fasadai sukuria gaiv\u0173 poj\u016bt\u012f, o tamsaus \u201eSonoma\u201c \u0105\u017euolo kra\u0161tai \u2013 kontrast\u0105. Dekoratyvin\u0117s juostel\u0117s ir subtil\u016bs \u012fbr\u0117\u017eimai fasaduose \u2013 tai detal\u0117s, kurios visi\u0161kai atspindi skandinavi\u0161k\u0105 stili\u0173. Metalin\u0117s rankenos ne tik pabr\u0117\u017eia kolekcijos charakter\u012f, bet ir palengvina dur\u0173 atidarym\u0105 bei u\u017edarym\u0105. Tai ir prakti\u0161ka, ir dekoratyvu. \u0160velnaus u\u017edarymo vyriai yra ypa\u010d naudinga funkcija, padidinanti kasdienio naudojimo komfort\u0105. Durys u\u017esidaro tyliai ir \u0161velniai, o tai ypa\u010d svarbu, kai \u0161alia miega partneris. \u201eStockholm\u201c kolekcijoje si\u016blomi \u012fvair\u016bs elementai, pavyzd\u017eiui, komoda, naktinis staliukas ir lova. \u0160iuos elementus galite laisvai derinti ir sukurti darn\u0173 bei harmoning\u0105 miegam\u0105j\u012f, kuris atspind\u0117t\u0173 j\u016bs\u0173 asmenin\u012f stili\u0173. Trumpai tariant, \u201eStockholm\u201c spinta yra ne tik prakti\u0161kas sprendimas drabu\u017eiams ir aksesuarams laikyti, bet ir svarbus miegamojo dizaino elementas. D\u0117l savo talpumo ir skandinavi\u0161ko dizaino ji leid\u017eia sukurti funkcionali\u0105 ir esteti\u0161kai patraukli\u0105 poilsio erdv\u0119. Pasinaudokite visa \u201eStockholm\u201c kolekcija, kad sukurtum\u0117te savo svajoni\u0173 miegam\u0105j\u012f, kuriame tvarka ir stilius dera tarpusavyje.<\/p>\n<p>Prek\u0117s kodas S239-SZF5D\/23\/24-APW\/DSOC Simbolis ZM EAN Plotis 243 cm Gylis 59 cm Auk\u0161tis 226 cm Kolekcija Stockholm Spalva andersen pu\u0161is balta\/tamsus sonoma \u0105\u017euolas Atspalvis \u0161viesi mediena Stilius Skandinavi\u0161kas Med\u017eiaga laminatas Dur\u0173 skai\u010dius daugiaduris Stal\u010di\u0173 skai\u010dius be stal\u010di\u0173 Rankena su rankenomis Gamintojas Juoda Raudona Balta Baldo tipas Spintos PVM 23% EAN 5906123923279<\/p>","protected":false},"excerpt":{"rendered":"<p>\u201eStockholm\u201c spinta \u2013 tvarka ir stilius j\u016bs\u0173 miegamajame. \u201eStockholm\u201c kolekcija si\u016blo ne tik gra\u017eius baldus, bet ir sprendimus, kurie pad\u0117s maksimaliai i\u0161naudoti erdv\u0119 miegamajame, i\u0161laikant skandinavi\u0161k\u0105 stili\u0173. \u0160tai kod\u0117l verta apsvarstyti \u201eStockholm\u201c spint\u0105: 5 dur\u0173 \u201eStockholm\u201c spinta si\u016blo tikr\u0105 daikt\u0173 laikymo sprendim\u0105. Joje yra dvi dalys [\u2026]<\/p>","protected":false},"featured_media":266580,"comment_status":"open","ping_status":"open","template":"","meta":[],"product_brand":[],"product_cat":[9200,1177],"product_tag":[],"class_list":{"0":"post-266579","1":"product","2":"type-product","3":"status-publish","4":"has-post-thumbnail","6":"product_cat-black-red-white","7":"product_cat-wardrobes","9":"first","10":"instock","11":"purchasable","12":"product-type-simple"},"_links":{"self":[{"href":"https:\/\/baldumarket.lt\/lt\/wp-json\/wp\/v2\/product\/266579","targetHints":{"allow":["GET"]}}],"collection":[{"href":"https:\/\/baldumarket.lt\/lt\/wp-json\/wp\/v2\/product"}],"about":[{"href":"https:\/\/baldumarket.lt\/lt\/wp-json\/wp\/v2\/types\/product"}],"replies":[{"embeddable":true,"href":"https:\/\/baldumarket.lt\/lt\/wp-json\/wp\/v2\/comments?post=266579"}],"wp:featuredmedia":[{"embeddable":true,"href":"https:\/\/baldumarket.lt\/lt\/wp-json\/wp\/v2\/media\/266580"}],"wp:attachment":[{"href":"https:\/\/baldumarket.lt\/lt\/wp-json\/wp\/v2\/media?parent=266579"}],"wp:term":[{"taxonomy":"product_brand","embeddable":true,"href":"https:\/\/baldumarket.lt\/lt\/wp-json\/wp\/v2\/product_brand?post=266579"},{"taxonomy":"product_cat","embeddable":true,"href":"https:\/\/baldumarket.lt\/lt\/wp-json\/wp\/v2\/product_cat?post=266579"},{"taxonomy":"product_tag","embeddable":true,"href":"https:\/\/baldumarket.lt\/lt\/wp-json\/wp\/v2\/product_tag?post=266579"}],"curies":[{"name":"wp","href":"https:\/\/api.w.org\/{rel}","templated":true}]}}