{"id":266571,"date":"2026-01-14T00:25:47","date_gmt":"2026-01-13T21:25:47","guid":{"rendered":"https:\/\/baldumarket.lt\/product\/szafa-narozna-trzydrzwiowa-z-lustrami-przesuwnymi-flex-220x116-cm-bialy-szary\/"},"modified":"2026-02-11T18:18:22","modified_gmt":"2026-02-11T15:18:22","slug":"szafa-narozna-trzydrzwiowa-z-lustrami-przesuwnymi-flex-220x116-cm-bialy-szary","status":"publish","type":"product","link":"https:\/\/baldumarket.lt\/lt\/product\/szafa-narozna-trzydrzwiowa-z-lustrami-przesuwnymi-flex-220x116-cm-bialy-szary\/","title":{"rendered":"Trij\u0173 dur\u0173 kampin\u0117 spinta su stumdomais veidrod\u017eiais FLEX 220\u00d7116 cm balta\/pilka"},"content":{"rendered":"<p>\u201eFlex\u201c spinta \u2013 moderni spinta, kuri palengvina tvark\u0105. Jei svarstote, kaip geriausiai i\u0161naudoti kampel\u012f miegamajame ar vaik\u0173 kambaryje, moderni ir erdvi kampin\u0117 \u201eFlex\u201c spinta gali b\u016bti kaip tik jums. J\u0105 sudaro du moduliai, sujungti kartu, sudarantys apverst\u0105 L form\u0105. D\u0117l stumdom\u0173 fasad\u0173 pasiekti daugum\u0105 spintos daikt\u0173 yra itin lengva. Spintoje yra pilno i\u0161traukimo stal\u010diai su \u0161velnaus u\u017edarymo mechanizmais. Papildomas LED ap\u0161vietimas su judesio jutikliu palengvina nar\u0161ym\u0105 lentynose ir stal\u010diuose. \u0160i erdvi spinta pasi\u017eymi paprastu ir minimalistiniu dizainu. Fasadai ir korpusas yra apdailinti \u0161viesia, prislopinta spalv\u0173 gama \u2013 blizgia balta. Vienas i\u0161 spintos segment\u0173 pasi\u017eymi veidrodiniais fasadais su subtiliais grioveliais, suteikian\u010diais spintai eleganti\u0161k\u0105 charakter\u012f. Spintos vidus apdailintas prakti\u0161ka pilka drobe. Jei norite, kad j\u016bs\u0173 miegamasis atrodyt\u0173 didesnis ir \u0161viesesnis, moderni spinta su \u0161iek tiek blizgiu fasadu gali patenkinti j\u016bs\u0173 l\u016bkes\u010dius. Veidrodin\u0117s panel\u0117s yra ne tik prakti\u0161kos, bet ir dekoratyvios, subtiliai atspindin\u010dios \u0161vies\u0105. \u201eFlex\u201c spintos suteikia tikr\u0105 lankstum\u0105 \u2013 rinkit\u0117s paruo\u0161t\u0105 sprendim\u0105 arba naudokite konfig\u016bratori\u0173, kad pritaikytum\u0117te spint\u0105 pagal savo individualius poreikius. Gylis neapima fasad\u0173 storio \u2013 jis taikomas tik korpusui su varstomomis durimis.<\/p>\n<p>Prek\u0117s kodas F57-SZAFA_ZESTAW_16-BI\/BIP\/SZ Simbolis ZM EAN Plotis 220,7 cm Gylis 116 cm Auk\u0161tis 240 cm Kolekcija \u201eFlex\u201c Spalva balta\/blizgi balta\/pilka Atspalvis baltas Stilius modernus Med\u017eiaga laminatas Dureli\u0173 skai\u010dius 3 dur\u0173 Stal\u010di\u0173 skai\u010dius 5 ir daugiau stal\u010di\u0173 Rankena be ranken\u0117li\u0173 Ap\u0161vietimas pasirenkamas Gamintojas Juoda Raudona Balta Baldo tipas Spintos PVM 23% EAN 5906123847919<\/p>","protected":false},"excerpt":{"rendered":"<p>\u201eFlex\u201c spinta \u2013 moderni spinta, kuri palengvina tvark\u0105. Jei svarstote, kaip geriausiai i\u0161naudoti kamp\u0105 miegamajame ar vaiko kambaryje, moderni ir erdvi kampin\u0117 \u201eFlex\u201c spinta gali b\u016bti kaip tik jums. J\u0105 sudaro du sujungti moduliai, sudarantys apverst\u0105 L form\u0105. Prieiga prie daugumos spint\u0173 [\u2026]<\/p>","protected":false},"featured_media":266572,"comment_status":"open","ping_status":"open","template":"","meta":[],"product_brand":[],"product_cat":[9200,1177],"product_tag":[],"class_list":{"0":"post-266571","1":"product","2":"type-product","3":"status-publish","4":"has-post-thumbnail","6":"product_cat-black-red-white","7":"product_cat-wardrobes","9":"first","10":"instock","11":"purchasable","12":"product-type-simple"},"_links":{"self":[{"href":"https:\/\/baldumarket.lt\/lt\/wp-json\/wp\/v2\/product\/266571","targetHints":{"allow":["GET"]}}],"collection":[{"href":"https:\/\/baldumarket.lt\/lt\/wp-json\/wp\/v2\/product"}],"about":[{"href":"https:\/\/baldumarket.lt\/lt\/wp-json\/wp\/v2\/types\/product"}],"replies":[{"embeddable":true,"href":"https:\/\/baldumarket.lt\/lt\/wp-json\/wp\/v2\/comments?post=266571"}],"wp:featuredmedia":[{"embeddable":true,"href":"https:\/\/baldumarket.lt\/lt\/wp-json\/wp\/v2\/media\/266572"}],"wp:attachment":[{"href":"https:\/\/baldumarket.lt\/lt\/wp-json\/wp\/v2\/media?parent=266571"}],"wp:term":[{"taxonomy":"product_brand","embeddable":true,"href":"https:\/\/baldumarket.lt\/lt\/wp-json\/wp\/v2\/product_brand?post=266571"},{"taxonomy":"product_cat","embeddable":true,"href":"https:\/\/baldumarket.lt\/lt\/wp-json\/wp\/v2\/product_cat?post=266571"},{"taxonomy":"product_tag","embeddable":true,"href":"https:\/\/baldumarket.lt\/lt\/wp-json\/wp\/v2\/product_tag?post=266571"}],"curies":[{"name":"wp","href":"https:\/\/api.w.org\/{rel}","templated":true}]}}