{"id":266568,"date":"2026-01-14T00:25:45","date_gmt":"2026-01-13T21:25:45","guid":{"rendered":"https:\/\/baldumarket.lt\/product\/szafa-narozna-pieciodrzwiowa-flex-178x203-cm-grafit\/"},"modified":"2026-02-11T18:18:22","modified_gmt":"2026-02-11T15:18:22","slug":"szafa-narozna-pieciodrzwiowa-flex-178x203-cm-grafit","status":"publish","type":"product","link":"https:\/\/baldumarket.lt\/lt\/product\/szafa-narozna-pieciodrzwiowa-flex-178x203-cm-grafit\/","title":{"rendered":"FLEX penki\u0173 dur\u0173 kampin\u0117 spinta 178&#215;203 cm grafito spalvos"},"content":{"rendered":"<p>Spinta \u201eFlex Corner\u201c \u2013 funkcionalus ir stilingas dizainas, pasi\u017eymi \u012fsp\u016bdingais 178 x 240 x 203 cm matmenimis, u\u017etikrinan\u010diais daug vietos daiktams susid\u0117ti, puikiai i\u0161naudojant bet kur\u012f kambario kamp\u0105. Stal\u010diai, lentynos ir b\u0117geliai paver\u010dia \u0161i\u0105 spint\u0105 puikiu organizatoriumi. Stal\u010diai su \u0161velnaus u\u017edarymo ir pilno i\u0161traukimo sistema puikiai tinka smulkiems daiktams ir apatiniams drabu\u017eiams susid\u0117ti. Lentynose yra daug vietos \u012fvairiems drabu\u017eiams \u2013 nuo mar\u0161kin\u0117li\u0173 iki megztini\u0173. Ant b\u0117geli\u0173 galima pakabinti mar\u0161kinius, striukes ir kelnes, tod\u0117l kasdieniai pasiruo\u0161imai tampa lengvesni. Tvirta konstrukcija ir patvarios med\u017eiagos garantuoja ilg\u0105 spintos tarnavimo laik\u0105, o minimalistinis dizainas kartu su grafito spalv\u0173 gama suteikia modernumo. Juodos rankenos yra ne tik esteti\u0161kai patrauklios, bet ir prakti\u0161kos, nes jas lengva atidaryti. Pilkas drob\u0117s vidus suteikia spintai prakti\u0161kumo ir universalumo. \u0160is sprendimas derina funkcionalum\u0105, patvarum\u0105 ir estetik\u0105. Kampin\u0117 spinta \u201eFlex\u201c tikrai i\u0161siskirs miegamojo ar persirengimo kambario i\u0161d\u0117styme, suteikdama elegancijos ir tvarkos.<\/p>\n<p>Prek\u0117s kodas F57-SZAFA_ZESTAW_132-GF Simbolis ZM EAN Plotis 178 cm Gylis 203 cm Auk\u0161tis 240 cm Kolekcija \u201eFlex\u201c Spalva grafito Atspalvis pilkas Stilius modernus Med\u017eiaga laminatas Dureli\u0173 skai\u010dius daugiaduris Stal\u010di\u0173 skai\u010dius 5 ir daugiau stal\u010di\u0173 Rankena su ranken\u0117l\u0117mis Ap\u0161vietimas pasirenkamas Gamintojas Juoda Raudona Balta Baldo tipas Spintos PVM mokestis 23% EAN 5906123847735<\/p>","protected":false},"excerpt":{"rendered":"<p>The Flex Corner Wardrobe, a functional and stylish design, boasts impressive dimensions of 178 x 240 x 203 cm, providing ample storage space, perfectly utilizing any corner of the room. Drawers, shelves, and rails make this wardrobe a perfect organizer. The drawers, equipped with a soft-close and full-extension system, are perfect for small items and [&hellip;]<\/p>","protected":false},"featured_media":266569,"comment_status":"open","ping_status":"open","template":"","meta":[],"product_brand":[],"product_cat":[9200,1177],"product_tag":[],"class_list":{"0":"post-266568","1":"product","2":"type-product","3":"status-publish","4":"has-post-thumbnail","6":"product_cat-black-red-white","7":"product_cat-wardrobes","9":"first","10":"instock","11":"purchasable","12":"product-type-simple"},"_links":{"self":[{"href":"https:\/\/baldumarket.lt\/lt\/wp-json\/wp\/v2\/product\/266568","targetHints":{"allow":["GET"]}}],"collection":[{"href":"https:\/\/baldumarket.lt\/lt\/wp-json\/wp\/v2\/product"}],"about":[{"href":"https:\/\/baldumarket.lt\/lt\/wp-json\/wp\/v2\/types\/product"}],"replies":[{"embeddable":true,"href":"https:\/\/baldumarket.lt\/lt\/wp-json\/wp\/v2\/comments?post=266568"}],"wp:featuredmedia":[{"embeddable":true,"href":"https:\/\/baldumarket.lt\/lt\/wp-json\/wp\/v2\/media\/266569"}],"wp:attachment":[{"href":"https:\/\/baldumarket.lt\/lt\/wp-json\/wp\/v2\/media?parent=266568"}],"wp:term":[{"taxonomy":"product_brand","embeddable":true,"href":"https:\/\/baldumarket.lt\/lt\/wp-json\/wp\/v2\/product_brand?post=266568"},{"taxonomy":"product_cat","embeddable":true,"href":"https:\/\/baldumarket.lt\/lt\/wp-json\/wp\/v2\/product_cat?post=266568"},{"taxonomy":"product_tag","embeddable":true,"href":"https:\/\/baldumarket.lt\/lt\/wp-json\/wp\/v2\/product_tag?post=266568"}],"curies":[{"name":"wp","href":"https:\/\/api.w.org\/{rel}","templated":true}]}}