{"id":266560,"date":"2026-01-14T00:25:38","date_gmt":"2026-01-13T21:25:38","guid":{"rendered":"https:\/\/baldumarket.lt\/product\/szafa-narozna-nepo-plus-80x80-cm-dab-noble-dab-sonoma\/"},"modified":"2026-02-11T18:18:22","modified_gmt":"2026-02-11T15:18:22","slug":"szafa-narozna-nepo-plus-80x80-cm-dab-noble-dab-sonoma","status":"publish","type":"product","link":"https:\/\/baldumarket.lt\/lt\/product\/szafa-narozna-nepo-plus-80x80-cm-dab-noble-dab-sonoma\/","title":{"rendered":"NEPO PLUS kampin\u0117 spinta 80&#215;80 cm kilnus \u0105\u017euolas\/sonoma \u0105\u017euolas"},"content":{"rendered":"<p>\u201eNepo Plus\u201c kampin\u0117 spinta \u2013 prakti\u0161kas kampin\u0117s erdv\u0117s valdymas. Lyg\u016bs fasadai, paprastas dizainas ir auk\u0161tos kokyb\u0117s gamyba \u2013 tai modernios \u201eNepo Plus\u201c kolekcijos, idealiai tinkan\u010dios funkcionaliems interjerams, bruo\u017eai. Patogumas ir funkcionalumas.<br \/>\n\u201eNepo Plus\u201c kampin\u0117 spinta \u2013 puikus sprendimas norint i\u0161naudoti probleminius kampus. Drabu\u017ei\u0173 ir aksesuar\u0173 laikymo b\u0117gelis su pakaba ir vir\u0161utin\u0117 lentyna leid\u017eia patogiai laikyti drabu\u017eius ir aksesuarus. Apatin\u0117 spintos dalis yra erdvi \u2013 puikiai tinka lagaminams, kuprin\u0117ms ar didesniems daiktams. Stilius ir patvarumas.<br \/>\nSpintos pavir\u0161ius yra laminuotas, tod\u0117l padid\u0117ja jos atsparumas \u012fbr\u0117\u017eimams ir temperat\u016bros poky\u010diams \u2013 prakti\u0161kas sprendimas vaik\u0173 ir paaugli\u0173 kambariams. Kilnios \u0105\u017euolo spalva su sonoma \u0105\u017euolo fasadais pabr\u0117\u017eia modern\u0173 bald\u0173 charakter\u012f, tod\u0117l jie tinka \u012fvairiems interjero dizainams. Ypatyb\u0117s: Funkcinis vidaus i\u0161d\u0117stymas \u2013 pakaba daiktams, vir\u0161utin\u0117 lentyna ir vieta lagaminams bei kuprin\u0117ms. Laminuotas pavir\u0161ius \u2013 didesnis atsparumas pa\u017eeidimams ir lengvas valymas. Kilnios \u0105\u017euolo spalva su sonoma \u0105\u017euolo fasadais \u2013 elegancija ir universalumas. Paprasta rankena \u2013 patogi prieiga prie baldo turinio. Kompakti\u0161ka forma \u2013 idealiai tinka kampams. Santrauka<br \/>\n\u201eNepo Plus\u201c kampin\u0117 spinta \u2013 puikus pasirinkimas tiems, kurie nori maksimaliai i\u0161naudoti erdv\u0119 vaiko ar paauglio kambaryje. D\u0117l funkcionalaus vidaus i\u0161planavimo, patvarumo ir esteti\u0161ko dizaino spinta papildys bet kok\u012f interjer\u0105. Derinkite j\u0105 su kitais \u201eNepo Plus\u201c kolekcijos moduliais, kad sukurtum\u0117te ergonomi\u0161k\u0105 ir darni\u0105 erdv\u0119.<\/p>\n<p>Prek\u0117s kodas S435-SZFN2D-DNO\/DSO Plotis 79,5 cm Gylis 79,5 cm Auk\u0161tis 197 cm Kolekcija \u201eNepo Plus\u201c Spalva kilnus \u0105\u017euolas\/sonoma \u0105\u017euolas Atspalvis tamsi mediena Stilius modernus Med\u017eiaga laminatas Dureli\u0173 skai\u010dius 2 dur\u0173 Stal\u010di\u0173 skai\u010dius be stal\u010di\u0173 Rankena su rankenomis Gamintojas Juoda Raudona Balta Baldo tipas Spintos PVM 23% EAN 5906123061711<\/p>","protected":false},"excerpt":{"rendered":"<p>Nepo Plus Corner Wardrobe \u2013 Practical Corner Space Management. Smooth fronts, simple design, and high-quality workmanship are the hallmarks of the modern Nepo Plus collection, ideal for functional interiors. Comfort and Functionality The Nepo Plus Corner Wardrobe is a perfect solution for making the most of problematic corners. Equipped with a hanging rail and an [&hellip;]<\/p>","protected":false},"featured_media":266561,"comment_status":"open","ping_status":"open","template":"","meta":[],"product_brand":[],"product_cat":[9200,1177],"product_tag":[],"class_list":{"0":"post-266560","1":"product","2":"type-product","3":"status-publish","4":"has-post-thumbnail","6":"product_cat-black-red-white","7":"product_cat-wardrobes","9":"first","10":"instock","11":"purchasable","12":"product-type-simple"},"_links":{"self":[{"href":"https:\/\/baldumarket.lt\/lt\/wp-json\/wp\/v2\/product\/266560","targetHints":{"allow":["GET"]}}],"collection":[{"href":"https:\/\/baldumarket.lt\/lt\/wp-json\/wp\/v2\/product"}],"about":[{"href":"https:\/\/baldumarket.lt\/lt\/wp-json\/wp\/v2\/types\/product"}],"replies":[{"embeddable":true,"href":"https:\/\/baldumarket.lt\/lt\/wp-json\/wp\/v2\/comments?post=266560"}],"wp:featuredmedia":[{"embeddable":true,"href":"https:\/\/baldumarket.lt\/lt\/wp-json\/wp\/v2\/media\/266561"}],"wp:attachment":[{"href":"https:\/\/baldumarket.lt\/lt\/wp-json\/wp\/v2\/media?parent=266560"}],"wp:term":[{"taxonomy":"product_brand","embeddable":true,"href":"https:\/\/baldumarket.lt\/lt\/wp-json\/wp\/v2\/product_brand?post=266560"},{"taxonomy":"product_cat","embeddable":true,"href":"https:\/\/baldumarket.lt\/lt\/wp-json\/wp\/v2\/product_cat?post=266560"},{"taxonomy":"product_tag","embeddable":true,"href":"https:\/\/baldumarket.lt\/lt\/wp-json\/wp\/v2\/product_tag?post=266560"}],"curies":[{"name":"wp","href":"https:\/\/api.w.org\/{rel}","templated":true}]}}