{"id":266544,"date":"2026-01-14T00:25:27","date_gmt":"2026-01-13T21:25:27","guid":{"rendered":"https:\/\/baldumarket.lt\/product\/szafa-narozna-jednodrzwiowa-zele-78x78-cm-dab-wotan-bialy-polysk\/"},"modified":"2026-02-11T18:18:22","modified_gmt":"2026-02-11T15:18:22","slug":"szafa-narozna-jednodrzwiowa-zele-78x78-cm-dab-wotan-bialy-polysk","status":"publish","type":"product","link":"https:\/\/baldumarket.lt\/lt\/product\/szafa-narozna-jednodrzwiowa-zele-78x78-cm-dab-wotan-bialy-polysk\/","title":{"rendered":"ZELE vien\u0173 dur\u0173 kampin\u0117 spinta 78&#215;78 cm Wotan \u0105\u017euolas\/balta blizgi spalva"},"content":{"rendered":"<p>Zele Corner Wardrobe &#8211; A Practical Bedroom Solution. The Zele collection is the perfect choice for those who value modern design and functionality. The Zele corner wardrobe is the perfect solution for utilizing unused corners in the bedroom, providing elegant and practical storage space. The Zele corner wardrobe is the perfect solution if you need storage space but have limited space. Behind the wardrobe&#8217;s solid front, a practical hanging rail is located, perfect for hanging clothes, helping to maintain order. Additionally, four spacious shelves allow for organizing various items, while the lower section can accommodate a suitcase or boxes for easy storage. The Zele corner wardrobe offers a wide range of color options. The warm Wotan Oak finish of the body and the bright glossy white front create a harmonious combination that provides a foundation for many stylish interior designs. Minimalist handles integrated into the front emphasize the furniture&#8217;s modern character and add elegance. The Zele corner wardrobe can be a perfect complement to other furniture from the Zele collection, creating a cohesive and functional bedroom arrangement. This solution not only optimizes the available space but also gives the interior a modern and designer character.<\/p>\n<p>Product code S383-SZFN1D-DWO\/BIP Symbol ZM EAN Width 78 cm Depth 78 cm Height 195 cm Collection Zele Color wotan oak\/white gloss Shade white Style modern Material laminate Number of doors 1-door Number of drawers without drawers Handle with handles Manufacturer Black Red White Type of furniture Wardrobes VAT tax 23% EAN 5906123929110<\/p>","protected":false},"excerpt":{"rendered":"<p>Zele Corner Wardrobe &#8211; A Practical Bedroom Solution. The Zele collection is the perfect choice for those who value modern design and functionality. The Zele corner wardrobe is the perfect solution for utilizing unused corners in the bedroom, providing elegant and practical storage space. The Zele corner wardrobe is the perfect solution if you need [&hellip;]<\/p>","protected":false},"featured_media":266545,"comment_status":"open","ping_status":"open","template":"","meta":[],"product_brand":[],"product_cat":[9200,1177],"product_tag":[],"class_list":{"0":"post-266544","1":"product","2":"type-product","3":"status-publish","4":"has-post-thumbnail","6":"product_cat-black-red-white","7":"product_cat-wardrobes","9":"first","10":"instock","11":"purchasable","12":"product-type-simple"},"_links":{"self":[{"href":"https:\/\/baldumarket.lt\/lt\/wp-json\/wp\/v2\/product\/266544","targetHints":{"allow":["GET"]}}],"collection":[{"href":"https:\/\/baldumarket.lt\/lt\/wp-json\/wp\/v2\/product"}],"about":[{"href":"https:\/\/baldumarket.lt\/lt\/wp-json\/wp\/v2\/types\/product"}],"replies":[{"embeddable":true,"href":"https:\/\/baldumarket.lt\/lt\/wp-json\/wp\/v2\/comments?post=266544"}],"wp:featuredmedia":[{"embeddable":true,"href":"https:\/\/baldumarket.lt\/lt\/wp-json\/wp\/v2\/media\/266545"}],"wp:attachment":[{"href":"https:\/\/baldumarket.lt\/lt\/wp-json\/wp\/v2\/media?parent=266544"}],"wp:term":[{"taxonomy":"product_brand","embeddable":true,"href":"https:\/\/baldumarket.lt\/lt\/wp-json\/wp\/v2\/product_brand?post=266544"},{"taxonomy":"product_cat","embeddable":true,"href":"https:\/\/baldumarket.lt\/lt\/wp-json\/wp\/v2\/product_cat?post=266544"},{"taxonomy":"product_tag","embeddable":true,"href":"https:\/\/baldumarket.lt\/lt\/wp-json\/wp\/v2\/product_tag?post=266544"}],"curies":[{"name":"wp","href":"https:\/\/api.w.org\/{rel}","templated":true}]}}