{"id":266540,"date":"2026-01-14T00:25:23","date_gmt":"2026-01-13T21:25:23","guid":{"rendered":"https:\/\/baldumarket.lt\/product\/szafa-narozna-jednodrzwiowa-zele-78x78-cm-dab-wotan\/"},"modified":"2026-02-11T18:18:22","modified_gmt":"2026-02-11T15:18:22","slug":"szafa-narozna-jednodrzwiowa-zele-78x78-cm-dab-wotan","status":"publish","type":"product","link":"https:\/\/baldumarket.lt\/lt\/product\/szafa-narozna-jednodrzwiowa-zele-78x78-cm-dab-wotan\/","title":{"rendered":"ZELE vieno dur\u0173 kampin\u0117 spinta 78\u00d778 cm, Wotan \u0105\u017euolas"},"content":{"rendered":"<p>\u201eZele\u201c kampin\u0117 spinta \u2013 prakti\u0161kas miegamojo sprendimas. \u201eZele\u201c kolekcija \u2013 puikus pasirinkimas tiems, kurie vertina modern\u0173 dizain\u0105 ir funkcionalum\u0105. \u201eZele\u201c kampin\u0117 spinta \u2013 puikus sprendimas, norint i\u0161naudoti nenaudojamus miegamojo kampus, suteikiant eleganti\u0161k\u0105 ir prakti\u0161k\u0105 erdv\u0119 daiktams susid\u0117ti. \u201eZele\u201c kampin\u0117 spinta \u2013 puikus sprendimas, jei reikia vietos daiktams susid\u0117ti, bet erdv\u0117 ribota. U\u017e tvirtos spintos priekio yra prakti\u0161kas pakabos b\u0117gelis, puikiai tinkantis drabu\u017eiams pakabinti ir padedantis palaikyti tvark\u0105. Be to, keturios erdvios lentynos leid\u017eia susitvarkyti \u012fvairius daiktus, o apatin\u0117je dalyje galima laikyti lagamin\u0105 ar d\u0117\u017ees, kad b\u016bt\u0173 lengva juos susid\u0117ti. \u201eZele\u201c kampin\u0117 spinta si\u016blo plat\u0173 spalv\u0173 pasirinkim\u0105. \u0160ilta \u201eWotan Oak\u201c korpuso apdaila ir ry\u0161ki, prie jos deranti priekin\u0117 dalis sukuria harmoning\u0105 derin\u012f, kuris tampa daugelio stiling\u0173 interjero dizain\u0173 pagrindu. Minimalistin\u0117s rankenos, integruotos \u012f priekin\u0119 dal\u012f, pabr\u0117\u017eia baldo modern\u0173 charakter\u012f ir suteikia elegancijos. \u201eZele\u201c kampin\u0117 spinta gali puikiai papildyti kitus \u201eZele\u201c kolekcijos baldus, sukurdama darn\u0173 ir funkcional\u0173 miegamojo i\u0161d\u0117stym\u0105. \u0160is sprendimas ne tik optimizuoja turim\u0105 erdv\u0119, bet ir suteikia interjerui modern\u0173 ir dizaineri\u0161k\u0105 charakter\u012f.<\/p>\n<p>Prek\u0117s kodas S383-SZFN1D-DWO Simbolis ZM EAN Plotis 78 cm Gylis 78 cm Auk\u0161tis 195 cm Kolekcija Zele Spalva wotan \u0105\u017euolas Atspalvis \u0161viesi mediena Stilius modernus Med\u017eiaga laminatas Dureli\u0173 skai\u010dius 1 dur\u0173 Stal\u010di\u0173 skai\u010dius be stal\u010di\u0173 Rankena su rankenomis Gamintojas Juoda Raudona Balta Baldo tipas Spintos PVM mokestis 23% EAN 5906123929103<\/p>","protected":false},"excerpt":{"rendered":"<p>\u201eZele\u201c kampin\u0117 spinta \u2013 prakti\u0161kas miegamojo sprendimas. \u201eZele\u201c kolekcija \u2013 puikus pasirinkimas tiems, kurie vertina modern\u0173 dizain\u0105 ir funkcionalum\u0105. \u201eZele\u201c kampin\u0117 spinta \u2013 puikus sprendimas norint i\u0161naudoti nenaudojamus miegamojo kampus, suteikiant eleganti\u0161k\u0105 ir prakti\u0161k\u0105 viet\u0105 daiktams susid\u0117ti. \u201eZele\u201c kampin\u0117 spinta \u2013 puikus sprendimas, jei jums reikia [\u2026]<\/p>","protected":false},"featured_media":266541,"comment_status":"open","ping_status":"open","template":"","meta":[],"product_brand":[],"product_cat":[9200,1177],"product_tag":[],"class_list":{"0":"post-266540","1":"product","2":"type-product","3":"status-publish","4":"has-post-thumbnail","6":"product_cat-black-red-white","7":"product_cat-wardrobes","9":"first","10":"instock","11":"purchasable","12":"product-type-simple"},"_links":{"self":[{"href":"https:\/\/baldumarket.lt\/lt\/wp-json\/wp\/v2\/product\/266540","targetHints":{"allow":["GET"]}}],"collection":[{"href":"https:\/\/baldumarket.lt\/lt\/wp-json\/wp\/v2\/product"}],"about":[{"href":"https:\/\/baldumarket.lt\/lt\/wp-json\/wp\/v2\/types\/product"}],"replies":[{"embeddable":true,"href":"https:\/\/baldumarket.lt\/lt\/wp-json\/wp\/v2\/comments?post=266540"}],"wp:featuredmedia":[{"embeddable":true,"href":"https:\/\/baldumarket.lt\/lt\/wp-json\/wp\/v2\/media\/266541"}],"wp:attachment":[{"href":"https:\/\/baldumarket.lt\/lt\/wp-json\/wp\/v2\/media?parent=266540"}],"wp:term":[{"taxonomy":"product_brand","embeddable":true,"href":"https:\/\/baldumarket.lt\/lt\/wp-json\/wp\/v2\/product_brand?post=266540"},{"taxonomy":"product_cat","embeddable":true,"href":"https:\/\/baldumarket.lt\/lt\/wp-json\/wp\/v2\/product_cat?post=266540"},{"taxonomy":"product_tag","embeddable":true,"href":"https:\/\/baldumarket.lt\/lt\/wp-json\/wp\/v2\/product_tag?post=266540"}],"curies":[{"name":"wp","href":"https:\/\/api.w.org\/{rel}","templated":true}]}}