{"id":266536,"date":"2026-01-14T00:25:20","date_gmt":"2026-01-13T21:25:20","guid":{"rendered":"https:\/\/baldumarket.lt\/product\/szafa-narozna-jednodrzwiowa-nuis-78-cm-dab-wotan-bialy-polysk\/"},"modified":"2026-02-11T18:18:22","modified_gmt":"2026-02-11T15:18:22","slug":"szafa-narozna-jednodrzwiowa-nuis-78-cm-dab-wotan-bialy-polysk","status":"publish","type":"product","link":"https:\/\/baldumarket.lt\/lt\/product\/szafa-narozna-jednodrzwiowa-nuis-78-cm-dab-wotan-bialy-polysk\/","title":{"rendered":"Vien\u0173 dur\u0173 kampin\u0117 spinta NUIS 78 cm, Wotan \u0105\u017euolas\/blizgi balta"},"content":{"rendered":"<p>\u201eNuis\u201c kampin\u0117 spinta \u2013 prakti\u0161kas erdv\u0117s i\u0161naudojimas. \u012erengin\u0117jate vaiko kambar\u012f ir atrodo, kad laikas b\u0117ga? \u201eNuis\u201c kampin\u0117 spinta \u2013 puikus sprendimas moderniam jaunimo kambariui. Funkcionalumas, stilius ir apgalvotas dizainas \u2013 tai savyb\u0117s, i\u0161skirian\u010dios \u0161i\u0105 spint\u0105 i\u0161 kit\u0173. Jaunimo kambarys \u2013 tai vieta, kurioje viskas greitai kei\u010diasi, ta\u010diau apgalvoti sprendimai gali supaprastinti erdv\u0117s organizavim\u0105. \u201eNuis\u201c kampin\u0117 spinta \u2013 puikus pasirinkimas, jei norite maksimaliai i\u0161naudoti turim\u0105 erdv\u0119. Erdvus interjeras su prakti\u0161komis lentynomis ir pakaba daiktams laikyti leid\u017eia tvarkingai susid\u0117ti drabu\u017eius, stalo \u017eaidimus ir kitus daiktus. \u0160ilto \u201eWotan\u201c \u0105\u017euolo atspalvio korpusas kontrastuoja su balta, veidrodin\u0119 fasad\u0173 apdaila, suteikdamas spintai eleganti\u0161k\u0105 ir modern\u0173 vaizd\u0105. Dekoratyvin\u0117 juostel\u0117, kuri\u0105 galima rinktis i\u0161 dviej\u0173 spalv\u0173 (baltos arba \u201eWotan\u201c \u0105\u017euolo), suteikia subtilumo ir charakterio. 78 x 197,5 cm dyd\u017eio spinta \u2013 puikus sprendimas net ir ma\u017eoms erdv\u0117ms. Ergonomi\u0161kas dizainas leid\u017eia panaudoti anks\u010diau nenaudojamus kampus, u\u017etikrinant ir funkcionalum\u0105, ir estetik\u0105. Pastatykite \u201eNuis\u201c kampin\u0119 spint\u0105 anks\u010diau nenaudojamame kampe ir gausite ne tik daugiau erdv\u0117s, bet ir stiling\u0105 dizaino element\u0105. Derinkite j\u012f su kitais \u201eNuis\u201c kolekcijos baldais, tokiais kaip lentyna, stalas ar lova, kad sukurtum\u0117te darni\u0105 ir funkcionali\u0105 erdv\u0119 savo paaugliui. Kampin\u0117 \u201eNuis\u201c spinta \u2013 vieta viskam, i\u0161laikant stili\u0173 ir harmonij\u0105 paauglio kambaryje!<\/p>\n<p>Prek\u0117s kodas S396-SZFN1D-DWO\/BIP Simbolis ZM EAN Plotis 78 cm Gylis 78,5 cm Auk\u0161tis 197,5 cm Kolekcija \u201eNuis\u201c Spalva wotan \u0105\u017euolas\/blizgi balta Gaubtas \u0161viesus medis Stilius modernus Med\u017eiaga laminatas Dureli\u0173 skai\u010dius 1 dur\u0173 Stal\u010di\u0173 skai\u010dius be stal\u010di\u0173 Rankena be ranken\u0117li\u0173 Gamintojas Juoda Raudona Balta Baldo tipas Spintos PVM mokestis 23% EAN 5906123929783<\/p>","protected":false},"excerpt":{"rendered":"<p>Nuis Corner Wardrobe \u2013 Practical Use of Space. Are you furnishing your child&#8217;s room and time seems to be passing by? The Nuis corner wardrobe is a perfect solution for a modern youth room. Functionality, style, and thoughtful design are the features that set this wardrobe apart from others. A youth room is a place [&hellip;]<\/p>","protected":false},"featured_media":266537,"comment_status":"open","ping_status":"open","template":"","meta":[],"product_brand":[],"product_cat":[9200,1177],"product_tag":[],"class_list":{"0":"post-266536","1":"product","2":"type-product","3":"status-publish","4":"has-post-thumbnail","6":"product_cat-black-red-white","7":"product_cat-wardrobes","9":"first","10":"instock","11":"purchasable","12":"product-type-simple"},"_links":{"self":[{"href":"https:\/\/baldumarket.lt\/lt\/wp-json\/wp\/v2\/product\/266536","targetHints":{"allow":["GET"]}}],"collection":[{"href":"https:\/\/baldumarket.lt\/lt\/wp-json\/wp\/v2\/product"}],"about":[{"href":"https:\/\/baldumarket.lt\/lt\/wp-json\/wp\/v2\/types\/product"}],"replies":[{"embeddable":true,"href":"https:\/\/baldumarket.lt\/lt\/wp-json\/wp\/v2\/comments?post=266536"}],"wp:featuredmedia":[{"embeddable":true,"href":"https:\/\/baldumarket.lt\/lt\/wp-json\/wp\/v2\/media\/266537"}],"wp:attachment":[{"href":"https:\/\/baldumarket.lt\/lt\/wp-json\/wp\/v2\/media?parent=266536"}],"wp:term":[{"taxonomy":"product_brand","embeddable":true,"href":"https:\/\/baldumarket.lt\/lt\/wp-json\/wp\/v2\/product_brand?post=266536"},{"taxonomy":"product_cat","embeddable":true,"href":"https:\/\/baldumarket.lt\/lt\/wp-json\/wp\/v2\/product_cat?post=266536"},{"taxonomy":"product_tag","embeddable":true,"href":"https:\/\/baldumarket.lt\/lt\/wp-json\/wp\/v2\/product_tag?post=266536"}],"curies":[{"name":"wp","href":"https:\/\/api.w.org\/{rel}","templated":true}]}}