{"id":266528,"date":"2026-01-14T00:25:14","date_gmt":"2026-01-13T21:25:14","guid":{"rendered":"https:\/\/baldumarket.lt\/product\/szafa-narozna-jednodrzwiowa-lara-75x75-cm-jesion-belarus\/"},"modified":"2026-02-11T18:18:22","modified_gmt":"2026-02-11T15:18:22","slug":"szafa-narozna-jednodrzwiowa-lara-75x75-cm-jesion-belarus","status":"publish","type":"product","link":"https:\/\/baldumarket.lt\/lt\/product\/szafa-narozna-jednodrzwiowa-lara-75x75-cm-jesion-belarus\/","title":{"rendered":"LARA vieno dur\u0173 kampin\u0117 spinta 75\u00d775 cm baltarusi\u0161kas uosis"},"content":{"rendered":"<p>\u201eLara Corner\u201c spinta \u2013 funkcionalumas k\u016brybi\u0161kame interjere. Vaikui augant, jo kambarys tampa erdve, kurioje galima i\u0161reik\u0161ti savo stili\u0173 ir asmenyb\u0119. Yra daug b\u016bd\u0173 sukurti unikal\u0173 interjero dizain\u0105, o \u201eLara\u201c kolekcija si\u016blo sprendimus, kurie yra ne tik prakti\u0161ki, bet ir suteikia kambariui charakterio. Dekoratyvin\u0117s aplikacijos kra\u0161tuose ir funkcionalios rankenos vaidina pagrindin\u012f vaidmen\u012f, suteikdamos interjerui lofto poj\u016bt\u012f. Organizuojant erdv\u0119 jaunimo kambaryje, svarbus kiekvienas centimetras. \u201eLara Corner\u201c spinta yra puikus sprendimas drabu\u017eiams, patalynei ir kitiems daiktams laikyti, kartu efektyviai i\u0161naudojant kampin\u0119 erdv\u0119. Spintos vidus padalintas \u012f keturias lentynas ir pakabos b\u0117gel\u012f, tod\u0117l lengva sutvarkyti ir pasiekti laikomus daiktus. Spintos apa\u010dioje puikiai tinka kuprinei ar kitiems didesniems aksesuarams. \u201eLara Corner\u201c spinta atspindi nat\u016brali\u0105 Baltarusijos uosio medienos tekst\u016br\u0105, suteikdama jai \u0161ilt\u0105 ir jauki\u0105 i\u0161vaizd\u0105. Dekoratyvin\u0117s aplikacijos kra\u0161tuose ir juodos rankenos suteikia baldams i\u0161skirtin\u012f lofto stiliaus vaizd\u0105, kuris gali tapti paauglio kambario traukos centru. Kasdien naudojant baldus, svarbu, kad jie b\u016bt\u0173 patog\u016bs ir funkcional\u016bs. Kampin\u0117 spinta \u201eLara\u201c turi \u0161velniai u\u017esidaran\u010dius vyrius, tod\u0117l durys atsidaro ir u\u017esidaro beveik tyliai. \u0160i detal\u0117 padidina kasdienio naudojimo komfort\u0105. Kampin\u0117 spinta \u201eLara\u201c yra vienas i\u0161 daugelio kolekcijoje esan\u010di\u0173 sprendim\u0173. J\u0105 galite derinti su kitais elementais, tokiais kaip komoda, knyg\u0173 lentyna, ra\u0161omasis stalas ar kita spinta, taip sukurdami darn\u0173 ir funkcional\u0173 paauglio kambario i\u0161d\u0117stym\u0105. Tai suteikia galimyb\u0119 k\u016brybi\u0161kumui ir pritaikyti interjer\u0105 prie vaiko poreiki\u0173 bei skonio. Trumpai tariant, kampin\u0117 spinta \u201eLara\u201c yra ne tik prakti\u0161kas daikt\u0173 laikymo sprendimas, bet ir stilingas paauglio kambario elementas. Jos funkcionalumas, estetika ir galimyb\u0117 derinti su kitais kolekcijos elementais daro j\u0105 puikiu pasirinkimu k\u016brybingiems ir i\u0161rankiems paaugliams. Kampin\u0117 spinta \u201eLara\u201c \u2013 i\u0161naudokite erdv\u0119 sumaniai ir esteti\u0161kai.<\/p>\n<p>Prek\u0117s kodas S463-SZFN1D-JBE Simbolis ZM EAN Plotis 75 cm Gylis 75 cm Auk\u0161tis 197,5 cm Kolekcija Lara Spalva Baltarusijos uosis Gaubtas \u0161viesi mediena Stilius loft Med\u017eiaga laminatas Dur\u0173 skai\u010dius 1 dur\u0173 Stal\u010di\u0173 skai\u010dius be stal\u010di\u0173 Rankena su rankenomis Gamintojas Juoda Raudona Balta Baldo tipas Spintos PVM mokestis 23% EAN 5906123608084<\/p>","protected":false},"excerpt":{"rendered":"<p>\u201eLara Corner\u201c spinta \u2013 funkcionalumas k\u016brybi\u0161kame interjere. Vaikui augant, jo kambarys tampa erdve, kurioje jis gali i\u0161reik\u0161ti savo stili\u0173 ir asmenyb\u0119. Yra daug b\u016bd\u0173 sukurti unikal\u0173 interjero dizain\u0105, o \u201eLara\u201c kolekcija si\u016blo sprendimus, kurie yra ne tik prakti\u0161ki, bet ir suteikia kambariui charakterio. Dekoratyvin\u0117s aplikacijos [\u2026]<\/p>","protected":false},"featured_media":266529,"comment_status":"open","ping_status":"open","template":"","meta":[],"product_brand":[],"product_cat":[9200,1177],"product_tag":[],"class_list":{"0":"post-266528","1":"product","2":"type-product","3":"status-publish","4":"has-post-thumbnail","6":"product_cat-black-red-white","7":"product_cat-wardrobes","9":"first","10":"instock","11":"purchasable","12":"product-type-simple"},"_links":{"self":[{"href":"https:\/\/baldumarket.lt\/lt\/wp-json\/wp\/v2\/product\/266528","targetHints":{"allow":["GET"]}}],"collection":[{"href":"https:\/\/baldumarket.lt\/lt\/wp-json\/wp\/v2\/product"}],"about":[{"href":"https:\/\/baldumarket.lt\/lt\/wp-json\/wp\/v2\/types\/product"}],"replies":[{"embeddable":true,"href":"https:\/\/baldumarket.lt\/lt\/wp-json\/wp\/v2\/comments?post=266528"}],"wp:featuredmedia":[{"embeddable":true,"href":"https:\/\/baldumarket.lt\/lt\/wp-json\/wp\/v2\/media\/266529"}],"wp:attachment":[{"href":"https:\/\/baldumarket.lt\/lt\/wp-json\/wp\/v2\/media?parent=266528"}],"wp:term":[{"taxonomy":"product_brand","embeddable":true,"href":"https:\/\/baldumarket.lt\/lt\/wp-json\/wp\/v2\/product_brand?post=266528"},{"taxonomy":"product_cat","embeddable":true,"href":"https:\/\/baldumarket.lt\/lt\/wp-json\/wp\/v2\/product_cat?post=266528"},{"taxonomy":"product_tag","embeddable":true,"href":"https:\/\/baldumarket.lt\/lt\/wp-json\/wp\/v2\/product_tag?post=266528"}],"curies":[{"name":"wp","href":"https:\/\/api.w.org\/{rel}","templated":true}]}}