{"id":266524,"date":"2026-01-14T00:25:11","date_gmt":"2026-01-13T21:25:11","guid":{"rendered":"https:\/\/baldumarket.lt\/product\/szafa-narozna-dwudrzwiowa-nepo-plus-795x795-cm-dab-sonoma-2\/"},"modified":"2026-02-11T18:18:22","modified_gmt":"2026-02-11T15:18:22","slug":"szafa-narozna-dwudrzwiowa-nepo-plus-795x795-cm-dab-sonoma-2","status":"publish","type":"product","link":"https:\/\/baldumarket.lt\/lt\/product\/szafa-narozna-dwudrzwiowa-nepo-plus-795x795-cm-dab-sonoma-2\/","title":{"rendered":"NEPO PLUS dviej\u0173 dur\u0173 kampin\u0117 spinta 79,5\u00d779,5 cm, Sonoma \u0105\u017euolo spalvos"},"content":{"rendered":"<p>\u201eNepo Plus\u201c kampin\u0117 spinta \u2013 prakti\u0161kas kampini\u0173 erdvi\u0173 i\u0161naudojimas. Daikt\u0173 laikymas namuose, ypa\u010d ma\u017eose erdv\u0117se, gali b\u016bti i\u0161\u0161\u016bkis. Viena i\u0161 sunkiausiai valdom\u0173 viet\u0173 yra kambario kampas. Tokioje situacijoje kampin\u0117 spinta i\u0161 \u201eNepo Plus\u201c kolekcijos yra puikus sprendimas. \u0160i moderni ir funkcionali sienin\u0117 spinta leid\u017eia efektyviai ir esteti\u0161kai panaudoti problemi\u0161k\u0105 kambario kamp\u0105. Savyb\u0117s, kurios i\u0161skiria \u201eNepo Plus\u201c kampin\u0119 spint\u0105: Lyg\u016bs fasadai ir paprasta konstrukcija: \u0160i spinta \u017eavi eleganti\u0161ku ir minimalistiniu dizainu. \u0160varios linijos ir lyg\u016bs fasadai suteikia interjerui modernumo ir harmoningumo. \u201eNepo Plus\u201c kolekcija gars\u0117ja auk\u0161tos kokyb\u0117s meistri\u0161kumu. \u0160ie baldai tarnaus jums daugel\u012f met\u0173, i\u0161laikydami savo funkcionalum\u0105 ir estetin\u012f patrauklum\u0105. Maksimalus erdv\u0117s i\u0161naudojimas: \u201eNepo Plus\u201c kampin\u0117 spinta buvo specialiai sukurta sunkiai pasiekiamiems kampams i\u0161naudoti. Viduje yra pakabinimo b\u0117gelis ir vir\u0161utin\u0117 lentyna, leid\u017eianti laikyti drabu\u017eius ir aksesuarus. Be to, spintos apa\u010dioje rasite viet\u0105 lagaminui, kuprinei ar kitiems daiktams laikyti. Baldo laminuotas pavir\u0161ius yra atsparus \u012fbr\u0117\u017eimams ir temperat\u016bros poky\u010diams. Tai ypa\u010d svarbu vaiko kambaryje, kur daiktai da\u017enai yra labiau nusid\u0117vintys. Papildomas privalumas yra lengvas valymas, kuris supaprastina kasdien\u0119 prie\u017ei\u016br\u0105. \u201eNepo Plus\u201c kolekcijoje si\u016blomos kelios patrauklios spalvos, pavyzd\u017eiui, balta, Sonoma \u0105\u017euolo, vienuolyno \u0105\u017euolo arba \u0161i\u0173 dviej\u0173 derinys. Tai leid\u017eia pritaikyti sienin\u0119 spintel\u0119 prie j\u016bs\u0173 interjero dizaino, sukuriant esteti\u0161kai patraukl\u0173 i\u0161d\u0117stym\u0105. Horizontali rankena ant spintel\u0117s leid\u017eia lengvai pasiekti jos turin\u012f, o tai ypa\u010d svarbu vaikams ir paaugliams, norintiems greitai pasiekti savo daiktus. Ergonomi\u0161ka kambario erdv\u0117: \u201eNepo Plus\u201c kolekcija yra daugiau nei tik kampin\u0117 spinta. Galite derinti \u012fvairius \u0161ios kolekcijos elementus, kad sukurtum\u0117te ergonomi\u0161k\u0105 ir suasmenint\u0105 erdv\u0119 savo vaiko kambaryje. Tai u\u017etikrina, kad kiekvienas centimetras bus optimaliai i\u0161naudotas. Trumpai tariant, kampin\u0117 \u201eNepo Plus\u201c spinta yra puikus sprendimas, leid\u017eiantis i\u0161naudoti kiekvien\u0105 kambario kamp\u0105, \u012fgyjant papildomos vietos daiktams laikyti. D\u0117l auk\u0161tos kokyb\u0117s gamybos ir spalv\u0173 \u012fvairov\u0117s galite j\u0105 pritaikyti pagal savo poreikius ir interjero stili\u0173. Sukurkite ergonomi\u0161k\u0105 ir esteti\u0161kai patraukli\u0105 erdv\u0119 savo vaiko kambaryje su \u201eNepo Plus\u201c kolekcijos baldais.<\/p>\n<p>Prek\u0117s kodas S435-SZFN2D-DSO Simbolis ZM EAN Plotis 79,5 cm Gylis 79,5 cm Auk\u0161tis 197 cm Kolekcija \u201eNepo Plus\u201c Spalva sonoma \u0105\u017euolas Gaubtas \u0161viesios medienos Stilius modernus Dur\u0173 skai\u010dius 2 dur\u0173 Stal\u010di\u0173 skai\u010dius be stal\u010di\u0173 Rankena su rankenomis Gamintojas Juoda Raudona Balta Baldo tipas Spintos PVM mokestis 23% EAN 5906123951234<\/p>","protected":false},"excerpt":{"rendered":"<p>\u201eNepo Plus\u201c kampin\u0117 spinta \u2013 prakti\u0161kas kampini\u0173 erdvi\u0173 i\u0161naudojimas. Daikt\u0173 laikymas namuose, ypa\u010d ma\u017eose erdv\u0117se, gali b\u016bti i\u0161\u0161\u016bkis. Viena i\u0161 sunkiausiai valdom\u0173 viet\u0173 yra kambario kampas. Tokioje situacijoje kampin\u0117 spinta i\u0161 \u201eNepo Plus\u201c kolekcijos yra puikus sprendimas. \u0160i moderni ir [\u2026]<\/p>","protected":false},"featured_media":266525,"comment_status":"open","ping_status":"open","template":"","meta":[],"product_brand":[],"product_cat":[9200,1177],"product_tag":[],"class_list":{"0":"post-266524","1":"product","2":"type-product","3":"status-publish","4":"has-post-thumbnail","6":"product_cat-black-red-white","7":"product_cat-wardrobes","9":"first","10":"instock","11":"purchasable","12":"product-type-simple"},"_links":{"self":[{"href":"https:\/\/baldumarket.lt\/lt\/wp-json\/wp\/v2\/product\/266524","targetHints":{"allow":["GET"]}}],"collection":[{"href":"https:\/\/baldumarket.lt\/lt\/wp-json\/wp\/v2\/product"}],"about":[{"href":"https:\/\/baldumarket.lt\/lt\/wp-json\/wp\/v2\/types\/product"}],"replies":[{"embeddable":true,"href":"https:\/\/baldumarket.lt\/lt\/wp-json\/wp\/v2\/comments?post=266524"}],"wp:featuredmedia":[{"embeddable":true,"href":"https:\/\/baldumarket.lt\/lt\/wp-json\/wp\/v2\/media\/266525"}],"wp:attachment":[{"href":"https:\/\/baldumarket.lt\/lt\/wp-json\/wp\/v2\/media?parent=266524"}],"wp:term":[{"taxonomy":"product_brand","embeddable":true,"href":"https:\/\/baldumarket.lt\/lt\/wp-json\/wp\/v2\/product_brand?post=266524"},{"taxonomy":"product_cat","embeddable":true,"href":"https:\/\/baldumarket.lt\/lt\/wp-json\/wp\/v2\/product_cat?post=266524"},{"taxonomy":"product_tag","embeddable":true,"href":"https:\/\/baldumarket.lt\/lt\/wp-json\/wp\/v2\/product_tag?post=266524"}],"curies":[{"name":"wp","href":"https:\/\/api.w.org\/{rel}","templated":true}]}}