{"id":266504,"date":"2026-01-14T00:24:53","date_gmt":"2026-01-13T21:24:53","guid":{"rendered":"https:\/\/baldumarket.lt\/product\/szafa-narozna-dwudrzwiowa-malcolm-955x955-cm-dab-monument-dab-monument-z-nadrukiem\/"},"modified":"2026-02-11T18:18:23","modified_gmt":"2026-02-11T15:18:23","slug":"szafa-narozna-dwudrzwiowa-malcolm-955x955-cm-dab-monument-dab-monument-z-nadrukiem","status":"publish","type":"product","link":"https:\/\/baldumarket.lt\/lt\/product\/szafa-narozna-dwudrzwiowa-malcolm-955x955-cm-dab-monument-dab-monument-z-nadrukiem\/","title":{"rendered":"MALCOLM kampin\u0117 dviej\u0173 dur\u0173 spinta, 95,5\u00d795,5 cm, paminklinio \u0105\u017euolo imitacija\/paminklinio \u0105\u017euolo imitacija su ra\u0161tu"},"content":{"rendered":"<p>\u201eMalcolm\u201c kampin\u0117 spinta \u2013 maksimali daikt\u0173 saugojimo vieta. \u201eMalcolm\u201c kolekcija \u2013 tai k\u016brybi\u0161kas po\u017ei\u016bris \u012f jaunimo baldus, derinantis modern\u0173 dizain\u0105 su tradicine apdaila. \u201eMalcolm\u201c kampin\u0117 spinta si\u016blo i\u0161skirtinai erdvi\u0105 drabu\u017ei\u0173 ir kit\u0173 daikt\u0173 saugojimo viet\u0105. Ergonomi\u0161kai suprojektuotas interjeras stebina funkcionaliomis savyb\u0117mis, \u012fskaitant drabu\u017ei\u0173 kabykl\u0105 ir a\u0161tuonias erdvias lentynas, i\u0161d\u0117stytas spintos \u0161onuose. \u0160ios kolekcijos baldai apdailinti prislopinta \u201eCanyon Monument Oak\u201c spalva, suteikian\u010dia jiems eleganti\u0161k\u0105 ir modern\u0173 vaizd\u0105. Spintos priekis volframo pilkumo suteikia kolekcijai charakterio. Baldo charakter\u012f pabr\u0117\u017eia modern\u016bs raid\u017ei\u0173 ra\u0161tai ir didel\u0117, patogi sendinto nikelio spalvos rankena, tod\u0117l ja lengva naudotis. Asimetri\u0161kas \u201eMalcolm\u201c kampin\u0117s spintos dizainas leid\u017eia j\u0105 pastatyti kampe, taip sutaupant daug vietos kambaryje. Tai puikus sprendimas norint i\u0161naudoti sunkiai pasiekiamas vietas. Svarbu tai, kad atskirus \u201eMalcolm\u201c kolekcijos elementus galima derinti bet kokiu b\u016bdu, tod\u0117l puikiai pritaikysite kambario i\u0161d\u0117stym\u0105 prie konkre\u010di\u0173 jo ir individuali\u0173 j\u016bs\u0173 vaiko poreiki\u0173. Tai leid\u017eia sukurti funkcionali\u0105 ir esteti\u0161kai patraukli\u0105 erdv\u0119, kuri skatina organizuotum\u0105 ir tvarkos palaikym\u0105. \u201eMalcolm\u201c kampin\u0117 spinta yra ne tik prakti\u0161ka vieta drabu\u017eiams laikyti, bet ir dizaino elementas, puikiai i\u0161naudojantis jaunimo kambario kampus. Ji palengvina ir padaro efektyvesn\u012f organizavim\u0105 ir tvarkos palaikym\u0105.<\/p>\n<p>Prek\u0117s kodas S325-SZFN2D-DAMO\/SZW\/DAMON Simbolis ZM EAN Plotis 95,5 cm Gylis 95,5 cm Auk\u0161tis 205,5 cm Kolekcija Malcolm Spalva monumentalus \u0105\u017euolas\/pilkas volframas\/monumentalus \u0105\u017euolas su ra\u0161tu Atspalvis tamsi mediena Stilius modernus Med\u017eiaga laminatas Dureli\u0173 skai\u010dius 2 dur\u0173 Stal\u010di\u0173 skai\u010dius be stal\u010di\u0173 Rankena su rankenomis Gamintojas Juoda Raudona Balta Baldo tipas Spintos PVM mokestis 23% EAN 5906123925525<\/p>","protected":false},"excerpt":{"rendered":"<p>\u201eMalcolm\u201c kampin\u0117 spinta \u2013 maksimali daikt\u0173 saugojimo vieta\u201eMalcolm\u201c kolekcija \u2013 tai k\u016brybi\u0161kas po\u017ei\u016bris \u012f jaunimo baldus, derinantis modern\u0173 dizain\u0105 su tradicine apdaila. \u201eMalcolm\u201c kampin\u0117 spinta si\u016blo i\u0161skirtinai erdvi\u0105 drabu\u017ei\u0173 ir kit\u0173 daikt\u0173 saugojimo viet\u0105. Ergonomi\u0161kai suprojektuotas interjeras stebina funkcionaliomis savyb\u0117mis, \u012fskaitant drabu\u017ei\u0173 pakab\u0105 ir a\u0161tuonias erdvias lentynas, i\u0161d\u0117stytas \u0161onuose [\u2026]<\/p>","protected":false},"featured_media":266505,"comment_status":"open","ping_status":"open","template":"","meta":[],"product_brand":[],"product_cat":[9200,1177],"product_tag":[],"class_list":{"0":"post-266504","1":"product","2":"type-product","3":"status-publish","4":"has-post-thumbnail","6":"product_cat-black-red-white","7":"product_cat-wardrobes","9":"first","10":"instock","11":"purchasable","12":"product-type-simple"},"_links":{"self":[{"href":"https:\/\/baldumarket.lt\/lt\/wp-json\/wp\/v2\/product\/266504","targetHints":{"allow":["GET"]}}],"collection":[{"href":"https:\/\/baldumarket.lt\/lt\/wp-json\/wp\/v2\/product"}],"about":[{"href":"https:\/\/baldumarket.lt\/lt\/wp-json\/wp\/v2\/types\/product"}],"replies":[{"embeddable":true,"href":"https:\/\/baldumarket.lt\/lt\/wp-json\/wp\/v2\/comments?post=266504"}],"wp:featuredmedia":[{"embeddable":true,"href":"https:\/\/baldumarket.lt\/lt\/wp-json\/wp\/v2\/media\/266505"}],"wp:attachment":[{"href":"https:\/\/baldumarket.lt\/lt\/wp-json\/wp\/v2\/media?parent=266504"}],"wp:term":[{"taxonomy":"product_brand","embeddable":true,"href":"https:\/\/baldumarket.lt\/lt\/wp-json\/wp\/v2\/product_brand?post=266504"},{"taxonomy":"product_cat","embeddable":true,"href":"https:\/\/baldumarket.lt\/lt\/wp-json\/wp\/v2\/product_cat?post=266504"},{"taxonomy":"product_tag","embeddable":true,"href":"https:\/\/baldumarket.lt\/lt\/wp-json\/wp\/v2\/product_tag?post=266504"}],"curies":[{"name":"wp","href":"https:\/\/api.w.org\/{rel}","templated":true}]}}