{"id":266488,"date":"2026-01-14T00:24:42","date_gmt":"2026-01-13T21:24:42","guid":{"rendered":"https:\/\/baldumarket.lt\/product\/szafa-narozna-brando-117x117-cm-dab-sonoma-textil\/"},"modified":"2026-02-11T18:18:23","modified_gmt":"2026-02-11T15:18:23","slug":"szafa-narozna-brando-117x117-cm-dab-sonoma-textil","status":"publish","type":"product","link":"https:\/\/baldumarket.lt\/lt\/product\/szafa-narozna-brando-117x117-cm-dab-sonoma-textil\/","title":{"rendered":"BRANDO kampin\u0117 spinta 117&#215;117 cm sonoma \u0105\u017euolas\/tekstil\u0117"},"content":{"rendered":"<p>\u201eBrando Corner\u201c spinta \u2013 elegancija, prakti\u0161kumas ir maksimali talpa. \u201eBrando Corner\u201c spinta \u2013 tai unikalus sprendimas, sukurtas siekiant maksimaliai i\u0161naudoti erdv\u0119 ir i\u0161laikyti elegancij\u0105 bet kokioje aplinkoje. Sonoma \u0105\u017euolas suteikia baldams nat\u016bralumo, puikiai papildydamas \u012fvairius dekoro stilius. Veidrodiniai fasadai, be subtilaus blizgesio, sukuria didesn\u0117s erdv\u0117s iliuzij\u0105, tod\u0117l spinta puikiai tinka prie\u0161kambaryje, persirengimo kambaryje ar miegamajame. Ji suteikia daug vietos drabu\u017eiams ir kitiems daiktams, kuriuos norite laikyti pasl\u0117ptus. Lengvai naudojamos sidabrin\u0117s rankenos puikiai papildo bald\u0173 spalv\u0173 gam\u0105, suteikdamos modernumo. \u201eBrando Corner\u201c spintos gale yra prakti\u0161kas pakabos b\u0117gelis, leid\u017eiantis patogiai pakabinti drabu\u017eius. Tai puiki vieta keln\u0117ms, suknel\u0117ms, mar\u0161kiniams, striuk\u0117ms ir paltams, apsaugant juos nuo rauk\u0161li\u0173 ir panaikinant poreik\u012f da\u017enai lyginti. Spintos \u0161onuose esan\u010dios lentynos puikiai tinka sulankstytiems drabu\u017eiams, dokumentams, batams, rankin\u0117ms ar \u017eaislams. Vir\u0161utin\u0117je dalyje galima laikyti antklodes, patalyn\u0119 ir rank\u0161luos\u010dius. Gausus lentyn\u0173 skai\u010dius leid\u017eia patogiai i\u0161d\u0117styti ir sutvarkyti j\u016bs\u0173 spint\u0105. \u201eBrando Corner\u201c spinta yra ne tik eleganti\u0161ka ir prakti\u0161ka, bet ir gerai apgalvotas baldas, skirtas patogiam drabu\u017ei\u0173 ir kit\u0173 kasdieni\u0173 daikt\u0173 laikymui. Su ja kiekvienas daiktas tur\u0117s savo viet\u0105, o j\u016bs\u0173 namai bus nepriekai\u0161tingai sutvarkyti.<\/p>\n<p>Prek\u0117s kodas F80-SZFN2L-DSO\/TX Simbolis ZM EAN Plotis 117 cm Gylis 117 cm Auk\u0161tis 199 cm Kolekcija Brando Spalva sonoma \u0105\u017euolas\/tekstil\u0117 Gaubtas \u0161viesi mediena Stilius modernus Med\u017eiaga laminatas Dureli\u0173 skai\u010dius 2 dur\u0173 Stal\u010di\u0173 skai\u010dius be stal\u010di\u0173 Rankena su rankenomis Gamintojas Juoda Raudona Balta Baldo tipas Spintos PVM mokestis 23% EAN 5906123851381<\/p>","protected":false},"excerpt":{"rendered":"<p>The Brando Corner Wardrobe \u2013 Elegance, Practicality, and Maximum Capacity. The Brando Corner Wardrobe is a unique solution, designed to maximize space and maintain elegance in any setting. Sonoma oak gives the furniture a natural look, perfectly complementing a variety of decor styles. Mirrored fronts, in addition to adding a subtle sheen, create the illusion [&hellip;]<\/p>","protected":false},"featured_media":266489,"comment_status":"open","ping_status":"open","template":"","meta":[],"product_brand":[],"product_cat":[9200,1177],"product_tag":[],"class_list":{"0":"post-266488","1":"product","2":"type-product","3":"status-publish","4":"has-post-thumbnail","6":"product_cat-black-red-white","7":"product_cat-wardrobes","9":"first","10":"instock","11":"purchasable","12":"product-type-simple"},"_links":{"self":[{"href":"https:\/\/baldumarket.lt\/lt\/wp-json\/wp\/v2\/product\/266488","targetHints":{"allow":["GET"]}}],"collection":[{"href":"https:\/\/baldumarket.lt\/lt\/wp-json\/wp\/v2\/product"}],"about":[{"href":"https:\/\/baldumarket.lt\/lt\/wp-json\/wp\/v2\/types\/product"}],"replies":[{"embeddable":true,"href":"https:\/\/baldumarket.lt\/lt\/wp-json\/wp\/v2\/comments?post=266488"}],"wp:featuredmedia":[{"embeddable":true,"href":"https:\/\/baldumarket.lt\/lt\/wp-json\/wp\/v2\/media\/266489"}],"wp:attachment":[{"href":"https:\/\/baldumarket.lt\/lt\/wp-json\/wp\/v2\/media?parent=266488"}],"wp:term":[{"taxonomy":"product_brand","embeddable":true,"href":"https:\/\/baldumarket.lt\/lt\/wp-json\/wp\/v2\/product_brand?post=266488"},{"taxonomy":"product_cat","embeddable":true,"href":"https:\/\/baldumarket.lt\/lt\/wp-json\/wp\/v2\/product_cat?post=266488"},{"taxonomy":"product_tag","embeddable":true,"href":"https:\/\/baldumarket.lt\/lt\/wp-json\/wp\/v2\/product_tag?post=266488"}],"curies":[{"name":"wp","href":"https:\/\/api.w.org\/{rel}","templated":true}]}}