{"id":266482,"date":"2026-01-14T00:24:37","date_gmt":"2026-01-13T21:24:37","guid":{"rendered":"https:\/\/baldumarket.lt\/product\/szafa-jednodrzwiowa-flex-50-cm-grafit\/"},"modified":"2026-02-11T18:18:23","modified_gmt":"2026-02-11T15:18:23","slug":"szafa-jednodrzwiowa-flex-50-cm-grafit","status":"publish","type":"product","link":"https:\/\/baldumarket.lt\/lt\/product\/szafa-jednodrzwiowa-flex-50-cm-grafit\/","title":{"rendered":"FLEX vien\u0173 dur\u0173 spinta 50 cm grafito spalvos"},"content":{"rendered":"<p>\u201eFlex\u201c spinta \u2013 minimalistinis dizainas, maksimalus funkcionalumas. Ma\u017ea erdv\u0117 neb\u016btinai turi reik\u0161ti tvarkos ir stiliaus aukojim\u0105. \u201eFlex\u201c spinta \u2013 tai sprendimas tiems, kurie vertina minimalistin\u012f dizain\u0105 neprarandant maksimalaus funkcionalumo. \u0160i siaura spinta su varstomu priekiu puikiai veikia kaip atskiras baldas arba kaip papildomas elementas erdvei organizuoti. Universalus dizainas leid\u017eia j\u0105 pastatyti miegamajame, svetain\u0117je, darbo kambaryje ar prie\u0161kambaryje, suteikiant kiekvienai erdvei elegancijos. Matmenys (50 x 240 x 66 cm) garantuoja lengv\u0105 pritaikym\u0105 prie turimos erdv\u0117s. Minimalistin\u0117, klasikin\u0117 spintos forma spinduliuoja paprastumu. Eleganti\u0161kas grafito spalvos korpusas ir fasadai puikiai papildo modern\u0173 dekor\u0105 ir tuo pa\u010diu gra\u017eiai dera su kambaryje esan\u010dia mediena. \u012er\u0117minti fasadai su juoda, smailia rankena traukia d\u0117mes\u012f ir suteikia charakterio. Pilkas lininis vidus suteikia harmonijos. \u0160ios spintos funkcionalumas slypi joje. Trys lentynos leid\u017eia laikyti sulankstytus drabu\u017eius, o pakaba puikiai tinka suknel\u0117ms, mar\u0161kiniams ar striuk\u0117ms. Kolonin\u0117 spinta \u2013 tai sprendimas, leid\u017eiantis optimaliai i\u0161naudoti erdv\u0119, kartu u\u017etikrinant tvark\u0105 ir stili\u0173.<\/p>\n<p>Prek\u0117s kodas F57-SZAFA_ZESTAW_87-GF Simbolis ZM EAN Plotis 50 cm Gylis 66 cm Auk\u0161tis 218 cm Kolekcija \u201eFlex\u201c Spalva grafito Atspalvis pilkas Stilius modernus Med\u017eiaga laminatas Dur\u0173 skai\u010dius 1 dur\u0173 Rankena su ranken\u0117l\u0117mis Ap\u0161vietimas pasirenkamas Gamintojas Juoda Raudona Balta Baldo tipas Spintos PVM mokestis 23% EAN 5906123848299<\/p>","protected":false},"excerpt":{"rendered":"<p>\u201eFlex\u201c spinta \u2013 minimalistinis dizainas, maksimalus funkcionalumas. Ma\u017ea erdv\u0117 neb\u016btinai rei\u0161kia tvarkos ir stiliaus aukojim\u0105. \u201eFlex\u201c spinta \u2013 tai sprendimas tiems, kurie vertina minimalistin\u012f dizain\u0105 neprarandant maksimalaus funkcionalumo. \u0160i siaura spinta su varstomu priekiu puikiai tinka kaip atskiras baldas arba kaip papildomas elementas [\u2026]<\/p>","protected":false},"featured_media":266483,"comment_status":"open","ping_status":"open","template":"","meta":[],"product_brand":[],"product_cat":[9200,1177],"product_tag":[],"class_list":{"0":"post-266482","1":"product","2":"type-product","3":"status-publish","4":"has-post-thumbnail","6":"product_cat-black-red-white","7":"product_cat-wardrobes","9":"first","10":"instock","11":"purchasable","12":"product-type-simple"},"_links":{"self":[{"href":"https:\/\/baldumarket.lt\/lt\/wp-json\/wp\/v2\/product\/266482","targetHints":{"allow":["GET"]}}],"collection":[{"href":"https:\/\/baldumarket.lt\/lt\/wp-json\/wp\/v2\/product"}],"about":[{"href":"https:\/\/baldumarket.lt\/lt\/wp-json\/wp\/v2\/types\/product"}],"replies":[{"embeddable":true,"href":"https:\/\/baldumarket.lt\/lt\/wp-json\/wp\/v2\/comments?post=266482"}],"wp:featuredmedia":[{"embeddable":true,"href":"https:\/\/baldumarket.lt\/lt\/wp-json\/wp\/v2\/media\/266483"}],"wp:attachment":[{"href":"https:\/\/baldumarket.lt\/lt\/wp-json\/wp\/v2\/media?parent=266482"}],"wp:term":[{"taxonomy":"product_brand","embeddable":true,"href":"https:\/\/baldumarket.lt\/lt\/wp-json\/wp\/v2\/product_brand?post=266482"},{"taxonomy":"product_cat","embeddable":true,"href":"https:\/\/baldumarket.lt\/lt\/wp-json\/wp\/v2\/product_cat?post=266482"},{"taxonomy":"product_tag","embeddable":true,"href":"https:\/\/baldumarket.lt\/lt\/wp-json\/wp\/v2\/product_tag?post=266482"}],"curies":[{"name":"wp","href":"https:\/\/api.w.org\/{rel}","templated":true}]}}