{"id":266471,"date":"2026-01-14T00:24:29","date_gmt":"2026-01-13T21:24:29","guid":{"rendered":"https:\/\/baldumarket.lt\/product\/szafa-jednodrzwiowa-flex-50-cm-bialy-grafit\/"},"modified":"2026-02-11T18:18:23","modified_gmt":"2026-02-11T15:18:23","slug":"szafa-jednodrzwiowa-flex-50-cm-bialy-grafit","status":"publish","type":"product","link":"https:\/\/baldumarket.lt\/lt\/product\/szafa-jednodrzwiowa-flex-50-cm-bialy-grafit\/","title":{"rendered":"FLEX vien\u0173 dur\u0173 spinta, 50 cm, balta\/grafito spalvos"},"content":{"rendered":"<p>\u201eFlex\u201c spinta \u2013 universali bet kokiam interjerui. Vien\u0173 dur\u0173 spinta yra i\u0161ties universalus baldas, derinantis funkcionalum\u0105 ir estetik\u0105. Minimalistinis dizainas ir neutralios spalvos puikiai tinka \u012fvairiems interjerams ir suteikia charakterio. Baltas korpusas ir grafito r\u0117mas priekyje \u2013 tai derinys, kuris ne tik madingas, bet ir suteikia elegancijos. Pilkas lininis vidus pabr\u0117\u017eia baldo prakti\u0161kum\u0105. Juodos rankenos yra subtilus dekoratyvinis elementas, suteikiantis spintai i\u0161baigt\u0105 i\u0161vaizd\u0105. \u201eFlex\u201c spintos vidus yra puikaus erdv\u0117s organizavimo pavyzdys. Trys stal\u010diai u\u017etikrina prakti\u0161k\u0105 smulki\u0173 daikt\u0173, apatini\u0173 ir aksesuar\u0173 laikym\u0105. Viso i\u0161traukimo ir \u0161velnaus u\u017edarymo mechanizmas garantuoja patog\u0173 naudojim\u0105. Spintos centre esantis b\u0117gelis leid\u017eia tvarkingai laikyti mar\u0161kinius ir striukes, o vir\u0161utin\u0117s lentynos idealiai tinka re\u010diau naudojamiems drabu\u017eiams. Kompakti\u0161kas \u201eFlex\u201c spintos dydis puikiai tinka ma\u017eesn\u0117ms erdv\u0117ms, suteikiant joms eleganti\u0161k\u0105 i\u0161vaizd\u0105. M\u0117gaukit\u0117s funkcionaliais ir estetiniais privalumais, tuo pa\u010diu palaikydami tvark\u0105 savo interjere.<\/p>\n<p>Prek\u0117s kodas F57-SZAFA_ZESTAW_131-BI\/GF Simbolis ZM EAN Plotis 50 cm Gylis 66 cm Auk\u0161tis 240 cm Kolekcija \u201eFlex\u201c Spalva balta\/grafito pilka Atspalvis Stilius modernus Med\u017eiaga laminatas Dureli\u0173 skai\u010dius 1 dur\u0173 Stal\u010di\u0173 skai\u010dius 3 stal\u010diai Rankena su ranken\u0117l\u0117mis Ap\u0161vietimas pasirenkamas Gamintojas Juoda Raudona Balta Baldo tipas Spintos PVM mokestis 23% EAN 5906123847728<\/p>","protected":false},"excerpt":{"rendered":"<p>The Flex Wardrobe \u2013 Versatile in Any Interior. The single-door wardrobe is a truly versatile piece of furniture that combines functionality and aesthetics. Its minimalist design and neutral colors make it a perfect fit for a variety of interiors, adding character. The white body and graphite framed front are a combination that is not only [&hellip;]<\/p>","protected":false},"featured_media":266472,"comment_status":"open","ping_status":"open","template":"","meta":[],"product_brand":[],"product_cat":[9200,1177],"product_tag":[],"class_list":{"0":"post-266471","1":"product","2":"type-product","3":"status-publish","4":"has-post-thumbnail","6":"product_cat-black-red-white","7":"product_cat-wardrobes","9":"first","10":"instock","11":"purchasable","12":"product-type-simple"},"_links":{"self":[{"href":"https:\/\/baldumarket.lt\/lt\/wp-json\/wp\/v2\/product\/266471","targetHints":{"allow":["GET"]}}],"collection":[{"href":"https:\/\/baldumarket.lt\/lt\/wp-json\/wp\/v2\/product"}],"about":[{"href":"https:\/\/baldumarket.lt\/lt\/wp-json\/wp\/v2\/types\/product"}],"replies":[{"embeddable":true,"href":"https:\/\/baldumarket.lt\/lt\/wp-json\/wp\/v2\/comments?post=266471"}],"wp:featuredmedia":[{"embeddable":true,"href":"https:\/\/baldumarket.lt\/lt\/wp-json\/wp\/v2\/media\/266472"}],"wp:attachment":[{"href":"https:\/\/baldumarket.lt\/lt\/wp-json\/wp\/v2\/media?parent=266471"}],"wp:term":[{"taxonomy":"product_brand","embeddable":true,"href":"https:\/\/baldumarket.lt\/lt\/wp-json\/wp\/v2\/product_brand?post=266471"},{"taxonomy":"product_cat","embeddable":true,"href":"https:\/\/baldumarket.lt\/lt\/wp-json\/wp\/v2\/product_cat?post=266471"},{"taxonomy":"product_tag","embeddable":true,"href":"https:\/\/baldumarket.lt\/lt\/wp-json\/wp\/v2\/product_tag?post=266471"}],"curies":[{"name":"wp","href":"https:\/\/api.w.org\/{rel}","templated":true}]}}