{"id":266463,"date":"2026-01-14T00:24:22","date_gmt":"2026-01-13T21:24:22","guid":{"rendered":"https:\/\/baldumarket.lt\/product\/szafa-jednodrzwiowa-flex-50-cm-bialy\/"},"modified":"2026-02-11T18:18:23","modified_gmt":"2026-02-11T15:18:23","slug":"szafa-jednodrzwiowa-flex-50-cm-bialy","status":"publish","type":"product","link":"https:\/\/baldumarket.lt\/lt\/product\/szafa-jednodrzwiowa-flex-50-cm-bialy\/","title":{"rendered":"FLEX vienv\u0117r\u0117 spinta, 50 cm, balta"},"content":{"rendered":"<p>\u201eFlex\u201c spinta \u2013 siaura rank\u0161luos\u010di\u0173 arba apatini\u0173 drabu\u017ei\u0173 spinta. Kiekvienuose namuose reikia vietos rank\u0161luos\u010diams, patalynei ir smulkiems aksesuarams, pavyzd\u017eiui, drabu\u017eiams. \u201eFlex\u201c spinta \u2013 puikus sprendimas ne tik rank\u0161luos\u010diams, bet ir pi\u017eamoms bei apatiniams drabu\u017eiams laikyti. \u0160ios miegamojo spintos viduje yra dvi prakti\u0161kos lentynos, pakaba ir trys patog\u016bs stal\u010diai, puikiai tinkantys kojin\u0117ms ir kitiems drabu\u017eiams laikyti. Spintos vidus apdailintas prakti\u0161ka pilka linine spalva. Standarti\u0161kai komplekte yra pilno i\u0161traukimo stal\u010diai su \u0161velnaus u\u017edarymo funkcija, tod\u0117l daiktus daug lengviau sutvarkyti. Papildomai verta apsvarstyti LED ap\u0161vietim\u0105 su judesio jutikliu ir dur\u0173 stabd\u017eiu, kad padidintum\u0117te savo spintos patogum\u0105. \u201eFlex\u201c spintos si\u016blo begales galimybi\u0173 \u2013 rinkit\u0117s paruo\u0161t\u0105 sprendim\u0105 arba naudokite konfig\u016bratori\u0173, kad pritaikytum\u0117te savo spint\u0105 pagal savo individualius poreikius. Nurodytas gylis neapima fasad\u0173 storio.<\/p>\n<p>Prek\u0117s kodas F57-SZAFA_ZESTAW_17-BI\/BI Simbolis ZM EAN Plotis 50 cm Gylis 66 cm Auk\u0161tis 240 cm Kolekcija \u201eFlex\u201c Spalva balta\/balta Gaubtas baltas Stilius modernus Med\u017eiaga laminatas Dureli\u0173 skai\u010dius 1 dur\u0173 Stal\u010di\u0173 skai\u010dius 3 stal\u010diai Rankena su ranken\u0117l\u0117mis Ap\u0161vietimas pasirenkamas Gamintojas Juoda Raudona Balta Baldo tipas Spintos PVM mokestis 23% EAN 5906123847926<\/p>","protected":false},"excerpt":{"rendered":"<p>\u201eFlex\u201c spinta \u2013 siaura rank\u0161luos\u010di\u0173 arba apatini\u0173 drabu\u017ei\u0173 lentyna. Kiekvienuose namuose reikia vietos rank\u0161luos\u010diams, patalynei ir smulkiems aksesuarams, pavyzd\u017eiui, drabu\u017eiams. \u201eFlex\u201c spinta yra puikus sprendimas ne tik rank\u0161luos\u010diams, bet ir pi\u017eamoms bei apatiniams drabu\u017eiams laikyti. \u0160ios miegamojo spintos viduje yra dvi prakti\u0161kos lentynos, pakaba ir trys [\u2026]<\/p>","protected":false},"featured_media":266464,"comment_status":"open","ping_status":"open","template":"","meta":[],"product_brand":[],"product_cat":[9200,1177],"product_tag":[],"class_list":{"0":"post-266463","1":"product","2":"type-product","3":"status-publish","4":"has-post-thumbnail","6":"product_cat-black-red-white","7":"product_cat-wardrobes","9":"first","10":"instock","11":"purchasable","12":"product-type-simple"},"_links":{"self":[{"href":"https:\/\/baldumarket.lt\/lt\/wp-json\/wp\/v2\/product\/266463","targetHints":{"allow":["GET"]}}],"collection":[{"href":"https:\/\/baldumarket.lt\/lt\/wp-json\/wp\/v2\/product"}],"about":[{"href":"https:\/\/baldumarket.lt\/lt\/wp-json\/wp\/v2\/types\/product"}],"replies":[{"embeddable":true,"href":"https:\/\/baldumarket.lt\/lt\/wp-json\/wp\/v2\/comments?post=266463"}],"wp:featuredmedia":[{"embeddable":true,"href":"https:\/\/baldumarket.lt\/lt\/wp-json\/wp\/v2\/media\/266464"}],"wp:attachment":[{"href":"https:\/\/baldumarket.lt\/lt\/wp-json\/wp\/v2\/media?parent=266463"}],"wp:term":[{"taxonomy":"product_brand","embeddable":true,"href":"https:\/\/baldumarket.lt\/lt\/wp-json\/wp\/v2\/product_brand?post=266463"},{"taxonomy":"product_cat","embeddable":true,"href":"https:\/\/baldumarket.lt\/lt\/wp-json\/wp\/v2\/product_cat?post=266463"},{"taxonomy":"product_tag","embeddable":true,"href":"https:\/\/baldumarket.lt\/lt\/wp-json\/wp\/v2\/product_tag?post=266463"}],"curies":[{"name":"wp","href":"https:\/\/api.w.org\/{rel}","templated":true}]}}