{"id":266462,"date":"2026-01-14T00:24:21","date_gmt":"2026-01-13T21:24:21","guid":{"rendered":"https:\/\/baldumarket.lt\/product\/szafa-flex-garderoba-narozna-223x203-cm-bialy\/"},"modified":"2026-02-11T18:18:23","modified_gmt":"2026-02-11T15:18:23","slug":"szafa-flex-garderoba-narozna-223x203-cm-bialy","status":"publish","type":"product","link":"https:\/\/baldumarket.lt\/lt\/product\/szafa-flex-garderoba-narozna-223x203-cm-bialy\/","title":{"rendered":"\u201eFlex\u201c spinta, kampin\u0117 spinta, 223\u00d7203 cm, balta"},"content":{"rendered":"<p>\u201eFlex\u201c spinta \u2013 stilinga tvarka. Ar visada svajojote apie erdvi\u0105 ir tvarking\u0105 spint\u0105? Jei norite atsisveikinti su rytin\u0117mis m\u0117gstamiausi\u0173 drabu\u017ei\u0173 paie\u0161komis, pats laikas \u012fgyvendinti \u0161ias svajones. \u012esp\u016bding\u0173 223 x 240 x 203 cm matmen\u0173 \u201eFlex\u201c spinta si\u016blo ne tik daug erdv\u0117s, bet ir funkcionalum\u0105 bei kruop\u0161t\u0173 meistri\u0161kum\u0105, tod\u0117l drabu\u017ei\u0173 laikymas yra lengvas ir malonus. D\u0117l atviro i\u0161planavimo lengva pasiekti \u201eFlex\u201c spintos vid\u0173. I\u0161kart rasite tai, ko ie\u0161kote, be jokio vargo. Rytinis pasiruo\u0161imas darbui ar mokyklai taps greitesnis ir patogesnis. Spintos vidus \u2013 tikra organizacijos karalyst\u0117. Rasite penkis b\u0117gelius, stal\u010di\u0173 su pertvaromis, stiklin\u012f stal\u010di\u0173, kelni\u0173 pakab\u0105 ir \u012fvairias lentynas, \u012fskaitant vien\u0105 su stiklu. B\u0117geliai puikiai tinka pakabinti striukes, palaidines ar mar\u0161kinius, nes pa\u0161alina rauk\u0161les ir palengvina kasdien\u012f spintos pasirinkim\u0105. Stal\u010diai su \u0161velniai u\u017esidaran\u010diomis ir visi\u0161kai i\u0161traukiamomis b\u0117gel\u0117mis optimaliai tinka aksesuarams, papuo\u0161alams, apatiniams drabu\u017eiams ar kojin\u0117ms laikyti. Vir\u0161utin\u0117se lentynose laikomi sezoniniai arba retai naudojami daiktai, pavyzd\u017eiui, antklod\u0117s, \u0161ilta antklod\u0117 ar \u017eieminiai drabu\u017eiai. Apatin\u0117 erdv\u0117 skirta batams laikyti, o daugyb\u0117 lentyn\u0173 puikiai tinka mar\u0161kin\u0117li\u0173, d\u017eemperi\u0173 ar d\u017eins\u0173 laikymui. Spintos vidus apdailintas prakti\u0161ka pilka drob\u0117s spalva, suteikian\u010dia elegancijos ir universalumo. Rinkit\u0117s kampin\u0119 spint\u0105 \u201eFlex\u201c ir susikurkite spint\u0105, kurioje kiekvienas daiktas ras savo tobul\u0105 viet\u0105. Atraskite tvark\u0105 ir stili\u0173!<\/p>\n<p>Prek\u0117s kodas F57-SZAFA_ZESTAW_144-BI Simbolis ZM EAN Plotis 223 cm Gylis 203 cm Auk\u0161tis 240 cm Kolekcija \u201eFlex\u201c Spalva balta Atspalvis baltas Stilius modernus Med\u017eiaga laminatas Stal\u010di\u0173 skai\u010dius 2 stal\u010diai Ap\u0161vietimas pasirenkamas Gamintojas Juoda Raudona Balta Baldo tipas Spintos PVM Mokestis 23% EAN 5906123847889<\/p>","protected":false},"excerpt":{"rendered":"<p>\u201eFlex\u201c spinta \u2013 stilinga tvarka. Ar visada svajojote apie erdvi\u0105 ir tvarking\u0105 spint\u0105? Jei norite atsisveikinti su rytin\u0117mis m\u0117gstamiausi\u0173 drabu\u017ei\u0173 paie\u0161komis, laikas \u012fgyvendinti \u0161ias svajones. \u012esp\u016bding\u0173 223 x 240 x 203 cm matmen\u0173 \u201eFlex\u201c spinta si\u016blo ne tik daug [\u2026]<\/p>","protected":false},"featured_media":0,"comment_status":"open","ping_status":"open","template":"","meta":[],"product_brand":[],"product_cat":[9200,1177],"product_tag":[],"class_list":{"0":"post-266462","1":"product","2":"type-product","3":"status-publish","5":"product_cat-black-red-white","6":"product_cat-wardrobes","8":"first","9":"instock","10":"purchasable","11":"product-type-simple"},"_links":{"self":[{"href":"https:\/\/baldumarket.lt\/lt\/wp-json\/wp\/v2\/product\/266462","targetHints":{"allow":["GET"]}}],"collection":[{"href":"https:\/\/baldumarket.lt\/lt\/wp-json\/wp\/v2\/product"}],"about":[{"href":"https:\/\/baldumarket.lt\/lt\/wp-json\/wp\/v2\/types\/product"}],"replies":[{"embeddable":true,"href":"https:\/\/baldumarket.lt\/lt\/wp-json\/wp\/v2\/comments?post=266462"}],"wp:attachment":[{"href":"https:\/\/baldumarket.lt\/lt\/wp-json\/wp\/v2\/media?parent=266462"}],"wp:term":[{"taxonomy":"product_brand","embeddable":true,"href":"https:\/\/baldumarket.lt\/lt\/wp-json\/wp\/v2\/product_brand?post=266462"},{"taxonomy":"product_cat","embeddable":true,"href":"https:\/\/baldumarket.lt\/lt\/wp-json\/wp\/v2\/product_cat?post=266462"},{"taxonomy":"product_tag","embeddable":true,"href":"https:\/\/baldumarket.lt\/lt\/wp-json\/wp\/v2\/product_tag?post=266462"}],"curies":[{"name":"wp","href":"https:\/\/api.w.org\/{rel}","templated":true}]}}