{"id":266461,"date":"2026-01-14T00:24:21","date_gmt":"2026-01-13T21:24:21","guid":{"rendered":"https:\/\/baldumarket.lt\/product\/szafa-flex-garderoba-200-cm-bialy-2\/"},"modified":"2026-02-11T18:18:23","modified_gmt":"2026-02-11T15:18:23","slug":"szafa-flex-garderoba-200-cm-bialy-2","status":"publish","type":"product","link":"https:\/\/baldumarket.lt\/lt\/product\/szafa-flex-garderoba-200-cm-bialy-2\/","title":{"rendered":"\u201eFlex\u201c spinta, 200 cm, balta"},"content":{"rendered":"<p>\u201eFlex\u201c spinta \u2013 steb\u0117kite savo drabu\u017eius. Atviros spintos yra vis populiaresn\u0117 tendencija nam\u0173 erdv\u0117se, siejama su prabangiais butais, kur kurti unikal\u0173 stili\u0173 yra lengva. Dabar galite \u012ftraukti \u0161i\u0105 tendencij\u0105 \u012f savo namus su pla\u010dia \u201eFlex\u201c spinta! Spinta su atviromis lentynomis gali rasti savo viet\u0105 tiek atskirame kambaryje, tiek miegamajame. Svarbus elementas \u2013 plati furnit\u016bra, o \u201eFlex\u201c spintoje yra viskas, ko reikia patogiam drabu\u017ei\u0173 organizavimui. Spintos viduje yra 10 lentyn\u0173, du pakabos b\u0117geliai, penki stal\u010diai ir dvi apatin\u0117s lentynos su lentyna. D\u0117l tokio i\u0161d\u0117stymo visi j\u016bs\u0173 drabu\u017eiai ir aksesuarai bus gra\u017eiai eksponuojami ir lengvai pasiekiami. Pilnai i\u0161traukiami stal\u010diai, d\u0117ka rutulini\u0173 guoli\u0173 b\u0117geli\u0173, ir \u0161velnaus u\u017edarymo funkcija u\u017etikrina i\u0161skirtin\u012f komfort\u0105. Daugiau jokio rytinio vargo \u2013 dabar akimirksniu rasite tobul\u0105 spint\u0105! \u0160i atvira spinta, kurios matmenys 200,7 x 240 x 66 cm, puikiai der\u0117s prie bet kokio interjero d\u0117l baltai da\u017eyto korpuso ir pilko lininio vidaus. Subtil\u016bs pilki ir balti tonai sukuria puik\u0173 fon\u0105 spalvingiems spintos elementams ir puikiai dera su \u012fvairiais interjero stiliais. \u0160is baldas puikiai dera su skandinavi\u0161ku, bohemi\u0161ku, \u017eavingu ir moderniu stiliumi \u2013 tereikia pasirinkti tinkamus aksesuarus, kurie pakeist\u0173 jo charakter\u012f.<\/p>\n<p>Prek\u0117s kodas F57-SZAFA_ZESTAW_106-BI Simbolis ZM EAN Plotis 200,7 cm Gylis 66 cm Auk\u0161tis 240 cm Kolekcija \u201eFlex\u201c Spalva balta Atspalvis baltas Stilius modernus Med\u017eiaga laminatas Stal\u010di\u0173 skai\u010dius 5 ir daugiau stal\u010di\u0173 Ap\u0161vietimas pasirenkamas Gamintojas Juoda Raudona Balta Baldo tipas Spintos PVM Mokestis 23% EAN 5906123847377<\/p>","protected":false},"excerpt":{"rendered":"<p>Flex Wardrobe \u2013 Keep an eye on your clothes. Open wardrobes are an increasingly popular trend in home spaces, associated with luxury apartments where creating unique styles is effortless. Now you can incorporate this trend into your home with the wide Flex wardrobe! A wardrobe with open shelves can find its place in both a [&hellip;]<\/p>","protected":false},"featured_media":0,"comment_status":"open","ping_status":"open","template":"","meta":[],"product_brand":[],"product_cat":[9200,1177],"product_tag":[],"class_list":{"0":"post-266461","1":"product","2":"type-product","3":"status-publish","5":"product_cat-black-red-white","6":"product_cat-wardrobes","8":"first","9":"instock","10":"purchasable","11":"product-type-simple"},"_links":{"self":[{"href":"https:\/\/baldumarket.lt\/lt\/wp-json\/wp\/v2\/product\/266461","targetHints":{"allow":["GET"]}}],"collection":[{"href":"https:\/\/baldumarket.lt\/lt\/wp-json\/wp\/v2\/product"}],"about":[{"href":"https:\/\/baldumarket.lt\/lt\/wp-json\/wp\/v2\/types\/product"}],"replies":[{"embeddable":true,"href":"https:\/\/baldumarket.lt\/lt\/wp-json\/wp\/v2\/comments?post=266461"}],"wp:attachment":[{"href":"https:\/\/baldumarket.lt\/lt\/wp-json\/wp\/v2\/media?parent=266461"}],"wp:term":[{"taxonomy":"product_brand","embeddable":true,"href":"https:\/\/baldumarket.lt\/lt\/wp-json\/wp\/v2\/product_brand?post=266461"},{"taxonomy":"product_cat","embeddable":true,"href":"https:\/\/baldumarket.lt\/lt\/wp-json\/wp\/v2\/product_cat?post=266461"},{"taxonomy":"product_tag","embeddable":true,"href":"https:\/\/baldumarket.lt\/lt\/wp-json\/wp\/v2\/product_tag?post=266461"}],"curies":[{"name":"wp","href":"https:\/\/api.w.org\/{rel}","templated":true}]}}