{"id":266460,"date":"2026-01-14T00:24:20","date_gmt":"2026-01-13T21:24:20","guid":{"rendered":"https:\/\/baldumarket.lt\/product\/szafa-flex-garderoba-200-cm-bialy\/"},"modified":"2026-02-11T18:18:24","modified_gmt":"2026-02-11T15:18:24","slug":"szafa-flex-garderoba-200-cm-bialy","status":"publish","type":"product","link":"https:\/\/baldumarket.lt\/lt\/product\/szafa-flex-garderoba-200-cm-bialy\/","title":{"rendered":"\u201eFlex\u201c spinta, 200 cm, balta"},"content":{"rendered":"<p>\u201eFlex\u201c spinta \u2013 j\u016bs\u0173 privati \u012feinama spinta. Svajojate apie eleganti\u0161k\u0105 ir funkcionali\u0105 spint\u0105, kurioje visi j\u016bs\u0173 drabu\u017eiai b\u016bt\u0173 sutvarkyti pagal j\u016bs\u0173 skon\u012f? \u201eFlex\u201c spinta be dur\u0173 \u2013 puikus sprendimas norint susikurti savo mados erdv\u0119 namuose. Atvira spinta, kurios matmenys \u012fsp\u016bdingi 200,7 x 240 x 66 cm, si\u016blo daug vietos daiktams susid\u0117ti, leisdama palaikyti tvark\u0105 ir greitai pasiekti savo drabu\u017ei\u0173 kolekcij\u0105. Spintos viduje yra 11 lentyn\u0173, puikiai tinkan\u010di\u0173 sulankstytiems drabu\u017eiams laikyti. Du pakabinimo b\u0117geliai leid\u017eia laikyti eleganti\u0161kus mar\u0161kinius, striukes ar kelnes. Ypa\u010d prakti\u0161ka savyb\u0117 \u2013 stal\u010diai, vienas i\u0161 j\u0173 turi stiklin\u012f priek\u012f. Tai puiki vieta apatiniams drabu\u017eiams, aksesuarams ar m\u0117gstamam dir\u017eui. Rutuliniai guoliai u\u017etikrina visi\u0161k\u0105 stal\u010di\u0173 i\u0161traukim\u0105, o \u0161velnaus u\u017edarymo funkcija leid\u017eia naudotis baldais nepaprastai patogiai. Spintos korpusas apdailintas eleganti\u0161ka balta spalva, o pilkas lininis vidus suteikia neutral\u0173 fon\u0105 j\u016bs\u0173 drabu\u017ei\u0173 kolekcijai. Universali spalv\u0173 schema leid\u017eia pritaikyti savo spint\u0105 prie \u012fvairi\u0173 interjero dizaino stili\u0173, toki\u0173 kaip skandinavi\u0161kas, bohemi\u0161kas, glam\u016bringas ar modernus. Rinkit\u0117s \u201eFlex\u201c drabu\u017ei\u0173 spint\u0105 ir susikurkite savo mados oaz\u0119 jaukiuose namuose!<\/p>\n<p>Prek\u0117s kodas F57-SZAFA_ZESTAW_110-BI Simbolis ZM EAN Plotis 200,7 cm Gylis 66 cm Auk\u0161tis 240 cm Kolekcija \u201eFlex\u201c Spalva balta Atspalvis baltas Stilius modernus Med\u017eiaga laminatas Stal\u010di\u0173 skai\u010dius 5 ir daugiau stal\u010di\u0173 Ap\u0161vietimas pasirenkamas Gamintojas Juoda Raudona Balta Baldo tipas Spintos PVM Mokestis 23% EAN 5906123847452<\/p>","protected":false},"excerpt":{"rendered":"<p>\u201eFlex\u201c spinta \u2013 j\u016bs\u0173 asmenin\u0117 drabu\u017ein\u0117. Svajojate apie eleganti\u0161k\u0105 ir funkcionali\u0105 spint\u0105, kurioje visi j\u016bs\u0173 drabu\u017eiai b\u016bt\u0173 sutvarkyti pagal j\u016bs\u0173 skon\u012f? \u201eFlex\u201c spinta be dur\u0173 \u2013 puikus sprendimas norint susikurti savo mados erdv\u0119 namuose. Atvira spinta, kurios \u012fsp\u016bdingi matmenys yra 200,7 x 240 x 66 cm, si\u016blo daug vietos daiktams susid\u0117ti [\u2026]<\/p>","protected":false},"featured_media":0,"comment_status":"open","ping_status":"open","template":"","meta":[],"product_brand":[],"product_cat":[9200,1177],"product_tag":[],"class_list":{"0":"post-266460","1":"product","2":"type-product","3":"status-publish","5":"product_cat-black-red-white","6":"product_cat-wardrobes","8":"first","9":"instock","10":"purchasable","11":"product-type-simple"},"_links":{"self":[{"href":"https:\/\/baldumarket.lt\/lt\/wp-json\/wp\/v2\/product\/266460","targetHints":{"allow":["GET"]}}],"collection":[{"href":"https:\/\/baldumarket.lt\/lt\/wp-json\/wp\/v2\/product"}],"about":[{"href":"https:\/\/baldumarket.lt\/lt\/wp-json\/wp\/v2\/types\/product"}],"replies":[{"embeddable":true,"href":"https:\/\/baldumarket.lt\/lt\/wp-json\/wp\/v2\/comments?post=266460"}],"wp:attachment":[{"href":"https:\/\/baldumarket.lt\/lt\/wp-json\/wp\/v2\/media?parent=266460"}],"wp:term":[{"taxonomy":"product_brand","embeddable":true,"href":"https:\/\/baldumarket.lt\/lt\/wp-json\/wp\/v2\/product_brand?post=266460"},{"taxonomy":"product_cat","embeddable":true,"href":"https:\/\/baldumarket.lt\/lt\/wp-json\/wp\/v2\/product_cat?post=266460"},{"taxonomy":"product_tag","embeddable":true,"href":"https:\/\/baldumarket.lt\/lt\/wp-json\/wp\/v2\/product_tag?post=266460"}],"curies":[{"name":"wp","href":"https:\/\/api.w.org\/{rel}","templated":true}]}}