{"id":266459,"date":"2026-01-14T00:24:19","date_gmt":"2026-01-13T21:24:19","guid":{"rendered":"https:\/\/baldumarket.lt\/product\/szafa-flex-garderoba-195-cm-bialy\/"},"modified":"2026-02-11T18:18:24","modified_gmt":"2026-02-11T15:18:24","slug":"szafa-flex-garderoba-195-cm-bialy","status":"publish","type":"product","link":"https:\/\/baldumarket.lt\/lt\/product\/szafa-flex-garderoba-195-cm-bialy\/","title":{"rendered":"\u201eFlex\u201c spinta, 195 cm, balta"},"content":{"rendered":"<p>\u201eFlex\u201c spinta \u2013 drabu\u017eiai akiratyje. Jei vertinate savo drabu\u017eius, vertinate auk\u0161tos kokyb\u0117s med\u017eiagas ir m\u0117gstate kurti unikalius stilius, atvira spinta gali b\u016bti puikus sprendimas jums. \u201eFlex\u201c spinta, kurios matmenys 195 x 240 x 66 cm, leis jums m\u0117gautis drabu\u017eiais ne tik renkantis rytin\u0119 aprang\u0105. Taip pat galite laisvai r\u016b\u0161iuoti drabu\u017eius pagal spalv\u0105, sezon\u0105 ar kitus kriterijus \u2013 pritaikykite j\u0105 savo pageidavimams! Kas viduje? Pilna praktini\u0173 sprendim\u0173! Yra 12 lentyn\u0173 palaidin\u0117ms, megztiniams ir \u012fvairiems aksesuarams, pavyzd\u017eiui, rankin\u0117ms ir kepur\u0117ms. Mar\u0161kinius, sijonus ir kelnes galima demonstruoti ant dviej\u0173 drabu\u017ei\u0173 kabykl\u0173. Apatinius drabu\u017eius, kojines ir kitus smulkius daiktus galima patogiai laikyti 6 stal\u010diuose. Pilno i\u0161traukimo rutuliniai guoliai ir \u0161velnaus u\u017edarymo funkcija u\u017etikrina patog\u0173 stal\u010di\u0173 naudojim\u0105. Atvir\u0173 lentyn\u0173 spinta turi balt\u0105 r\u0117m\u0105, o vidus apdailintas pilku lininiu pavir\u0161iumi. D\u0117l to spinta yra universalus pagrindas \u012fvairiems aksesuarams ir puikiai dera prie \u012fvairi\u0173 interjero stili\u0173, toki\u0173 kaip modernus, prabangus, skandinavi\u0161kas ar bohemi\u0161kas. Pilka spalva taip pat tarnauja kaip neutralus fonas \u012fvairiems garderobo elementams, gra\u017eiai juos i\u0161ry\u0161kindama. \u0160\u012f bald\u0105 galima pastatyti miegamajame arba atskirame kambaryje. Prid\u0117kite didel\u012f veidrod\u012f, stiling\u0105 ap\u0161vietim\u0105 ir patog\u0173 puf\u0105, kad j\u016bs\u0173 spinta spinduliuot\u0173 eleganti\u0161kos parduotuv\u0117l\u0117s atmosfer\u0105.<\/p>\n<p>Prek\u0117s kodas F57-SZAFA_ZESTAW_108-BI Simbolis ZM EAN Plotis 195 cm Gylis 66 cm Auk\u0161tis 240 cm Kolekcija \u201eFlex\u201c Spalva balta Atspalvis baltas Stilius modernus Med\u017eiaga laminatas Stal\u010di\u0173 skai\u010dius 5 ir daugiau stal\u010di\u0173 Ap\u0161vietimas pasirenkamas Gamintojas Juoda Raudona Balta Baldo tipas Spintos PVM Mokestis 23% EAN 5906123847414<\/p>","protected":false},"excerpt":{"rendered":"<p>Flex Wardrobe \u2013 Clothes in Sight. If you value your clothes, value high-quality materials, and love creating unique styles, an open wardrobe may be the perfect solution for you. The Flex wardrobe, measuring 195 x 240 x 66 cm, will allow you to enjoy your clothes not only while choosing your morning outfit. You can [&hellip;]<\/p>","protected":false},"featured_media":0,"comment_status":"open","ping_status":"open","template":"","meta":[],"product_brand":[],"product_cat":[9200,1177],"product_tag":[],"class_list":{"0":"post-266459","1":"product","2":"type-product","3":"status-publish","5":"product_cat-black-red-white","6":"product_cat-wardrobes","8":"first","9":"instock","10":"purchasable","11":"product-type-simple"},"_links":{"self":[{"href":"https:\/\/baldumarket.lt\/lt\/wp-json\/wp\/v2\/product\/266459","targetHints":{"allow":["GET"]}}],"collection":[{"href":"https:\/\/baldumarket.lt\/lt\/wp-json\/wp\/v2\/product"}],"about":[{"href":"https:\/\/baldumarket.lt\/lt\/wp-json\/wp\/v2\/types\/product"}],"replies":[{"embeddable":true,"href":"https:\/\/baldumarket.lt\/lt\/wp-json\/wp\/v2\/comments?post=266459"}],"wp:attachment":[{"href":"https:\/\/baldumarket.lt\/lt\/wp-json\/wp\/v2\/media?parent=266459"}],"wp:term":[{"taxonomy":"product_brand","embeddable":true,"href":"https:\/\/baldumarket.lt\/lt\/wp-json\/wp\/v2\/product_brand?post=266459"},{"taxonomy":"product_cat","embeddable":true,"href":"https:\/\/baldumarket.lt\/lt\/wp-json\/wp\/v2\/product_cat?post=266459"},{"taxonomy":"product_tag","embeddable":true,"href":"https:\/\/baldumarket.lt\/lt\/wp-json\/wp\/v2\/product_tag?post=266459"}],"curies":[{"name":"wp","href":"https:\/\/api.w.org\/{rel}","templated":true}]}}