{"id":266458,"date":"2026-01-14T00:24:18","date_gmt":"2026-01-13T21:24:18","guid":{"rendered":"https:\/\/baldumarket.lt\/product\/szafa-flex-garderoba-180-cm-bialy\/"},"modified":"2026-02-11T18:18:24","modified_gmt":"2026-02-11T15:18:24","slug":"szafa-flex-garderoba-180-cm-bialy","status":"publish","type":"product","link":"https:\/\/baldumarket.lt\/lt\/product\/szafa-flex-garderoba-180-cm-bialy\/","title":{"rendered":"\u201eFlex\u201c spinta, 180 cm, balta"},"content":{"rendered":"<p>\u201eFlex\u201c spinta \u2013 patogi drabu\u017ei\u0173 erdv\u0117. Svajojate apie funkcionali\u0105 ir esteti\u0161kai patraukli\u0105 daikt\u0173 laikymo viet\u0105? \u201eFlex\u201c spinta su atviromis lentynomis \u2013 \u017eavus pasi\u016blymas. Tur\u0117dami visus drabu\u017eius lengvai pasiekiamoje vietoje, greitai susikursite i\u0161baigt\u0105 aprang\u0105! 180,7 x 240 x 66 cm dyd\u017eio spinta puikiai dera prie \u012fvairi\u0173 i\u0161d\u0117stym\u0173 ir nereikalauja atskiro kambario, tod\u0117l lengvai telpa miegamajame. Dabar galite lengvai per\u017ei\u016br\u0117ti savo spint\u0105 i\u0161 lovos ir suplanuoti dienos aprang\u0105. Atvira spinta neb\u016bt\u0173 i\u0161sami be daugyb\u0117s aksesuar\u0173. Laimei, \u201eFlex\u201c spintoje yra viskas, ko reikia, kad j\u016bs\u0173 drabu\u017eiai b\u016bt\u0173 tvarkingi. 9 lentynose galite susid\u0117ti mar\u0161kin\u0117lius, megztinius ir d\u017einsus, o oficiali apranga turi savo viet\u0105 ant pakabos. Apatiniai drabu\u017eiai ir smulk\u016bs aksesuarai telpa prakti\u0161kuose stal\u010diuose, i\u0161 kuri\u0173 du turi stiklinius priekius, tod\u0117l galite greitai patikrinti turin\u012f j\u0173 neatidarydami. Pilno i\u0161traukimo rutuliniai guoliai ir \u0161velnaus u\u017edarymo funkcija u\u017etikrina patog\u0173 naudojim\u0105. Spintos korpusas yra baltas, o vidin\u0117 furnit\u016bra papuo\u0161ta pilku drob\u0117s ra\u0161tu. Neutrali spalv\u0173 gama sukuria puik\u0173 fon\u0105 j\u016bs\u0173 drabu\u017eiams ir lengvai dera prie kambario interjero. Atvira spinta su \u201eFlex\u201c puikiai tinka \u012fvairiems stiliams, pavyzd\u017eiui, skandinavi\u0161kam, bohemi\u0161kam, moderniam ar glam\u016bringam, o jos charakteris keisis priklausomai nuo naudojam\u0173 aksesuar\u0173.<\/p>\n<p>Prek\u0117s kodas F57-SZAFA_ZESTAW_109-BI Simbolis ZM EAN Plotis 180,7 cm Gylis 66 cm Auk\u0161tis 240 cm Kolekcija \u201eFlex\u201c Spalva balta Atspalvis baltas Stilius modernus Med\u017eiaga laminatas Stal\u010di\u0173 skai\u010dius 5 ir daugiau stal\u010di\u0173 Ap\u0161vietimas pasirenkamas Gamintojas Juoda Raudona Balta Baldo tipas Spintos PVM mokestis 23% EAN 5906123847438<\/p>","protected":false},"excerpt":{"rendered":"<p>Flex Wardrobe \u2013 Convenient Clothes Space. Dreaming of a functional and aesthetically pleasing storage area? The Flex Wardrobe with open shelves is a fascinating proposition. With all your clothes within easy reach, you&#8217;ll quickly create a finished outfit! Measuring 180.7 x 240 x 66 cm, the wardrobe fits perfectly into a variety of arrangements and [&hellip;]<\/p>","protected":false},"featured_media":0,"comment_status":"open","ping_status":"open","template":"","meta":[],"product_brand":[],"product_cat":[9200,1177],"product_tag":[],"class_list":{"0":"post-266458","1":"product","2":"type-product","3":"status-publish","5":"product_cat-black-red-white","6":"product_cat-wardrobes","8":"first","9":"instock","10":"purchasable","11":"product-type-simple"},"_links":{"self":[{"href":"https:\/\/baldumarket.lt\/lt\/wp-json\/wp\/v2\/product\/266458","targetHints":{"allow":["GET"]}}],"collection":[{"href":"https:\/\/baldumarket.lt\/lt\/wp-json\/wp\/v2\/product"}],"about":[{"href":"https:\/\/baldumarket.lt\/lt\/wp-json\/wp\/v2\/types\/product"}],"replies":[{"embeddable":true,"href":"https:\/\/baldumarket.lt\/lt\/wp-json\/wp\/v2\/comments?post=266458"}],"wp:attachment":[{"href":"https:\/\/baldumarket.lt\/lt\/wp-json\/wp\/v2\/media?parent=266458"}],"wp:term":[{"taxonomy":"product_brand","embeddable":true,"href":"https:\/\/baldumarket.lt\/lt\/wp-json\/wp\/v2\/product_brand?post=266458"},{"taxonomy":"product_cat","embeddable":true,"href":"https:\/\/baldumarket.lt\/lt\/wp-json\/wp\/v2\/product_cat?post=266458"},{"taxonomy":"product_tag","embeddable":true,"href":"https:\/\/baldumarket.lt\/lt\/wp-json\/wp\/v2\/product_tag?post=266458"}],"curies":[{"name":"wp","href":"https:\/\/api.w.org\/{rel}","templated":true}]}}